{"id":12021,"date":"2022-08-11T18:39:54","date_gmt":"2022-08-11T18:39:54","guid":{"rendered":"https:\/\/vetsandpetstrading.com\/co-nutrisource\/?page_id=12021"},"modified":"2022-08-11T19:04:15","modified_gmt":"2022-08-11T19:04:15","slug":"blog","status":"publish","type":"page","link":"https:\/\/vetsandpetstrading.com\/co-brand\/blog\/","title":{"rendered":"Blog"},"content":{"rendered":"\t\t<div data-elementor-type=\"wp-page\" data-elementor-id=\"12021\" class=\"elementor elementor-12021\" data-elementor-post-type=\"page\">\n\t\t\t\t\t\t<section class=\"elementor-section elementor-top-section elementor-element elementor-element-6b050dc7 elementor-section-boxed elementor-section-height-default elementor-section-height-default\" data-id=\"6b050dc7\" data-element_type=\"section\" data-e-type=\"section\" data-settings=\"{&quot;background_background&quot;:&quot;classic&quot;}\">\n\t\t\t\t\t\t<div class=\"elementor-container elementor-column-gap-default\">\n\t\t\t\t\t<div class=\"elementor-column elementor-col-50 elementor-top-column elementor-element elementor-element-372aa3bd\" data-id=\"372aa3bd\" data-element_type=\"column\" data-e-type=\"column\">\n\t\t\t<div class=\"elementor-widget-wrap\">\n\t\t\t\t\t\t\t<\/div>\n\t\t<\/div>\n\t\t\t\t<div class=\"elementor-column elementor-col-25 elementor-top-column elementor-element elementor-element-2111f0c4\" data-id=\"2111f0c4\" data-element_type=\"column\" data-e-type=\"column\">\n\t\t\t<div class=\"elementor-widget-wrap elementor-element-populated\">\n\t\t\t\t\t\t<div class=\"elementor-element elementor-element-37efec13 elementor-widget elementor-widget-heading\" data-id=\"37efec13\" data-element_type=\"widget\" data-e-type=\"widget\" data-widget_type=\"heading.default\">\n\t\t\t\t<div class=\"elementor-widget-container\">\n\t\t\t\t\t<h2 class=\"elementor-heading-title elementor-size-default\">Cuidados y bienestar para tu mascota<\/h2>\t\t\t\t<\/div>\n\t\t\t\t<\/div>\n\t\t\t\t<div class=\"elementor-element elementor-element-3edf68f2 elementor-widget elementor-widget-text-editor\" data-id=\"3edf68f2\" data-element_type=\"widget\" data-e-type=\"widget\" data-widget_type=\"text-editor.default\">\n\t\t\t\t<div class=\"elementor-widget-container\">\n\t\t\t\t\t\t\t\t\t<p><span style=\"font-weight: 400;\">Al igual que las personas, las mascotas tambi\u00e9n necesitan cuidados espec\u00edficos, por ello <\/span><span style=\"font-weight: 400;\">consi\u00e9ntela y cu\u00eddala con los consejos de expertos. Nos preocupamos por la salud y estado nutricional de tu mejor amigo. <\/span><\/p>\t\t\t\t\t\t\t\t<\/div>\n\t\t\t\t<\/div>\n\t\t\t\t<div class=\"elementor-element elementor-element-165ef17e elementor-widget elementor-widget-text-editor\" data-id=\"165ef17e\" data-element_type=\"widget\" data-e-type=\"widget\" data-widget_type=\"text-editor.default\">\n\t\t\t\t<div class=\"elementor-widget-container\">\n\t\t\t\t\t\t\t\t\t<p><span style=\"font-weight: 400;\">Queremos que tu mascota viva m\u00e1s y mejor, por eso te compartimos algunas recomendaciones para que puedas tenerlas en cuenta.<\/span><\/p>\t\t\t\t\t\t\t\t<\/div>\n\t\t\t\t<\/div>\n\t\t\t\t\t<\/div>\n\t\t<\/div>\n\t\t\t\t<div class=\"elementor-column elementor-col-25 elementor-top-column elementor-element elementor-element-6a5fc5f7\" data-id=\"6a5fc5f7\" data-element_type=\"column\" data-e-type=\"column\">\n\t\t\t<div class=\"elementor-widget-wrap elementor-element-populated\">\n\t\t\t\t\t\t<div class=\"elementor-element elementor-element-2540e223 elementor-widget elementor-widget-image\" data-id=\"2540e223\" data-element_type=\"widget\" data-e-type=\"widget\" data-widget_type=\"image.default\">\n\t\t\t\t<div class=\"elementor-widget-container\">\n\t\t\t\t\t\t\t\t\t\t\t\t\t\t\t<img decoding=\"async\" src=\"https:\/\/vetsandpetstrading.com\/co-brand\/wp-content\/uploads\/sites\/6\/elementor\/thumbs\/titulo-blog-pt4c4uxmjeidw1m9tm7ilijjuut3ttgshdte8uyy9s.png\" title=\"titulo-blog.png\" alt=\"titulo-blog.png\" loading=\"lazy\" \/>\t\t\t\t\t\t\t\t\t\t\t\t\t\t\t<\/div>\n\t\t\t\t<\/div>\n\t\t\t\t\t<\/div>\n\t\t<\/div>\n\t\t\t\t\t<\/div>\n\t\t<\/section>\n\t\t\t\t<section class=\"elementor-section elementor-top-section elementor-element elementor-element-48e25c6d elementor-section-boxed elementor-section-height-default elementor-section-height-default\" data-id=\"48e25c6d\" data-element_type=\"section\" data-e-type=\"section\">\n\t\t\t\t\t\t<div class=\"elementor-container elementor-column-gap-default\">\n\t\t\t\t\t<div class=\"elementor-column elementor-col-100 elementor-top-column elementor-element elementor-element-26f4292b\" data-id=\"26f4292b\" data-element_type=\"column\" data-e-type=\"column\">\n\t\t\t<div class=\"elementor-widget-wrap elementor-element-populated\">\n\t\t\t\t\t\t<div class=\"elementor-element elementor-element-527498d2 elementor-grid-3 elementor-grid-tablet-2 elementor-grid-mobile-1 elementor-posts--thumbnail-top elementor-card-shadow-yes elementor-posts__hover-gradient elementor-widget elementor-widget-posts\" data-id=\"527498d2\" data-element_type=\"widget\" data-e-type=\"widget\" data-settings=\"{&quot;cards_row_gap&quot;:{&quot;unit&quot;:&quot;px&quot;,&quot;size&quot;:&quot;&quot;,&quot;sizes&quot;:[]},&quot;pagination_type&quot;:&quot;numbers&quot;,&quot;cards_columns&quot;:&quot;3&quot;,&quot;cards_columns_tablet&quot;:&quot;2&quot;,&quot;cards_columns_mobile&quot;:&quot;1&quot;,&quot;cards_row_gap_tablet&quot;:{&quot;unit&quot;:&quot;px&quot;,&quot;size&quot;:&quot;&quot;,&quot;sizes&quot;:[]},&quot;cards_row_gap_mobile&quot;:{&quot;unit&quot;:&quot;px&quot;,&quot;size&quot;:&quot;&quot;,&quot;sizes&quot;:[]}}\" data-widget_type=\"posts.cards\">\n\t\t\t\t<div class=\"elementor-widget-container\">\n\t\t\t\t\t\t\t<div class=\"elementor-posts-container elementor-posts elementor-posts--skin-cards elementor-grid\" role=\"list\">\n\t\t\t\t<article class=\"elementor-post elementor-grid-item post-16198 post type-post status-publish format-standard has-post-thumbnail hentry category-nutrisource\" role=\"listitem\">\n\t\t\t<div class=\"elementor-post__card\">\n\t\t\t\t<a class=\"elementor-post__thumbnail__link\" href=\"https:\/\/vetsandpetstrading.com\/co-brand\/nutrisource-senior-pets\/\" tabindex=\"-1\" ><div class=\"elementor-post__thumbnail\"><img decoding=\"async\" width=\"300\" height=\"86\" src=\"https:\/\/vetsandpetstrading.com\/co-brand\/wp-content\/uploads\/sites\/6\/2022\/12\/Senior-997-x-285-300x86.png\" class=\"attachment-medium size-medium wp-image-16214\" alt=\"\" srcset=\"https:\/\/vetsandpetstrading.com\/co-brand\/wp-content\/uploads\/sites\/6\/2022\/12\/Senior-997-x-285-300x86.png 300w, https:\/\/vetsandpetstrading.com\/co-brand\/wp-content\/uploads\/sites\/6\/2022\/12\/Senior-997-x-285-768x220.png 768w, https:\/\/vetsandpetstrading.com\/co-brand\/wp-content\/uploads\/sites\/6\/2022\/12\/Senior-997-x-285.png 997w\" sizes=\"(max-width: 300px) 100vw, 300px\" \/><\/div><\/a>\n\t\t\t\t<div class=\"elementor-post__badge\">NutriSource<\/div>\n\t\t\t\t<div class=\"elementor-post__text\">\n\t\t\t\t<h3 class=\"elementor-post__title\">\n\t\t\t<a href=\"https:\/\/vetsandpetstrading.com\/co-brand\/nutrisource-senior-pets\/\" >\n\t\t\t\tNutriSource Senior Pets\t\t\t<\/a>\n\t\t<\/h3>\n\t\t\t\t<div class=\"elementor-post__excerpt\">\n\t\t\t<p>La nutrici\u00f3n de mascotas mayores es un enfoque creciente ya que las mascotas en el Reino Unido viven m\u00e1s tiempo y reconocemos el papel<\/p>\n\t\t<\/div>\n\t\t\n\t\t<a class=\"elementor-post__read-more\" href=\"https:\/\/vetsandpetstrading.com\/co-brand\/nutrisource-senior-pets\/\" aria-label=\"Read more about NutriSource Senior Pets\" tabindex=\"-1\" >\n\t\t\tLeer m\u00e1s\t\t<\/a>\n\n\t\t\t\t<\/div>\n\t\t\t\t<div class=\"elementor-post__meta-data\">\n\t\t\t\t\t<span class=\"elementor-post-author\">\n\t\t\tadmin\t\t<\/span>\n\t\t\t\t<span class=\"elementor-post-date\">\n\t\t\t30 de diciembre de 2022\t\t<\/span>\n\t\t\t\t<\/div>\n\t\t\t\t\t<\/div>\n\t\t<\/article>\n\t\t\t\t<article class=\"elementor-post elementor-grid-item post-15553 post type-post status-publish format-standard has-post-thumbnail hentry category-idexx\" role=\"listitem\">\n\t\t\t<div class=\"elementor-post__card\">\n\t\t\t\t<a class=\"elementor-post__thumbnail__link\" href=\"https:\/\/vetsandpetstrading.com\/co-brand\/deteccion-de-enfermedades-transmitidas-por-vectores\/\" tabindex=\"-1\" ><div class=\"elementor-post__thumbnail\"><img decoding=\"async\" width=\"300\" height=\"133\" src=\"https:\/\/vetsandpetstrading.com\/co-brand\/wp-content\/uploads\/sites\/6\/2022\/09\/Garrapatas-642-x-285_-300x133.png\" class=\"attachment-medium size-medium wp-image-15578\" alt=\"garrapatas\" srcset=\"https:\/\/vetsandpetstrading.com\/co-brand\/wp-content\/uploads\/sites\/6\/2022\/09\/Garrapatas-642-x-285_-300x133.png 300w, https:\/\/vetsandpetstrading.com\/co-brand\/wp-content\/uploads\/sites\/6\/2022\/09\/Garrapatas-642-x-285_.png 642w\" sizes=\"(max-width: 300px) 100vw, 300px\" \/><\/div><\/a>\n\t\t\t\t<div class=\"elementor-post__badge\">Idexx<\/div>\n\t\t\t\t<div class=\"elementor-post__text\">\n\t\t\t\t<h3 class=\"elementor-post__title\">\n\t\t\t<a href=\"https:\/\/vetsandpetstrading.com\/co-brand\/deteccion-de-enfermedades-transmitidas-por-vectores\/\" >\n\t\t\t\tDetecci\u00f3n de enfermedades transmitidas por vectores\t\t\t<\/a>\n\t\t<\/h3>\n\t\t\t\t<div class=\"elementor-post__excerpt\">\n\t\t\t<p>Las directrices del CAPC (Companion Animal Parasite Council) recomiendan una evaluaci\u00f3n exhaustiva anual de los pat\u00f3genos transmitidos por garrapatas y mosquitos. 1 Incluir la<\/p>\n\t\t<\/div>\n\t\t\n\t\t<a class=\"elementor-post__read-more\" href=\"https:\/\/vetsandpetstrading.com\/co-brand\/deteccion-de-enfermedades-transmitidas-por-vectores\/\" aria-label=\"Read more about Detecci\u00f3n de enfermedades transmitidas por vectores\" tabindex=\"-1\" >\n\t\t\tLeer m\u00e1s\t\t<\/a>\n\n\t\t\t\t<\/div>\n\t\t\t\t<div class=\"elementor-post__meta-data\">\n\t\t\t\t\t<span class=\"elementor-post-author\">\n\t\t\tadmin\t\t<\/span>\n\t\t\t\t<span class=\"elementor-post-date\">\n\t\t\t2 de septiembre de 2022\t\t<\/span>\n\t\t\t\t<\/div>\n\t\t\t\t\t<\/div>\n\t\t<\/article>\n\t\t\t\t<article class=\"elementor-post elementor-grid-item post-15394 post type-post status-publish format-standard has-post-thumbnail hentry category-nutrisource\" role=\"listitem\">\n\t\t\t<div class=\"elementor-post__card\">\n\t\t\t\t<a class=\"elementor-post__thumbnail__link\" href=\"https:\/\/vetsandpetstrading.com\/co-brand\/metabolismo-comparativo-del-selenio-en-perros-y-gatos\/\" tabindex=\"-1\" ><div class=\"elementor-post__thumbnail\"><img decoding=\"async\" width=\"300\" height=\"133\" src=\"https:\/\/vetsandpetstrading.com\/co-brand\/wp-content\/uploads\/sites\/6\/2022\/09\/Selenio-642-x-285-300x133.png\" class=\"attachment-medium size-medium wp-image-15395\" alt=\"metabolismo\" srcset=\"https:\/\/vetsandpetstrading.com\/co-brand\/wp-content\/uploads\/sites\/6\/2022\/09\/Selenio-642-x-285-300x133.png 300w, https:\/\/vetsandpetstrading.com\/co-brand\/wp-content\/uploads\/sites\/6\/2022\/09\/Selenio-642-x-285.png 642w\" sizes=\"(max-width: 300px) 100vw, 300px\" \/><\/div><\/a>\n\t\t\t\t<div class=\"elementor-post__badge\">NutriSource<\/div>\n\t\t\t\t<div class=\"elementor-post__text\">\n\t\t\t\t<h3 class=\"elementor-post__title\">\n\t\t\t<a href=\"https:\/\/vetsandpetstrading.com\/co-brand\/metabolismo-comparativo-del-selenio-en-perros-y-gatos\/\" >\n\t\t\t\tMetabolismo comparativo del selenio en perros y gatos\t\t\t<\/a>\n\t\t<\/h3>\n\t\t\t\t<div class=\"elementor-post__excerpt\">\n\t\t\t<p>Se ha reportado que el selenio es un nutrienteesencial tanto para los gatos como para losperros (National Research Council, 1985; 1986),aunque no se han<\/p>\n\t\t<\/div>\n\t\t\n\t\t<a class=\"elementor-post__read-more\" href=\"https:\/\/vetsandpetstrading.com\/co-brand\/metabolismo-comparativo-del-selenio-en-perros-y-gatos\/\" aria-label=\"Read more about Metabolismo comparativo del selenio en perros y gatos\" tabindex=\"-1\" >\n\t\t\tLeer m\u00e1s\t\t<\/a>\n\n\t\t\t\t<\/div>\n\t\t\t\t<div class=\"elementor-post__meta-data\">\n\t\t\t\t\t<span class=\"elementor-post-author\">\n\t\t\tadmin\t\t<\/span>\n\t\t\t\t<span class=\"elementor-post-date\">\n\t\t\t1 de septiembre de 2022\t\t<\/span>\n\t\t\t\t<\/div>\n\t\t\t\t\t<\/div>\n\t\t<\/article>\n\t\t\t\t<article class=\"elementor-post elementor-grid-item post-15326 post type-post status-publish format-standard has-post-thumbnail hentry category-nutrisource\" role=\"listitem\">\n\t\t\t<div class=\"elementor-post__card\">\n\t\t\t\t<a class=\"elementor-post__thumbnail__link\" href=\"https:\/\/vetsandpetstrading.com\/co-brand\/valor-nutricional-de-nupro-para-perros-2\/\" tabindex=\"-1\" ><div class=\"elementor-post__thumbnail\"><img loading=\"lazy\" decoding=\"async\" width=\"300\" height=\"133\" src=\"https:\/\/vetsandpetstrading.com\/co-brand\/wp-content\/uploads\/sites\/6\/2022\/08\/Nupro-642-x-285-300x133.png\" class=\"attachment-medium size-medium wp-image-15373\" alt=\"nu pro\" srcset=\"https:\/\/vetsandpetstrading.com\/co-brand\/wp-content\/uploads\/sites\/6\/2022\/08\/Nupro-642-x-285-300x133.png 300w, https:\/\/vetsandpetstrading.com\/co-brand\/wp-content\/uploads\/sites\/6\/2022\/08\/Nupro-642-x-285.png 642w\" sizes=\"(max-width: 300px) 100vw, 300px\" \/><\/div><\/a>\n\t\t\t\t<div class=\"elementor-post__badge\">NutriSource<\/div>\n\t\t\t\t<div class=\"elementor-post__text\">\n\t\t\t\t<h3 class=\"elementor-post__title\">\n\t\t\t<a href=\"https:\/\/vetsandpetstrading.com\/co-brand\/valor-nutricional-de-nupro-para-perros-2\/\" >\n\t\t\t\tValor nutricional de NuPro\u00ae para perros\t\t\t<\/a>\n\t\t<\/h3>\n\t\t\t\t<div class=\"elementor-post__excerpt\">\n\t\t\t<p>NuPro\u00ae 2000 (Alltech Inc.), un extracto de una cepa espec\u00edfica de Saccharomyces cerevisae, es una fuente de prote\u00ednas con alto contenido en prote\u00edna bruta<\/p>\n\t\t<\/div>\n\t\t\n\t\t<a class=\"elementor-post__read-more\" href=\"https:\/\/vetsandpetstrading.com\/co-brand\/valor-nutricional-de-nupro-para-perros-2\/\" aria-label=\"Read more about Valor nutricional de NuPro\u00ae para perros\" tabindex=\"-1\" >\n\t\t\tLeer m\u00e1s\t\t<\/a>\n\n\t\t\t\t<\/div>\n\t\t\t\t<div class=\"elementor-post__meta-data\">\n\t\t\t\t\t<span class=\"elementor-post-author\">\n\t\t\tadmin\t\t<\/span>\n\t\t\t\t<span class=\"elementor-post-date\">\n\t\t\t31 de agosto de 2022\t\t<\/span>\n\t\t\t\t<\/div>\n\t\t\t\t\t<\/div>\n\t\t<\/article>\n\t\t\t\t<article class=\"elementor-post elementor-grid-item post-15280 post type-post status-publish format-standard has-post-thumbnail hentry category-nutrisource\" role=\"listitem\">\n\t\t\t<div class=\"elementor-post__card\">\n\t\t\t\t<a class=\"elementor-post__thumbnail__link\" href=\"https:\/\/vetsandpetstrading.com\/co-brand\/efectos-de-bio-mos-y-de-odorase-2\/\" tabindex=\"-1\" ><div class=\"elementor-post__thumbnail\"><img loading=\"lazy\" decoding=\"async\" width=\"300\" height=\"133\" src=\"https:\/\/vetsandpetstrading.com\/co-brand\/wp-content\/uploads\/sites\/6\/2022\/08\/Bio-Mos-642-x-285-300x133.png\" class=\"attachment-medium size-medium wp-image-15372\" alt=\"bio mos\" srcset=\"https:\/\/vetsandpetstrading.com\/co-brand\/wp-content\/uploads\/sites\/6\/2022\/08\/Bio-Mos-642-x-285-300x133.png 300w, https:\/\/vetsandpetstrading.com\/co-brand\/wp-content\/uploads\/sites\/6\/2022\/08\/Bio-Mos-642-x-285.png 642w\" sizes=\"(max-width: 300px) 100vw, 300px\" \/><\/div><\/a>\n\t\t\t\t<div class=\"elementor-post__badge\">NutriSource<\/div>\n\t\t\t\t<div class=\"elementor-post__text\">\n\t\t\t\t<h3 class=\"elementor-post__title\">\n\t\t\t<a href=\"https:\/\/vetsandpetstrading.com\/co-brand\/efectos-de-bio-mos-y-de-odorase-2\/\" >\n\t\t\t\tEfectos de Bio-Mos\u00ae y De-Odorase\u2122\t\t\t<\/a>\n\t\t<\/h3>\n\t\t\t\t<div class=\"elementor-post__excerpt\">\n\t\t\t<p>Determinar el efecto de la suplementaci\u00f3n con Bio-Mos\u00ae (Alltech Inc.) y De-Odorase\u2122 (Alltech Inc.) en perros adultos sanos sobre sus caracter\u00edsticas fecales, incluyendo la<\/p>\n\t\t<\/div>\n\t\t\n\t\t<a class=\"elementor-post__read-more\" href=\"https:\/\/vetsandpetstrading.com\/co-brand\/efectos-de-bio-mos-y-de-odorase-2\/\" aria-label=\"Read more about Efectos de Bio-Mos\u00ae y De-Odorase\u2122\" tabindex=\"-1\" >\n\t\t\tLeer m\u00e1s\t\t<\/a>\n\n\t\t\t\t<\/div>\n\t\t\t\t<div class=\"elementor-post__meta-data\">\n\t\t\t\t\t<span class=\"elementor-post-author\">\n\t\t\tadmin\t\t<\/span>\n\t\t\t\t<span class=\"elementor-post-date\">\n\t\t\t31 de agosto de 2022\t\t<\/span>\n\t\t\t\t<\/div>\n\t\t\t\t\t<\/div>\n\t\t<\/article>\n\t\t\t\t<article class=\"elementor-post elementor-grid-item post-3299 post type-post status-publish format-standard has-post-thumbnail hentry category-idexx\" role=\"listitem\">\n\t\t\t<div class=\"elementor-post__card\">\n\t\t\t\t<a class=\"elementor-post__thumbnail__link\" href=\"https:\/\/vetsandpetstrading.com\/co-brand\/la-sdma-de-idexx-en-catalyst-one-mide-la-concentracion-de-sdma-en-perros-y-gatos\/\" tabindex=\"-1\" ><div class=\"elementor-post__thumbnail\"><img loading=\"lazy\" decoding=\"async\" width=\"300\" height=\"133\" src=\"https:\/\/vetsandpetstrading.com\/co-brand\/wp-content\/uploads\/sites\/6\/2022\/03\/cabezote-sdma-300x133.jpg\" class=\"attachment-medium size-medium wp-image-3656\" alt=\"\" srcset=\"https:\/\/vetsandpetstrading.com\/co-brand\/wp-content\/uploads\/sites\/6\/2022\/03\/cabezote-sdma-300x133.jpg 300w, https:\/\/vetsandpetstrading.com\/co-brand\/wp-content\/uploads\/sites\/6\/2022\/03\/cabezote-sdma.jpg 642w\" sizes=\"(max-width: 300px) 100vw, 300px\" \/><\/div><\/a>\n\t\t\t\t<div class=\"elementor-post__badge\">Idexx<\/div>\n\t\t\t\t<div class=\"elementor-post__text\">\n\t\t\t\t<h3 class=\"elementor-post__title\">\n\t\t\t<a href=\"https:\/\/vetsandpetstrading.com\/co-brand\/la-sdma-de-idexx-en-catalyst-one-mide-la-concentracion-de-sdma-en-perros-y-gatos\/\" >\n\t\t\t\tLa SDMA de IDEXX en Catalyst One mide la concentraci\u00f3n de SDMA en perros y gatos\t\t\t<\/a>\n\t\t<\/h3>\n\t\t\t\t<div class=\"elementor-post__excerpt\">\n\t\t\t<p>Por Graham Bilbrough, Barbara Evert, Karen Hathaway, Gina Panagakos, Jane Robertson y Maha Yerramilli INSTRODUCCI\u00d3N La SDMA es una forma metilada de la arginina,<\/p>\n\t\t<\/div>\n\t\t\n\t\t<a class=\"elementor-post__read-more\" href=\"https:\/\/vetsandpetstrading.com\/co-brand\/la-sdma-de-idexx-en-catalyst-one-mide-la-concentracion-de-sdma-en-perros-y-gatos\/\" aria-label=\"Read more about La SDMA de IDEXX en Catalyst One mide la concentraci\u00f3n de SDMA en perros y gatos\" tabindex=\"-1\" >\n\t\t\tLeer m\u00e1s\t\t<\/a>\n\n\t\t\t\t<\/div>\n\t\t\t\t<div class=\"elementor-post__meta-data\">\n\t\t\t\t\t<span class=\"elementor-post-author\">\n\t\t\tadmin\t\t<\/span>\n\t\t\t\t<span class=\"elementor-post-date\">\n\t\t\t16 de marzo de 2022\t\t<\/span>\n\t\t\t\t<\/div>\n\t\t\t\t\t<\/div>\n\t\t<\/article>\n\t\t\t\t<\/div>\n\t\t\n\t\t\t\t<div class=\"e-load-more-anchor\" data-page=\"1\" data-max-page=\"2\" data-next-page=\"https:\/\/vetsandpetstrading.com\/co-brand\/wp-json\/wp\/v2\/pages\/12021\/page\/2\/\"><\/div>\n\t\t\t\t<nav class=\"elementor-pagination\" aria-label=\"Pagination\">\n\t\t\t<span aria-current=\"page\" class=\"page-numbers current\"><span class=\"elementor-screen-only\">Page<\/span>1<\/span>\n<a class=\"page-numbers\" href=\"https:\/\/vetsandpetstrading.com\/co-brand\/wp-json\/wp\/v2\/pages\/12021\/page\/2\/\"><span class=\"elementor-screen-only\">Page<\/span>2<\/a>\t\t<\/nav>\n\t\t\t\t\t\t<\/div>\n\t\t\t\t<\/div>\n\t\t\t\t<div class=\"elementor-element elementor-element-343ac1c3 elementor-widget elementor-widget-spacer\" data-id=\"343ac1c3\" data-element_type=\"widget\" data-e-type=\"widget\" data-widget_type=\"spacer.default\">\n\t\t\t\t<div class=\"elementor-widget-container\">\n\t\t\t\t\t\t\t<div class=\"elementor-spacer\">\n\t\t\t<div class=\"elementor-spacer-inner\"><\/div>\n\t\t<\/div>\n\t\t\t\t\t\t<\/div>\n\t\t\t\t<\/div>\n\t\t\t\t\t<\/div>\n\t\t<\/div>\n\t\t\t\t\t<\/div>\n\t\t<\/section>\n\t\t\t\t<\/div>\n\t\t","protected":false},"excerpt":{"rendered":"<p>Cuidados y bienestar para tu mascota Al igual que las personas, las mascotas tambi\u00e9n necesitan cuidados espec\u00edficos, por ello consi\u00e9ntela y cu\u00eddala con los consejos de expertos. Nos preocupamos por la salud y estado nutricional de tu mejor amigo. Queremos que tu mascota viva m\u00e1s y mejor, por eso te compartimos algunas recomendaciones para que [&hellip;]<\/p>\n","protected":false},"author":1,"featured_media":0,"parent":0,"menu_order":0,"comment_status":"closed","ping_status":"closed","template":"","meta":{"site-sidebar-layout":"no-sidebar","site-content-layout":"page-builder","ast-site-content-layout":"default","site-content-style":"default","site-sidebar-style":"default","ast-global-header-display":"","ast-banner-title-visibility":"","ast-main-header-display":"","ast-hfb-above-header-display":"","ast-hfb-below-header-display":"","ast-hfb-mobile-header-display":"","site-post-title":"disabled","ast-breadcrumbs-content":"","ast-featured-img":"disabled","footer-sml-layout":"","ast-disable-related-posts":"","theme-transparent-header-meta":"","adv-header-id-meta":"","stick-header-meta":"","header-above-stick-meta":"","header-main-stick-meta":"","header-below-stick-meta":"","astra-migrate-meta-layouts":"default","ast-page-background-enabled":"default","ast-page-background-meta":{"desktop":{"background-color":"","background-image":"","background-repeat":"repeat","background-position":"center center","background-size":"auto","background-attachment":"scroll","background-type":"","background-media":"","overlay-type":"","overlay-color":"","overlay-opacity":"","overlay-gradient":""},"tablet":{"background-color":"","background-image":"","background-repeat":"repeat","background-position":"center center","background-size":"auto","background-attachment":"scroll","background-type":"","background-media":"","overlay-type":"","overlay-color":"","overlay-opacity":"","overlay-gradient":""},"mobile":{"background-color":"","background-image":"","background-repeat":"repeat","background-position":"center center","background-size":"auto","background-attachment":"scroll","background-type":"","background-media":"","overlay-type":"","overlay-color":"","overlay-opacity":"","overlay-gradient":""}},"ast-content-background-meta":{"desktop":{"background-color":"var(--ast-global-color-5)","background-image":"","background-repeat":"repeat","background-position":"center center","background-size":"auto","background-attachment":"scroll","background-type":"","background-media":"","overlay-type":"","overlay-color":"","overlay-opacity":"","overlay-gradient":""},"tablet":{"background-color":"var(--ast-global-color-5)","background-image":"","background-repeat":"repeat","background-position":"center center","background-size":"auto","background-attachment":"scroll","background-type":"","background-media":"","overlay-type":"","overlay-color":"","overlay-opacity":"","overlay-gradient":""},"mobile":{"background-color":"var(--ast-global-color-5)","background-image":"","background-repeat":"repeat","background-position":"center center","background-size":"auto","background-attachment":"scroll","background-type":"","background-media":"","overlay-type":"","overlay-color":"","overlay-opacity":"","overlay-gradient":""}},"_joinchat":[],"footnotes":""},"class_list":["post-12021","page","type-page","status-publish","hentry"],"_links":{"self":[{"href":"https:\/\/vetsandpetstrading.com\/co-brand\/wp-json\/wp\/v2\/pages\/12021","targetHints":{"allow":["GET"]}}],"collection":[{"href":"https:\/\/vetsandpetstrading.com\/co-brand\/wp-json\/wp\/v2\/pages"}],"about":[{"href":"https:\/\/vetsandpetstrading.com\/co-brand\/wp-json\/wp\/v2\/types\/page"}],"author":[{"embeddable":true,"href":"https:\/\/vetsandpetstrading.com\/co-brand\/wp-json\/wp\/v2\/users\/1"}],"replies":[{"embeddable":true,"href":"https:\/\/vetsandpetstrading.com\/co-brand\/wp-json\/wp\/v2\/comments?post=12021"}],"version-history":[{"count":7,"href":"https:\/\/vetsandpetstrading.com\/co-brand\/wp-json\/wp\/v2\/pages\/12021\/revisions"}],"predecessor-version":[{"id":12049,"href":"https:\/\/vetsandpetstrading.com\/co-brand\/wp-json\/wp\/v2\/pages\/12021\/revisions\/12049"}],"wp:attachment":[{"href":"https:\/\/vetsandpetstrading.com\/co-brand\/wp-json\/wp\/v2\/media?parent=12021"}],"curies":[{"name":"wp","href":"https:\/\/api.w.org\/{rel}","templated":true}]}}