{"id":131,"date":"2024-07-08T18:15:00","date_gmt":"2024-07-08T16:15:00","guid":{"rendered":"https:\/\/vetsandpetstrading.com\/co\/?page_id=131"},"modified":"2025-05-30T21:03:14","modified_gmt":"2025-05-30T19:03:14","slug":"richmond","status":"publish","type":"page","link":"https:\/\/vetsandpetstrading.com\/co\/richmond\/","title":{"rendered":"Richmond"},"content":{"rendered":"\t\t<div data-elementor-type=\"wp-page\" data-elementor-id=\"131\" class=\"elementor elementor-131\" data-elementor-post-type=\"page\">\n\t\t\t\t<div class=\"elementor-element elementor-element-fc3f53b e-con-full e-flex e-con e-parent\" data-id=\"fc3f53b\" data-element_type=\"container\" data-e-type=\"container\">\n\t\t\t\t<div class=\"elementor-element elementor-element-e10f46a elementor--v-position-middle elementor-arrows-position-inside elementor-pagination-position-inside elementor-widget elementor-widget-slides\" data-id=\"e10f46a\" data-element_type=\"widget\" data-e-type=\"widget\" data-settings=\"{&quot;navigation&quot;:&quot;both&quot;,&quot;autoplay&quot;:&quot;yes&quot;,&quot;pause_on_hover&quot;:&quot;yes&quot;,&quot;pause_on_interaction&quot;:&quot;yes&quot;,&quot;autoplay_speed&quot;:5000,&quot;infinite&quot;:&quot;yes&quot;,&quot;transition&quot;:&quot;slide&quot;,&quot;transition_speed&quot;:500}\" data-widget_type=\"slides.default\">\n\t\t\t\t<div class=\"elementor-widget-container\">\n\t\t\t\t\t\t\t\t\t<div class=\"elementor-swiper\">\n\t\t\t\t\t<div class=\"elementor-slides-wrapper elementor-main-swiper swiper\" role=\"region\" aria-roledescription=\"carousel\" aria-label=\"Slides\" dir=\"ltr\" data-animation=\"fadeInUp\">\n\t\t\t\t<div class=\"swiper-wrapper elementor-slides\">\n\t\t\t\t\t\t\t\t\t\t<div class=\"elementor-repeater-item-d6d048f swiper-slide\" role=\"group\" aria-roledescription=\"slide\"><div class=\"swiper-slide-bg elementor-ken-burns elementor-ken-burns--out\" role=\"img\"><\/div><div class=\"elementor-background-overlay\"><\/div><div class=\"swiper-slide-inner\" ><div class=\"swiper-slide-contents\"><div class=\"elementor-slide-heading\">LA M\u00c1S ALTA CALIDAD TOTAL,<br> DESARROLLO Y SERVICIO.<\/div><div class=\"elementor-slide-description\">Un nuevo concepto en terap\u00e9utica y desarrollo de medicamentos y <br>equipamiento para uso veterinario.<\/div><\/div><\/div><\/div>\t\t\t\t<\/div>\n\t\t\t\t\t\t\t<\/div>\n\t\t\t\t<\/div>\n\t\t\t\t\t\t\t\t<\/div>\n\t\t\t\t<\/div>\n\t\t\t\t<\/div>\n\t\t<div class=\"elementor-element elementor-element-6b9f02b e-flex e-con-boxed e-con e-parent\" data-id=\"6b9f02b\" data-element_type=\"container\" data-e-type=\"container\">\n\t\t\t\t\t<div class=\"e-con-inner\">\n\t\t<div class=\"elementor-element elementor-element-1289867 e-con-full e-flex e-con e-child\" data-id=\"1289867\" data-element_type=\"container\" data-e-type=\"container\">\n\t\t<div class=\"elementor-element elementor-element-2d0e3bb e-con-full e-flex e-con e-child\" data-id=\"2d0e3bb\" data-element_type=\"container\" data-e-type=\"container\">\n\t\t\t\t<div class=\"elementor-element elementor-element-0eceb3f elementor-widget elementor-widget-heading\" data-id=\"0eceb3f\" data-element_type=\"widget\" data-e-type=\"widget\" data-widget_type=\"heading.default\">\n\t\t\t\t<div class=\"elementor-widget-container\">\n\t\t\t\t\t<h2 class=\"elementor-heading-title elementor-size-default\">Nuestros productos<\/h2>\t\t\t\t<\/div>\n\t\t\t\t<\/div>\n\t\t\t\t<div class=\"elementor-element elementor-element-83dd06d elementor-widget elementor-widget-text-editor\" data-id=\"83dd06d\" data-element_type=\"widget\" data-e-type=\"widget\" data-widget_type=\"text-editor.default\">\n\t\t\t\t<div class=\"elementor-widget-container\">\n\t\t\t\t\t\t\t\t\tNuestra fortaleza se concentra en la elaboraci\u00f3n y desarrollo de medicamentos diferenciales y nuevas soluciones terap\u00e9uticas en patolog\u00edas espec\u00edficas para Bovinos de Carne, Bovinos de Leche, Porcinos, Ovinos, Equinos, Peque\u00f1os animales y especies ex\u00f3ticas.\t\t\t\t\t\t\t\t<\/div>\n\t\t\t\t<\/div>\n\t\t\t\t<\/div>\n\t\t\t\t<\/div>\n\t\t<div class=\"elementor-element elementor-element-9e30884 e-con-full e-flex e-con e-child\" data-id=\"9e30884\" data-element_type=\"container\" data-e-type=\"container\">\n\t\t<div class=\"elementor-element elementor-element-03af274 e-con-full e-flex e-con e-child\" data-id=\"03af274\" data-element_type=\"container\" data-e-type=\"container\">\n\t\t\t\t<div class=\"elementor-element elementor-element-6749940 elementor-widget elementor-widget-image\" data-id=\"6749940\" data-element_type=\"widget\" data-e-type=\"widget\" data-widget_type=\"image.default\">\n\t\t\t\t<div class=\"elementor-widget-container\">\n\t\t\t\t\t\t\t\t\t\t\t\t\t\t\t<img fetchpriority=\"high\" decoding=\"async\" width=\"1200\" height=\"1200\" src=\"https:\/\/vetsandpetstrading.com\/co\/wp-content\/uploads\/sites\/11\/2024\/07\/Yohimbina0.webp\" class=\"attachment-full size-full wp-image-162\" alt=\"\" srcset=\"https:\/\/vetsandpetstrading.com\/co\/wp-content\/uploads\/sites\/11\/2024\/07\/Yohimbina0.webp 1200w, https:\/\/vetsandpetstrading.com\/co\/wp-content\/uploads\/sites\/11\/2024\/07\/Yohimbina0-300x300.webp 300w, https:\/\/vetsandpetstrading.com\/co\/wp-content\/uploads\/sites\/11\/2024\/07\/Yohimbina0-1024x1024.webp 1024w, https:\/\/vetsandpetstrading.com\/co\/wp-content\/uploads\/sites\/11\/2024\/07\/Yohimbina0-150x150.webp 150w, https:\/\/vetsandpetstrading.com\/co\/wp-content\/uploads\/sites\/11\/2024\/07\/Yohimbina0-768x768.webp 768w\" sizes=\"(max-width: 1200px) 100vw, 1200px\" \/>\t\t\t\t\t\t\t\t\t\t\t\t\t\t\t<\/div>\n\t\t\t\t<\/div>\n\t\t\t\t<div class=\"elementor-element elementor-element-d7090c9 elementor-widget elementor-widget-heading\" data-id=\"d7090c9\" data-element_type=\"widget\" data-e-type=\"widget\" data-widget_type=\"heading.default\">\n\t\t\t\t<div class=\"elementor-widget-container\">\n\t\t\t\t\t<h2 class=\"elementor-heading-title elementor-size-default\">Yohimbina<\/h2>\t\t\t\t<\/div>\n\t\t\t\t<\/div>\n\t\t\t\t<div class=\"elementor-element elementor-element-4e4ccd6 elementor-widget elementor-widget-button\" data-id=\"4e4ccd6\" data-element_type=\"widget\" data-e-type=\"widget\" data-settings=\"{&quot;_animation&quot;:&quot;none&quot;}\" data-widget_type=\"button.default\">\n\t\t\t\t<div class=\"elementor-widget-container\">\n\t\t\t\t\t\t\t\t\t<div class=\"elementor-button-wrapper\">\n\t\t\t\t\t<a class=\"elementor-button elementor-button-link elementor-size-sm elementor-animation-grow\" href=\"\/co\/yohimbina\/\">\n\t\t\t\t\t\t<span class=\"elementor-button-content-wrapper\">\n\t\t\t\t\t\t\t\t\t<span class=\"elementor-button-text\">Ver mas<\/span>\n\t\t\t\t\t<\/span>\n\t\t\t\t\t<\/a>\n\t\t\t\t<\/div>\n\t\t\t\t\t\t\t\t<\/div>\n\t\t\t\t<\/div>\n\t\t\t\t<\/div>\n\t\t<div class=\"elementor-element elementor-element-179d6ef e-con-full e-flex e-con e-child\" data-id=\"179d6ef\" data-element_type=\"container\" data-e-type=\"container\">\n\t\t\t\t<div class=\"elementor-element elementor-element-400141c elementor-widget elementor-widget-image\" data-id=\"400141c\" data-element_type=\"widget\" data-e-type=\"widget\" data-widget_type=\"image.default\">\n\t\t\t\t<div class=\"elementor-widget-container\">\n\t\t\t\t\t\t\t\t\t\t\t\t\t\t\t<img decoding=\"async\" width=\"1200\" height=\"1200\" src=\"https:\/\/vetsandpetstrading.com\/co\/wp-content\/uploads\/sites\/11\/2024\/07\/Xilecina-20-final.webp\" class=\"attachment-full size-full wp-image-238\" alt=\"\" srcset=\"https:\/\/vetsandpetstrading.com\/co\/wp-content\/uploads\/sites\/11\/2024\/07\/Xilecina-20-final.webp 1200w, https:\/\/vetsandpetstrading.com\/co\/wp-content\/uploads\/sites\/11\/2024\/07\/Xilecina-20-final-300x300.webp 300w, https:\/\/vetsandpetstrading.com\/co\/wp-content\/uploads\/sites\/11\/2024\/07\/Xilecina-20-final-1024x1024.webp 1024w, https:\/\/vetsandpetstrading.com\/co\/wp-content\/uploads\/sites\/11\/2024\/07\/Xilecina-20-final-150x150.webp 150w, https:\/\/vetsandpetstrading.com\/co\/wp-content\/uploads\/sites\/11\/2024\/07\/Xilecina-20-final-768x768.webp 768w\" sizes=\"(max-width: 1200px) 100vw, 1200px\" \/>\t\t\t\t\t\t\t\t\t\t\t\t\t\t\t<\/div>\n\t\t\t\t<\/div>\n\t\t\t\t<div class=\"elementor-element elementor-element-2c7d40f elementor-widget elementor-widget-heading\" data-id=\"2c7d40f\" data-element_type=\"widget\" data-e-type=\"widget\" data-widget_type=\"heading.default\">\n\t\t\t\t<div class=\"elementor-widget-container\">\n\t\t\t\t\t<h2 class=\"elementor-heading-title elementor-size-default\">Xilacina 20<\/h2>\t\t\t\t<\/div>\n\t\t\t\t<\/div>\n\t\t\t\t<div class=\"elementor-element elementor-element-305406b elementor-widget elementor-widget-button\" data-id=\"305406b\" data-element_type=\"widget\" data-e-type=\"widget\" data-widget_type=\"button.default\">\n\t\t\t\t<div class=\"elementor-widget-container\">\n\t\t\t\t\t\t\t\t\t<div class=\"elementor-button-wrapper\">\n\t\t\t\t\t<a class=\"elementor-button elementor-button-link elementor-size-sm elementor-animation-grow\" href=\"\/co\/xilacina-20\/\">\n\t\t\t\t\t\t<span class=\"elementor-button-content-wrapper\">\n\t\t\t\t\t\t\t\t\t<span class=\"elementor-button-text\">Ver mas<\/span>\n\t\t\t\t\t<\/span>\n\t\t\t\t\t<\/a>\n\t\t\t\t<\/div>\n\t\t\t\t\t\t\t\t<\/div>\n\t\t\t\t<\/div>\n\t\t\t\t<\/div>\n\t\t<div class=\"elementor-element elementor-element-cfaaeb2 e-con-full e-flex e-con e-child\" data-id=\"cfaaeb2\" data-element_type=\"container\" data-e-type=\"container\">\n\t\t\t\t<div class=\"elementor-element elementor-element-782861b elementor-widget elementor-widget-image\" data-id=\"782861b\" data-element_type=\"widget\" data-e-type=\"widget\" data-widget_type=\"image.default\">\n\t\t\t\t<div class=\"elementor-widget-container\">\n\t\t\t\t\t\t\t\t\t\t\t\t\t\t\t<img decoding=\"async\" width=\"1200\" height=\"1200\" src=\"https:\/\/vetsandpetstrading.com\/co\/wp-content\/uploads\/sites\/11\/2024\/07\/PROPOFOL.webp\" class=\"attachment-full size-full wp-image-250\" alt=\"\" srcset=\"https:\/\/vetsandpetstrading.com\/co\/wp-content\/uploads\/sites\/11\/2024\/07\/PROPOFOL.webp 1200w, https:\/\/vetsandpetstrading.com\/co\/wp-content\/uploads\/sites\/11\/2024\/07\/PROPOFOL-300x300.webp 300w, https:\/\/vetsandpetstrading.com\/co\/wp-content\/uploads\/sites\/11\/2024\/07\/PROPOFOL-1024x1024.webp 1024w, https:\/\/vetsandpetstrading.com\/co\/wp-content\/uploads\/sites\/11\/2024\/07\/PROPOFOL-150x150.webp 150w, https:\/\/vetsandpetstrading.com\/co\/wp-content\/uploads\/sites\/11\/2024\/07\/PROPOFOL-768x768.webp 768w\" sizes=\"(max-width: 1200px) 100vw, 1200px\" \/>\t\t\t\t\t\t\t\t\t\t\t\t\t\t\t<\/div>\n\t\t\t\t<\/div>\n\t\t\t\t<div class=\"elementor-element elementor-element-917f564 elementor-widget elementor-widget-heading\" data-id=\"917f564\" data-element_type=\"widget\" data-e-type=\"widget\" data-widget_type=\"heading.default\">\n\t\t\t\t<div class=\"elementor-widget-container\">\n\t\t\t\t\t<h2 class=\"elementor-heading-title elementor-size-default\">Propofol<\/h2>\t\t\t\t<\/div>\n\t\t\t\t<\/div>\n\t\t\t\t<div class=\"elementor-element elementor-element-dd2c806 elementor-widget elementor-widget-button\" data-id=\"dd2c806\" data-element_type=\"widget\" data-e-type=\"widget\" data-widget_type=\"button.default\">\n\t\t\t\t<div class=\"elementor-widget-container\">\n\t\t\t\t\t\t\t\t\t<div class=\"elementor-button-wrapper\">\n\t\t\t\t\t<a class=\"elementor-button elementor-button-link elementor-size-sm elementor-animation-grow\" href=\"https:\/\/vetsandpetstrading.com\/co\/propofol\/\">\n\t\t\t\t\t\t<span class=\"elementor-button-content-wrapper\">\n\t\t\t\t\t\t\t\t\t<span class=\"elementor-button-text\">Ver mas<\/span>\n\t\t\t\t\t<\/span>\n\t\t\t\t\t<\/a>\n\t\t\t\t<\/div>\n\t\t\t\t\t\t\t\t<\/div>\n\t\t\t\t<\/div>\n\t\t\t\t<\/div>\n\t\t\t\t<\/div>\n\t\t<div class=\"elementor-element elementor-element-6e43d13 e-con-full e-flex e-con e-child\" data-id=\"6e43d13\" data-element_type=\"container\" data-e-type=\"container\">\n\t\t<div class=\"elementor-element elementor-element-0765428 e-con-full elementor-hidden-desktop elementor-hidden-tablet elementor-hidden-mobile e-flex e-con e-child\" data-id=\"0765428\" data-element_type=\"container\" data-e-type=\"container\">\n\t\t\t\t<div class=\"elementor-element elementor-element-b533ddb elementor-widget elementor-widget-image\" data-id=\"b533ddb\" data-element_type=\"widget\" data-e-type=\"widget\" data-widget_type=\"image.default\">\n\t\t\t\t<div class=\"elementor-widget-container\">\n\t\t\t\t\t\t\t\t\t\t\t\t\t\t\t<img loading=\"lazy\" decoding=\"async\" width=\"1200\" height=\"1200\" src=\"https:\/\/vetsandpetstrading.com\/co\/wp-content\/uploads\/sites\/11\/2024\/07\/ketamina100.webp\" class=\"attachment-full size-full wp-image-268\" alt=\"\" srcset=\"https:\/\/vetsandpetstrading.com\/co\/wp-content\/uploads\/sites\/11\/2024\/07\/ketamina100.webp 1200w, https:\/\/vetsandpetstrading.com\/co\/wp-content\/uploads\/sites\/11\/2024\/07\/ketamina100-300x300.webp 300w, https:\/\/vetsandpetstrading.com\/co\/wp-content\/uploads\/sites\/11\/2024\/07\/ketamina100-1024x1024.webp 1024w, https:\/\/vetsandpetstrading.com\/co\/wp-content\/uploads\/sites\/11\/2024\/07\/ketamina100-150x150.webp 150w, https:\/\/vetsandpetstrading.com\/co\/wp-content\/uploads\/sites\/11\/2024\/07\/ketamina100-768x768.webp 768w\" sizes=\"(max-width: 1200px) 100vw, 1200px\" \/>\t\t\t\t\t\t\t\t\t\t\t\t\t\t\t<\/div>\n\t\t\t\t<\/div>\n\t\t\t\t<div class=\"elementor-element elementor-element-92c8924 elementor-widget elementor-widget-heading\" data-id=\"92c8924\" data-element_type=\"widget\" data-e-type=\"widget\" data-widget_type=\"heading.default\">\n\t\t\t\t<div class=\"elementor-widget-container\">\n\t\t\t\t\t<h2 class=\"elementor-heading-title elementor-size-default\">Ketamina 100<\/h2>\t\t\t\t<\/div>\n\t\t\t\t<\/div>\n\t\t\t\t<div class=\"elementor-element elementor-element-6157a88 elementor-widget elementor-widget-button\" data-id=\"6157a88\" data-element_type=\"widget\" data-e-type=\"widget\" data-widget_type=\"button.default\">\n\t\t\t\t<div class=\"elementor-widget-container\">\n\t\t\t\t\t\t\t\t\t<div class=\"elementor-button-wrapper\">\n\t\t\t\t\t<a class=\"elementor-button elementor-button-link elementor-size-sm elementor-animation-grow\" href=\"\/co\/ketamina100\">\n\t\t\t\t\t\t<span class=\"elementor-button-content-wrapper\">\n\t\t\t\t\t\t\t\t\t<span class=\"elementor-button-text\">Ver mas<\/span>\n\t\t\t\t\t<\/span>\n\t\t\t\t\t<\/a>\n\t\t\t\t<\/div>\n\t\t\t\t\t\t\t\t<\/div>\n\t\t\t\t<\/div>\n\t\t\t\t<\/div>\n\t\t<div class=\"elementor-element elementor-element-a25adef e-con-full elementor-hidden-desktop elementor-hidden-tablet elementor-hidden-mobile e-flex e-con e-child\" data-id=\"a25adef\" data-element_type=\"container\" data-e-type=\"container\">\n\t\t\t\t<div class=\"elementor-element elementor-element-c4c75e8 elementor-widget elementor-widget-image\" data-id=\"c4c75e8\" data-element_type=\"widget\" data-e-type=\"widget\" data-widget_type=\"image.default\">\n\t\t\t\t<div class=\"elementor-widget-container\">\n\t\t\t\t\t\t\t\t\t\t\t\t\t\t\t<img loading=\"lazy\" decoding=\"async\" width=\"1200\" height=\"1200\" src=\"https:\/\/vetsandpetstrading.com\/co\/wp-content\/uploads\/sites\/11\/2024\/07\/Tramadol1.webp\" class=\"attachment-full size-full wp-image-284\" alt=\"Tramadol\" srcset=\"https:\/\/vetsandpetstrading.com\/co\/wp-content\/uploads\/sites\/11\/2024\/07\/Tramadol1.webp 1200w, https:\/\/vetsandpetstrading.com\/co\/wp-content\/uploads\/sites\/11\/2024\/07\/Tramadol1-300x300.webp 300w, https:\/\/vetsandpetstrading.com\/co\/wp-content\/uploads\/sites\/11\/2024\/07\/Tramadol1-1024x1024.webp 1024w, https:\/\/vetsandpetstrading.com\/co\/wp-content\/uploads\/sites\/11\/2024\/07\/Tramadol1-150x150.webp 150w, https:\/\/vetsandpetstrading.com\/co\/wp-content\/uploads\/sites\/11\/2024\/07\/Tramadol1-768x768.webp 768w\" sizes=\"(max-width: 1200px) 100vw, 1200px\" \/>\t\t\t\t\t\t\t\t\t\t\t\t\t\t\t<\/div>\n\t\t\t\t<\/div>\n\t\t\t\t<div class=\"elementor-element elementor-element-14313ee elementor-widget elementor-widget-heading\" data-id=\"14313ee\" data-element_type=\"widget\" data-e-type=\"widget\" data-widget_type=\"heading.default\">\n\t\t\t\t<div class=\"elementor-widget-container\">\n\t\t\t\t\t<h2 class=\"elementor-heading-title elementor-size-default\">Tramadol<\/h2>\t\t\t\t<\/div>\n\t\t\t\t<\/div>\n\t\t\t\t<div class=\"elementor-element elementor-element-6a420b7 elementor-widget elementor-widget-button\" data-id=\"6a420b7\" data-element_type=\"widget\" data-e-type=\"widget\" data-widget_type=\"button.default\">\n\t\t\t\t<div class=\"elementor-widget-container\">\n\t\t\t\t\t\t\t\t\t<div class=\"elementor-button-wrapper\">\n\t\t\t\t\t<a class=\"elementor-button elementor-button-link elementor-size-sm elementor-animation-grow\" href=\"\/co\/tramadol\">\n\t\t\t\t\t\t<span class=\"elementor-button-content-wrapper\">\n\t\t\t\t\t\t\t\t\t<span class=\"elementor-button-text\">Ver mas<\/span>\n\t\t\t\t\t<\/span>\n\t\t\t\t\t<\/a>\n\t\t\t\t<\/div>\n\t\t\t\t\t\t\t\t<\/div>\n\t\t\t\t<\/div>\n\t\t\t\t<\/div>\n\t\t\t\t<\/div>\n\t\t\t\t\t<\/div>\n\t\t\t\t<\/div>\n\t\t<div class=\"elementor-element elementor-element-6bcc8a4 e-flex e-con-boxed e-con e-parent\" data-id=\"6bcc8a4\" data-element_type=\"container\" data-e-type=\"container\" data-settings=\"{&quot;background_background&quot;:&quot;slideshow&quot;,&quot;background_slideshow_gallery&quot;:[{&quot;id&quot;:195,&quot;url&quot;:&quot;https:\\\/\\\/vetsandpetstrading.com\\\/co\\\/wp-content\\\/uploads\\\/sites\\\/11\\\/2024\\\/07\\\/homeweb_DSC7835.jpg&quot;}],&quot;motion_fx_motion_fx_mouse&quot;:&quot;yes&quot;,&quot;background_slideshow_loop&quot;:&quot;yes&quot;,&quot;background_slideshow_slide_duration&quot;:5000,&quot;background_slideshow_slide_transition&quot;:&quot;fade&quot;,&quot;background_slideshow_transition_duration&quot;:500}\">\n\t\t\t\t\t<div class=\"e-con-inner\">\n\t\t\t\t\t<\/div>\n\t\t\t\t<\/div>\n\t\t\t\t<\/div>\n\t\t","protected":false},"excerpt":{"rendered":"<p>LA M\u00c1S ALTA CALIDAD TOTAL, DESARROLLO Y SERVICIO.Un nuevo concepto en terap\u00e9utica y desarrollo de medicamentos y equipamiento para uso [&hellip;]<\/p>\n","protected":false},"author":1,"featured_media":0,"parent":0,"menu_order":0,"comment_status":"closed","ping_status":"closed","template":"","meta":{"site-sidebar-layout":"no-sidebar","site-content-layout":"","ast-site-content-layout":"full-width-container","site-content-style":"default","site-sidebar-style":"default","ast-global-header-display":"","ast-banner-title-visibility":"","ast-main-header-display":"","ast-hfb-above-header-display":"","ast-hfb-below-header-display":"","ast-hfb-mobile-header-display":"","site-post-title":"disabled","ast-breadcrumbs-content":"","ast-featured-img":"disabled","footer-sml-layout":"","ast-disable-related-posts":"","theme-transparent-header-meta":"","adv-header-id-meta":"","stick-header-meta":"","header-above-stick-meta":"","header-main-stick-meta":"","header-below-stick-meta":"","astra-migrate-meta-layouts":"default","ast-page-background-enabled":"default","ast-page-background-meta":{"desktop":{"background-color":"var(--ast-global-color-4)","background-image":"","background-repeat":"repeat","background-position":"center center","background-size":"auto","background-attachment":"scroll","background-type":"","background-media":"","overlay-type":"","overlay-color":"","overlay-opacity":"","overlay-gradient":""},"tablet":{"background-color":"","background-image":"","background-repeat":"repeat","background-position":"center center","background-size":"auto","background-attachment":"scroll","background-type":"","background-media":"","overlay-type":"","overlay-color":"","overlay-opacity":"","overlay-gradient":""},"mobile":{"background-color":"","background-image":"","background-repeat":"repeat","background-position":"center center","background-size":"auto","background-attachment":"scroll","background-type":"","background-media":"","overlay-type":"","overlay-color":"","overlay-opacity":"","overlay-gradient":""}},"ast-content-background-meta":{"desktop":{"background-color":"var(--ast-global-color-5)","background-image":"","background-repeat":"repeat","background-position":"center center","background-size":"auto","background-attachment":"scroll","background-type":"","background-media":"","overlay-type":"","overlay-color":"","overlay-opacity":"","overlay-gradient":""},"tablet":{"background-color":"var(--ast-global-color-5)","background-image":"","background-repeat":"repeat","background-position":"center center","background-size":"auto","background-attachment":"scroll","background-type":"","background-media":"","overlay-type":"","overlay-color":"","overlay-opacity":"","overlay-gradient":""},"mobile":{"background-color":"var(--ast-global-color-5)","background-image":"","background-repeat":"repeat","background-position":"center center","background-size":"auto","background-attachment":"scroll","background-type":"","background-media":"","overlay-type":"","overlay-color":"","overlay-opacity":"","overlay-gradient":""}},"_joinchat":[],"footnotes":""},"class_list":["post-131","page","type-page","status-publish","hentry"],"_links":{"self":[{"href":"https:\/\/vetsandpetstrading.com\/co\/wp-json\/wp\/v2\/pages\/131","targetHints":{"allow":["GET"]}}],"collection":[{"href":"https:\/\/vetsandpetstrading.com\/co\/wp-json\/wp\/v2\/pages"}],"about":[{"href":"https:\/\/vetsandpetstrading.com\/co\/wp-json\/wp\/v2\/types\/page"}],"author":[{"embeddable":true,"href":"https:\/\/vetsandpetstrading.com\/co\/wp-json\/wp\/v2\/users\/1"}],"replies":[{"embeddable":true,"href":"https:\/\/vetsandpetstrading.com\/co\/wp-json\/wp\/v2\/comments?post=131"}],"version-history":[{"count":91,"href":"https:\/\/vetsandpetstrading.com\/co\/wp-json\/wp\/v2\/pages\/131\/revisions"}],"predecessor-version":[{"id":414,"href":"https:\/\/vetsandpetstrading.com\/co\/wp-json\/wp\/v2\/pages\/131\/revisions\/414"}],"wp:attachment":[{"href":"https:\/\/vetsandpetstrading.com\/co\/wp-json\/wp\/v2\/media?parent=131"}],"curies":[{"name":"wp","href":"https:\/\/api.w.org\/{rel}","templated":true}]}}