{"id":222,"date":"2024-07-08T21:30:08","date_gmt":"2024-07-08T19:30:08","guid":{"rendered":"https:\/\/vetsandpetstrading.com\/co\/?page_id=222"},"modified":"2024-07-08T21:34:59","modified_gmt":"2024-07-08T19:34:59","slug":"yohimbina","status":"publish","type":"page","link":"https:\/\/vetsandpetstrading.com\/co\/yohimbina\/","title":{"rendered":"Yohimbina"},"content":{"rendered":"\t\t<div data-elementor-type=\"wp-page\" data-elementor-id=\"222\" class=\"elementor elementor-222\" data-elementor-post-type=\"page\">\n\t\t\t\t<div class=\"elementor-element elementor-element-69525ef e-flex e-con-boxed e-con e-parent\" data-id=\"69525ef\" data-element_type=\"container\" data-e-type=\"container\">\n\t\t\t\t\t<div class=\"e-con-inner\">\n\t\t<div class=\"elementor-element elementor-element-eb983a6 e-con-full e-flex e-con e-child\" data-id=\"eb983a6\" data-element_type=\"container\" data-e-type=\"container\">\n\t\t\t\t<div class=\"elementor-element elementor-element-9d7c207 elementor-widget elementor-widget-image\" data-id=\"9d7c207\" data-element_type=\"widget\" data-e-type=\"widget\" data-widget_type=\"image.default\">\n\t\t\t\t<div class=\"elementor-widget-container\">\n\t\t\t\t\t\t\t\t\t\t\t\t\t\t\t<img fetchpriority=\"high\" decoding=\"async\" width=\"1024\" height=\"1024\" src=\"https:\/\/vetsandpetstrading.com\/co\/wp-content\/uploads\/sites\/11\/2024\/07\/Yohimbina0-1024x1024.webp\" class=\"attachment-large size-large wp-image-162\" alt=\"\" srcset=\"https:\/\/vetsandpetstrading.com\/co\/wp-content\/uploads\/sites\/11\/2024\/07\/Yohimbina0-1024x1024.webp 1024w, https:\/\/vetsandpetstrading.com\/co\/wp-content\/uploads\/sites\/11\/2024\/07\/Yohimbina0-300x300.webp 300w, https:\/\/vetsandpetstrading.com\/co\/wp-content\/uploads\/sites\/11\/2024\/07\/Yohimbina0-150x150.webp 150w, https:\/\/vetsandpetstrading.com\/co\/wp-content\/uploads\/sites\/11\/2024\/07\/Yohimbina0-768x768.webp 768w, https:\/\/vetsandpetstrading.com\/co\/wp-content\/uploads\/sites\/11\/2024\/07\/Yohimbina0.webp 1200w\" sizes=\"(max-width: 1024px) 100vw, 1024px\" \/>\t\t\t\t\t\t\t\t\t\t\t\t\t\t\t<\/div>\n\t\t\t\t<\/div>\n\t\t\t\t<\/div>\n\t\t<div class=\"elementor-element elementor-element-95c0082 e-con-full e-flex e-con e-child\" data-id=\"95c0082\" data-element_type=\"container\" data-e-type=\"container\">\n\t\t\t\t<div class=\"elementor-element elementor-element-58c5d72 elementor-widget elementor-widget-heading\" data-id=\"58c5d72\" data-element_type=\"widget\" data-e-type=\"widget\" data-widget_type=\"heading.default\">\n\t\t\t\t<div class=\"elementor-widget-container\">\n\t\t\t\t\t<h2 class=\"elementor-heading-title elementor-size-default\">YOHIMBINA<\/h2>\t\t\t\t<\/div>\n\t\t\t\t<\/div>\n\t\t\t\t<div class=\"elementor-element elementor-element-a643c6f elementor-widget elementor-widget-text-editor\" data-id=\"a643c6f\" data-element_type=\"widget\" data-e-type=\"widget\" data-widget_type=\"text-editor.default\">\n\t\t\t\t<div class=\"elementor-widget-container\">\n\t\t\t\t\t\t\t\t\t<p>(Yohimbina Clorhidrato 0,2%)<\/p><p><strong>ACCI\u00d3N<\/strong>: Antagonista espec\u00edfico de los receptores alfa 2 adren\u00e9rgicos.<br \/><br \/><strong>COMPOSICI\u00d3N<\/strong>: Yohimbina Clorhidrato 0,2 g. Excipiente c.s.p. 100 mL.<\/p><p><strong>INDICACIONES<\/strong>: Reversor espec\u00edfico de los efectos de la Xilacina y Medetomidina \u2013 DETOR. Act\u00faa revirtiendo los efectos de la<br \/>misma como: bradicardia, depresi\u00f3n respiratoria y meteorismo en rumiantes, logrando una r\u00e1pida recuperaci\u00f3n del animal.<\/p><p><strong>USO EN:<\/strong> Perros, Gatos, Caballos, Ciervos y Venados.<\/p><p><strong>ADMINISTRACI\u00d3N:<\/strong> Inyectable. V\u00eda EV. Dosis: Perros: 0,1 mg\/Kg; Gatos: 0,5 mg\/Kg; Caballos: 0,075 mg\/Kg;<br \/>Ciervos y Venados: 0,2\u20130,3 mg\/Kg.<\/p>\t\t\t\t\t\t\t\t<\/div>\n\t\t\t\t<\/div>\n\t\t\t\t<\/div>\n\t\t\t\t\t<\/div>\n\t\t\t\t<\/div>\n\t\t\t\t<\/div>\n\t\t","protected":false},"excerpt":{"rendered":"<p>YOHIMBINA (Yohimbina Clorhidrato 0,2%) ACCI\u00d3N: Antagonista espec\u00edfico de los receptores alfa 2 adren\u00e9rgicos. COMPOSICI\u00d3N: Yohimbina Clorhidrato 0,2 g. Excipiente c.s.p. [&hellip;]<\/p>\n","protected":false},"author":1,"featured_media":0,"parent":0,"menu_order":0,"comment_status":"closed","ping_status":"closed","template":"","meta":{"site-sidebar-layout":"no-sidebar","site-content-layout":"","ast-site-content-layout":"full-width-container","site-content-style":"default","site-sidebar-style":"default","ast-global-header-display":"","ast-banner-title-visibility":"","ast-main-header-display":"","ast-hfb-above-header-display":"","ast-hfb-below-header-display":"","ast-hfb-mobile-header-display":"","site-post-title":"disabled","ast-breadcrumbs-content":"","ast-featured-img":"disabled","footer-sml-layout":"","ast-disable-related-posts":"","theme-transparent-header-meta":"","adv-header-id-meta":"","stick-header-meta":"","header-above-stick-meta":"","header-main-stick-meta":"","header-below-stick-meta":"","astra-migrate-meta-layouts":"default","ast-page-background-enabled":"default","ast-page-background-meta":{"desktop":{"background-color":"var(--ast-global-color-4)","background-image":"","background-repeat":"repeat","background-position":"center center","background-size":"auto","background-attachment":"scroll","background-type":"","background-media":"","overlay-type":"","overlay-color":"","overlay-opacity":"","overlay-gradient":""},"tablet":{"background-color":"","background-image":"","background-repeat":"repeat","background-position":"center center","background-size":"auto","background-attachment":"scroll","background-type":"","background-media":"","overlay-type":"","overlay-color":"","overlay-opacity":"","overlay-gradient":""},"mobile":{"background-color":"","background-image":"","background-repeat":"repeat","background-position":"center center","background-size":"auto","background-attachment":"scroll","background-type":"","background-media":"","overlay-type":"","overlay-color":"","overlay-opacity":"","overlay-gradient":""}},"ast-content-background-meta":{"desktop":{"background-color":"var(--ast-global-color-5)","background-image":"","background-repeat":"repeat","background-position":"center center","background-size":"auto","background-attachment":"scroll","background-type":"","background-media":"","overlay-type":"","overlay-color":"","overlay-opacity":"","overlay-gradient":""},"tablet":{"background-color":"var(--ast-global-color-5)","background-image":"","background-repeat":"repeat","background-position":"center center","background-size":"auto","background-attachment":"scroll","background-type":"","background-media":"","overlay-type":"","overlay-color":"","overlay-opacity":"","overlay-gradient":""},"mobile":{"background-color":"var(--ast-global-color-5)","background-image":"","background-repeat":"repeat","background-position":"center center","background-size":"auto","background-attachment":"scroll","background-type":"","background-media":"","overlay-type":"","overlay-color":"","overlay-opacity":"","overlay-gradient":""}},"_joinchat":[],"footnotes":""},"class_list":["post-222","page","type-page","status-publish","hentry"],"_links":{"self":[{"href":"https:\/\/vetsandpetstrading.com\/co\/wp-json\/wp\/v2\/pages\/222","targetHints":{"allow":["GET"]}}],"collection":[{"href":"https:\/\/vetsandpetstrading.com\/co\/wp-json\/wp\/v2\/pages"}],"about":[{"href":"https:\/\/vetsandpetstrading.com\/co\/wp-json\/wp\/v2\/types\/page"}],"author":[{"embeddable":true,"href":"https:\/\/vetsandpetstrading.com\/co\/wp-json\/wp\/v2\/users\/1"}],"replies":[{"embeddable":true,"href":"https:\/\/vetsandpetstrading.com\/co\/wp-json\/wp\/v2\/comments?post=222"}],"version-history":[{"count":4,"href":"https:\/\/vetsandpetstrading.com\/co\/wp-json\/wp\/v2\/pages\/222\/revisions"}],"predecessor-version":[{"id":226,"href":"https:\/\/vetsandpetstrading.com\/co\/wp-json\/wp\/v2\/pages\/222\/revisions\/226"}],"wp:attachment":[{"href":"https:\/\/vetsandpetstrading.com\/co\/wp-json\/wp\/v2\/media?parent=222"}],"curies":[{"name":"wp","href":"https:\/\/api.w.org\/{rel}","templated":true}]}}