{"id":233,"date":"2024-07-08T21:39:10","date_gmt":"2024-07-08T19:39:10","guid":{"rendered":"https:\/\/vetsandpetstrading.com\/co\/?page_id=233"},"modified":"2024-07-08T21:48:30","modified_gmt":"2024-07-08T19:48:30","slug":"xilacina-20","status":"publish","type":"page","link":"https:\/\/vetsandpetstrading.com\/co\/xilacina-20\/","title":{"rendered":"Xilacina 20"},"content":{"rendered":"\t\t<div data-elementor-type=\"wp-page\" data-elementor-id=\"233\" class=\"elementor elementor-233\" data-elementor-post-type=\"page\">\n\t\t\t\t<div class=\"elementor-element elementor-element-69525ef e-flex e-con-boxed e-con e-parent\" data-id=\"69525ef\" data-element_type=\"container\" data-e-type=\"container\">\n\t\t\t\t\t<div class=\"e-con-inner\">\n\t\t<div class=\"elementor-element elementor-element-eb983a6 e-con-full e-flex e-con e-child\" data-id=\"eb983a6\" data-element_type=\"container\" data-e-type=\"container\">\n\t\t\t\t<div class=\"elementor-element elementor-element-9d7c207 elementor-widget elementor-widget-image\" data-id=\"9d7c207\" data-element_type=\"widget\" data-e-type=\"widget\" data-widget_type=\"image.default\">\n\t\t\t\t<div class=\"elementor-widget-container\">\n\t\t\t\t\t\t\t\t\t\t\t\t\t\t\t<img fetchpriority=\"high\" decoding=\"async\" width=\"1200\" height=\"1200\" src=\"https:\/\/vetsandpetstrading.com\/co\/wp-content\/uploads\/sites\/11\/2024\/07\/Xilecina-20-final.webp\" class=\"attachment-full size-full wp-image-238\" alt=\"\" srcset=\"https:\/\/vetsandpetstrading.com\/co\/wp-content\/uploads\/sites\/11\/2024\/07\/Xilecina-20-final.webp 1200w, https:\/\/vetsandpetstrading.com\/co\/wp-content\/uploads\/sites\/11\/2024\/07\/Xilecina-20-final-300x300.webp 300w, https:\/\/vetsandpetstrading.com\/co\/wp-content\/uploads\/sites\/11\/2024\/07\/Xilecina-20-final-1024x1024.webp 1024w, https:\/\/vetsandpetstrading.com\/co\/wp-content\/uploads\/sites\/11\/2024\/07\/Xilecina-20-final-150x150.webp 150w, https:\/\/vetsandpetstrading.com\/co\/wp-content\/uploads\/sites\/11\/2024\/07\/Xilecina-20-final-768x768.webp 768w\" sizes=\"(max-width: 1200px) 100vw, 1200px\" \/>\t\t\t\t\t\t\t\t\t\t\t\t\t\t\t<\/div>\n\t\t\t\t<\/div>\n\t\t\t\t<\/div>\n\t\t<div class=\"elementor-element elementor-element-95c0082 e-con-full e-flex e-con e-child\" data-id=\"95c0082\" data-element_type=\"container\" data-e-type=\"container\">\n\t\t\t\t<div class=\"elementor-element elementor-element-58c5d72 elementor-widget elementor-widget-heading\" data-id=\"58c5d72\" data-element_type=\"widget\" data-e-type=\"widget\" data-widget_type=\"heading.default\">\n\t\t\t\t<div class=\"elementor-widget-container\">\n\t\t\t\t\t<h2 class=\"elementor-heading-title elementor-size-default\">Xilacina 20<\/h2>\t\t\t\t<\/div>\n\t\t\t\t<\/div>\n\t\t\t\t<div class=\"elementor-element elementor-element-a643c6f elementor-widget elementor-widget-text-editor\" data-id=\"a643c6f\" data-element_type=\"widget\" data-e-type=\"widget\" data-widget_type=\"text-editor.default\">\n\t\t\t\t<div class=\"elementor-widget-container\">\n\t\t\t\t\t\t\t\t\t<p>Potente sedante, miorrelajante y analg\u00e9sico no narc\u00f3tico.<br \/>Xilacina, clorhidrato: 2 g.<br \/>Veh\u00edculos y excipientes c.s.p.: 100 ml.<\/p><p><strong>ACCI\u00d3N<\/strong>: Potente sedante, miorrelajante y analg\u00e9sico no narc\u00f3tico. La actividad sedante y analg\u00e9sica se relaciona con una depresi\u00f3n del sistema nervioso central. El efecto relajante muscular est\u00e1 basado en la inhibici\u00f3n de la transmisi\u00f3n intraneural de los\u00a0impulsos en el sistema nervioso central; los efectos principales se desarrollan dentro de los 10 a 15 minutos despu\u00e9s de la\u00a0inyecci\u00f3n intramuscular y dentro de los 3 a 5 minutos despu\u00e9s de la inyecci\u00f3n endovenosa. Un estado similar al sue\u00f1o, cuya\u00a0profundidad depende de la dosis, se mantiene 1 a 2 horas, mientras que la analgesia dura 15 a 30 minutos, post-aplicaci\u00f3n.<br \/>Luego de la inyecci\u00f3n intramuscular la droga es r\u00e1pidamente absorbida, pero la biodisponibilidad es variable seg\u00fan\u00a0la especie: en el caballo es del 40 a 48%; en la oveja entre el 17 y el 73% y en el perro entre el 52 y 90 %.<\/p>\t\t\t\t\t\t\t\t<\/div>\n\t\t\t\t<\/div>\n\t\t\t\t<\/div>\n\t\t\t\t\t<\/div>\n\t\t\t\t<\/div>\n\t\t<div class=\"elementor-element elementor-element-47942b7 e-flex e-con-boxed e-con e-parent\" data-id=\"47942b7\" data-element_type=\"container\" data-e-type=\"container\">\n\t\t\t\t\t<div class=\"e-con-inner\">\n\t\t\t\t<div class=\"elementor-element elementor-element-ba47723 elementor-tabs-alignment-center elementor-tabs-view-horizontal elementor-widget elementor-widget-tabs\" data-id=\"ba47723\" data-element_type=\"widget\" data-e-type=\"widget\" data-widget_type=\"tabs.default\">\n\t\t\t\t<div class=\"elementor-widget-container\">\n\t\t\t\t\t\t\t<div class=\"elementor-tabs\">\n\t\t\t<div class=\"elementor-tabs-wrapper\" role=\"tablist\" >\n\t\t\t\t\t\t\t\t\t<div id=\"elementor-tab-title-1951\" class=\"elementor-tab-title elementor-tab-desktop-title\" aria-selected=\"true\" data-tab=\"1\" role=\"tab\" tabindex=\"0\" aria-controls=\"elementor-tab-content-1951\" aria-expanded=\"false\">INDICACIONES<\/div>\n\t\t\t\t\t\t\t\t\t<div id=\"elementor-tab-title-1952\" class=\"elementor-tab-title elementor-tab-desktop-title\" aria-selected=\"false\" data-tab=\"2\" role=\"tab\" tabindex=\"-1\" aria-controls=\"elementor-tab-content-1952\" aria-expanded=\"false\">CONTRAINDICACIONES Y ADVERTENCIAS<\/div>\n\t\t\t\t\t\t\t\t\t<div id=\"elementor-tab-title-1953\" class=\"elementor-tab-title elementor-tab-desktop-title\" aria-selected=\"false\" data-tab=\"3\" role=\"tab\" tabindex=\"-1\" aria-controls=\"elementor-tab-content-1953\" aria-expanded=\"false\">EFECTOS COLATERALES<\/div>\n\t\t\t\t\t\t\t\t\t<div id=\"elementor-tab-title-1954\" class=\"elementor-tab-title elementor-tab-desktop-title\" aria-selected=\"false\" data-tab=\"4\" role=\"tab\" tabindex=\"-1\" aria-controls=\"elementor-tab-content-1954\" aria-expanded=\"false\">DOSIFICACI\u00d3N<\/div>\n\t\t\t\t\t\t\t<\/div>\n\t\t\t<div class=\"elementor-tabs-content-wrapper\" role=\"tablist\" aria-orientation=\"vertical\">\n\t\t\t\t\t\t\t\t\t<div class=\"elementor-tab-title elementor-tab-mobile-title\" aria-selected=\"true\" data-tab=\"1\" role=\"tab\" tabindex=\"0\" aria-controls=\"elementor-tab-content-1951\" aria-expanded=\"false\">INDICACIONES<\/div>\n\t\t\t\t\t<div id=\"elementor-tab-content-1951\" class=\"elementor-tab-content elementor-clearfix\" data-tab=\"1\" role=\"tabpanel\" aria-labelledby=\"elementor-tab-title-1951\" tabindex=\"0\" hidden=\"false\">Procedimientos quir\u00fargicos menores de corta duraci\u00f3n, como sutura de laceraciones. Como agente pre-anest\u00e9sico, disminuyendo as\u00ed la dosis necesarias de agentes anest\u00e9sicos.\nProcedimientos ortop\u00e9dicos, examen semiol\u00f3gico en boca, orejas, palpaci\u00f3n abdominal, rectal, o vaginal. Cateterismo y radiograf\u00edas. Odontolog\u00eda. Utilizado en conjunto con anest\u00e9sicos locales.\n\n<\/div>\n\t\t\t\t\t\t\t\t\t<div class=\"elementor-tab-title elementor-tab-mobile-title\" aria-selected=\"false\" data-tab=\"2\" role=\"tab\" tabindex=\"-1\" aria-controls=\"elementor-tab-content-1952\" aria-expanded=\"false\">CONTRAINDICACIONES Y ADVERTENCIAS<\/div>\n\t\t\t\t\t<div id=\"elementor-tab-content-1952\" class=\"elementor-tab-content elementor-clearfix\" data-tab=\"2\" role=\"tabpanel\" aria-labelledby=\"elementor-tab-title-1952\" tabindex=\"0\" hidden=\"hidden\">No administrar a animales que reciban epinefrina o que tengan arritmias ventriculares. Usar con precauci\u00f3n en animales con disfunci\u00f3n card\u00edaca preexistente, hipotensi\u00f3n o shock. disfunci\u00f3n respiratoria, insuficiencia renal o hep\u00e1tica severa.\nNo administrar en animales muy debilitados.\nNo administrar en rumiantes deshidratados o con obstrucci\u00f3n del tracto urinario.\nPuede provocar parto prematuro, no usar en \u00faltimo trimestre de gestaci\u00f3n.\nLos animales se deben manejar cuidadosamente tras la administraci\u00f3n, un falso sentido de seguridad puede original un accidente ya que los animales pueden tener reacciones de manera defensiva.<\/div>\n\t\t\t\t\t\t\t\t\t<div class=\"elementor-tab-title elementor-tab-mobile-title\" aria-selected=\"false\" data-tab=\"3\" role=\"tab\" tabindex=\"-1\" aria-controls=\"elementor-tab-content-1953\" aria-expanded=\"false\">EFECTOS COLATERALES<\/div>\n\t\t\t\t\t<div id=\"elementor-tab-content-1953\" class=\"elementor-tab-content elementor-clearfix\" data-tab=\"3\" role=\"tabpanel\" aria-labelledby=\"elementor-tab-title-1953\" tabindex=\"0\" hidden=\"hidden\">En caninos puede presentarse bradicardia, bloqueo card\u00edaco e hipotensi\u00f3n arterial aguda, as\u00ed como tambi\u00e9n timpanismo aparente por aerofagia.\nDebido a que induce un marcado grado de salivaci\u00f3n en rumiantes se recomienda premedicar con atropina.<\/div>\n\t\t\t\t\t\t\t\t\t<div class=\"elementor-tab-title elementor-tab-mobile-title\" aria-selected=\"false\" data-tab=\"4\" role=\"tab\" tabindex=\"-1\" aria-controls=\"elementor-tab-content-1954\" aria-expanded=\"false\">DOSIFICACI\u00d3N<\/div>\n\t\t\t\t\t<div id=\"elementor-tab-content-1954\" class=\"elementor-tab-content elementor-clearfix\" data-tab=\"4\" role=\"tabpanel\" aria-labelledby=\"elementor-tab-title-1954\" tabindex=\"0\" hidden=\"hidden\">Inyectable por v\u00edas subcut\u00e1nea (SC); intramuscular (IM); o endovenosa (EV). La dosis espec\u00edficas depender\u00e1n de las condiciones de uso y aplicaci\u00f3n del mismo.\nEquinos: Endovenoso (EV) 0,5 a 1,1 mg\/kg equivalentes a 2,5 a 5,5 ml cada 100 kg de peso; intramuscular (IM) 1 a 2 mg\/kg equivalentes a 5 a 10 ml cada 100 kg de peso.\nBovinos: Endovenoso (EV) 0,03 a 0,1 mg\/kg equivalentes a 0,15 a 0,5 ml cada 100 kg de peso; intramuscular\n(IM) 0,1 a 0,2 mg\/kg equivalentes a 0,5 a 1 ml cada 100 kg de peso.\nOvinos: Endovenoso (EV) 0,5 a 1,1 mg\/kg equivalentes a 0,03 a 0,1 ml cada 50 kg de peso; intramuscular (IM) 0,1 a 0,3 mg\/kg equivalentes a 0,25 a 0,75 ml cada 50 kg de peso. Cabra: Endovenoso (EV) 0,01 a 0,5 mg\/kg equivalentes a 0,02 a 1,25 ml cada 50 kg de peso; intramuscular (IM) 0,05 a 0,5 mg\/kg equivalentes a 0,12 a 0,5 ml cada 50 kg de peso.\nCerdo: Intramuscular (IM) 2 a 3 mg\/kg equivalentes a 5 a 7,5 ml cada 50 kg de peso. Perro: Endovenoso (EV) 0,5 a 1 mg\/kg equivalentes a 0,25 a 0,55 ml cada 10 kg de peso; intramuscular (IM) 1 a 2 mg\/kg equivalentes a 0,5 a 1 ml cada 10 kg de peso.\nGato: Endovenoso (EV) 0,5 a 1 mg\/kg equivalentes a 0,12 a 0,25 ml cada 5 kg de peso; intramuscular (IM) 1 a 2 mg\/kg equivalentes a 0,25 a 0,5 ml cada 5 kg de peso.\nAves: Intramuscular (IM) 5 a 10 mg\/kg equivalentes a 1,25 a 2,5 ml cada 5 kg de peso.\n\n<\/div>\n\t\t\t\t\t\t\t<\/div>\n\t\t<\/div>\n\t\t\t\t\t\t<\/div>\n\t\t\t\t<\/div>\n\t\t\t\t\t<\/div>\n\t\t\t\t<\/div>\n\t\t\t\t<\/div>\n\t\t","protected":false},"excerpt":{"rendered":"<p>Xilacina 20 Potente sedante, miorrelajante y analg\u00e9sico no narc\u00f3tico.Xilacina, clorhidrato: 2 g.Veh\u00edculos y excipientes c.s.p.: 100 ml. ACCI\u00d3N: Potente sedante, [&hellip;]<\/p>\n","protected":false},"author":1,"featured_media":0,"parent":0,"menu_order":0,"comment_status":"closed","ping_status":"closed","template":"","meta":{"site-sidebar-layout":"no-sidebar","site-content-layout":"","ast-site-content-layout":"full-width-container","site-content-style":"default","site-sidebar-style":"default","ast-global-header-display":"","ast-banner-title-visibility":"","ast-main-header-display":"","ast-hfb-above-header-display":"","ast-hfb-below-header-display":"","ast-hfb-mobile-header-display":"","site-post-title":"disabled","ast-breadcrumbs-content":"","ast-featured-img":"disabled","footer-sml-layout":"","ast-disable-related-posts":"","theme-transparent-header-meta":"","adv-header-id-meta":"","stick-header-meta":"","header-above-stick-meta":"","header-main-stick-meta":"","header-below-stick-meta":"","astra-migrate-meta-layouts":"default","ast-page-background-enabled":"default","ast-page-background-meta":{"desktop":{"background-color":"var(--ast-global-color-4)","background-image":"","background-repeat":"repeat","background-position":"center center","background-size":"auto","background-attachment":"scroll","background-type":"","background-media":"","overlay-type":"","overlay-color":"","overlay-opacity":"","overlay-gradient":""},"tablet":{"background-color":"","background-image":"","background-repeat":"repeat","background-position":"center center","background-size":"auto","background-attachment":"scroll","background-type":"","background-media":"","overlay-type":"","overlay-color":"","overlay-opacity":"","overlay-gradient":""},"mobile":{"background-color":"","background-image":"","background-repeat":"repeat","background-position":"center center","background-size":"auto","background-attachment":"scroll","background-type":"","background-media":"","overlay-type":"","overlay-color":"","overlay-opacity":"","overlay-gradient":""}},"ast-content-background-meta":{"desktop":{"background-color":"var(--ast-global-color-5)","background-image":"","background-repeat":"repeat","background-position":"center center","background-size":"auto","background-attachment":"scroll","background-type":"","background-media":"","overlay-type":"","overlay-color":"","overlay-opacity":"","overlay-gradient":""},"tablet":{"background-color":"var(--ast-global-color-5)","background-image":"","background-repeat":"repeat","background-position":"center center","background-size":"auto","background-attachment":"scroll","background-type":"","background-media":"","overlay-type":"","overlay-color":"","overlay-opacity":"","overlay-gradient":""},"mobile":{"background-color":"var(--ast-global-color-5)","background-image":"","background-repeat":"repeat","background-position":"center center","background-size":"auto","background-attachment":"scroll","background-type":"","background-media":"","overlay-type":"","overlay-color":"","overlay-opacity":"","overlay-gradient":""}},"_joinchat":[],"footnotes":""},"class_list":["post-233","page","type-page","status-publish","hentry"],"_links":{"self":[{"href":"https:\/\/vetsandpetstrading.com\/co\/wp-json\/wp\/v2\/pages\/233","targetHints":{"allow":["GET"]}}],"collection":[{"href":"https:\/\/vetsandpetstrading.com\/co\/wp-json\/wp\/v2\/pages"}],"about":[{"href":"https:\/\/vetsandpetstrading.com\/co\/wp-json\/wp\/v2\/types\/page"}],"author":[{"embeddable":true,"href":"https:\/\/vetsandpetstrading.com\/co\/wp-json\/wp\/v2\/users\/1"}],"replies":[{"embeddable":true,"href":"https:\/\/vetsandpetstrading.com\/co\/wp-json\/wp\/v2\/comments?post=233"}],"version-history":[{"count":8,"href":"https:\/\/vetsandpetstrading.com\/co\/wp-json\/wp\/v2\/pages\/233\/revisions"}],"predecessor-version":[{"id":247,"href":"https:\/\/vetsandpetstrading.com\/co\/wp-json\/wp\/v2\/pages\/233\/revisions\/247"}],"wp:attachment":[{"href":"https:\/\/vetsandpetstrading.com\/co\/wp-json\/wp\/v2\/media?parent=233"}],"curies":[{"name":"wp","href":"https:\/\/api.w.org\/{rel}","templated":true}]}}