{"id":248,"date":"2024-07-08T21:52:25","date_gmt":"2024-07-08T19:52:25","guid":{"rendered":"https:\/\/vetsandpetstrading.com\/co\/?page_id=248"},"modified":"2024-07-08T21:58:03","modified_gmt":"2024-07-08T19:58:03","slug":"propofol","status":"publish","type":"page","link":"https:\/\/vetsandpetstrading.com\/co\/propofol\/","title":{"rendered":"Propofol"},"content":{"rendered":"\t\t<div data-elementor-type=\"wp-page\" data-elementor-id=\"248\" class=\"elementor elementor-248\" data-elementor-post-type=\"page\">\n\t\t\t\t<div class=\"elementor-element elementor-element-69525ef e-flex e-con-boxed e-con e-parent\" data-id=\"69525ef\" data-element_type=\"container\" data-e-type=\"container\">\n\t\t\t\t\t<div class=\"e-con-inner\">\n\t\t<div class=\"elementor-element elementor-element-eb983a6 e-con-full e-flex e-con e-child\" data-id=\"eb983a6\" data-element_type=\"container\" data-e-type=\"container\">\n\t\t\t\t<div class=\"elementor-element elementor-element-9d7c207 elementor-widget elementor-widget-image\" data-id=\"9d7c207\" data-element_type=\"widget\" data-e-type=\"widget\" data-widget_type=\"image.default\">\n\t\t\t\t<div class=\"elementor-widget-container\">\n\t\t\t\t\t\t\t\t\t\t\t\t\t\t\t<img fetchpriority=\"high\" decoding=\"async\" width=\"1200\" height=\"1200\" src=\"https:\/\/vetsandpetstrading.com\/co\/wp-content\/uploads\/sites\/11\/2024\/07\/PROPOFOL.webp\" class=\"attachment-full size-full wp-image-250\" alt=\"\" srcset=\"https:\/\/vetsandpetstrading.com\/co\/wp-content\/uploads\/sites\/11\/2024\/07\/PROPOFOL.webp 1200w, https:\/\/vetsandpetstrading.com\/co\/wp-content\/uploads\/sites\/11\/2024\/07\/PROPOFOL-300x300.webp 300w, https:\/\/vetsandpetstrading.com\/co\/wp-content\/uploads\/sites\/11\/2024\/07\/PROPOFOL-1024x1024.webp 1024w, https:\/\/vetsandpetstrading.com\/co\/wp-content\/uploads\/sites\/11\/2024\/07\/PROPOFOL-150x150.webp 150w, https:\/\/vetsandpetstrading.com\/co\/wp-content\/uploads\/sites\/11\/2024\/07\/PROPOFOL-768x768.webp 768w\" sizes=\"(max-width: 1200px) 100vw, 1200px\" \/>\t\t\t\t\t\t\t\t\t\t\t\t\t\t\t<\/div>\n\t\t\t\t<\/div>\n\t\t\t\t<\/div>\n\t\t<div class=\"elementor-element elementor-element-95c0082 e-con-full e-flex e-con e-child\" data-id=\"95c0082\" data-element_type=\"container\" data-e-type=\"container\">\n\t\t\t\t<div class=\"elementor-element elementor-element-58c5d72 elementor-widget elementor-widget-heading\" data-id=\"58c5d72\" data-element_type=\"widget\" data-e-type=\"widget\" data-widget_type=\"heading.default\">\n\t\t\t\t<div class=\"elementor-widget-container\">\n\t\t\t\t\t<h2 class=\"elementor-heading-title elementor-size-default\">Propofol<\/h2>\t\t\t\t<\/div>\n\t\t\t\t<\/div>\n\t\t\t\t<div class=\"elementor-element elementor-element-a643c6f elementor-widget elementor-widget-text-editor\" data-id=\"a643c6f\" data-element_type=\"widget\" data-e-type=\"widget\" data-widget_type=\"text-editor.default\">\n\t\t\t\t<div class=\"elementor-widget-container\">\n\t\t\t\t\t\t\t\t\t<p>Anest\u00e9sico de acci\u00f3n r\u00e1pida. Emulsi\u00f3n inyectable est\u00e9ril lista para usar.<br \/>Propofol: 1,0 g | Agentes de formulaci\u00f3n c.s.p.: 100,0 mL | Propofol: 1,0 g<br \/>Agentes de formulaci\u00f3n c.s.p.: 100,0 mL<\/p><p><strong>ACCI\u00d3N<\/strong>: Anest\u00e9sico inyectable de elecci\u00f3n para el mantenimiento de la anestesia mediante infusi\u00f3n continua.<br \/><br \/><img decoding=\"async\" class=\"alignnone size-full wp-image-251\" src=\"https:\/\/vetsandpetstrading.com\/co\/wp-content\/uploads\/sites\/11\/2024\/07\/Cuadro-g-1024x697-1.png\" alt=\"\" width=\"1024\" height=\"697\" srcset=\"https:\/\/vetsandpetstrading.com\/co\/wp-content\/uploads\/sites\/11\/2024\/07\/Cuadro-g-1024x697-1.png 1024w, https:\/\/vetsandpetstrading.com\/co\/wp-content\/uploads\/sites\/11\/2024\/07\/Cuadro-g-1024x697-1-300x204.png 300w, https:\/\/vetsandpetstrading.com\/co\/wp-content\/uploads\/sites\/11\/2024\/07\/Cuadro-g-1024x697-1-768x523.png 768w\" sizes=\"(max-width: 1024px) 100vw, 1024px\" \/><\/p>\t\t\t\t\t\t\t\t<\/div>\n\t\t\t\t<\/div>\n\t\t\t\t<\/div>\n\t\t\t\t\t<\/div>\n\t\t\t\t<\/div>\n\t\t\t\t<\/div>\n\t\t","protected":false},"excerpt":{"rendered":"<p>Propofol Anest\u00e9sico de acci\u00f3n r\u00e1pida. Emulsi\u00f3n inyectable est\u00e9ril lista para usar.Propofol: 1,0 g | Agentes de formulaci\u00f3n c.s.p.: 100,0 mL [&hellip;]<\/p>\n","protected":false},"author":1,"featured_media":0,"parent":0,"menu_order":0,"comment_status":"closed","ping_status":"closed","template":"","meta":{"site-sidebar-layout":"no-sidebar","site-content-layout":"","ast-site-content-layout":"full-width-container","site-content-style":"default","site-sidebar-style":"default","ast-global-header-display":"","ast-banner-title-visibility":"","ast-main-header-display":"","ast-hfb-above-header-display":"","ast-hfb-below-header-display":"","ast-hfb-mobile-header-display":"","site-post-title":"disabled","ast-breadcrumbs-content":"","ast-featured-img":"disabled","footer-sml-layout":"","ast-disable-related-posts":"","theme-transparent-header-meta":"","adv-header-id-meta":"","stick-header-meta":"","header-above-stick-meta":"","header-main-stick-meta":"","header-below-stick-meta":"","astra-migrate-meta-layouts":"default","ast-page-background-enabled":"default","ast-page-background-meta":{"desktop":{"background-color":"var(--ast-global-color-4)","background-image":"","background-repeat":"repeat","background-position":"center center","background-size":"auto","background-attachment":"scroll","background-type":"","background-media":"","overlay-type":"","overlay-color":"","overlay-opacity":"","overlay-gradient":""},"tablet":{"background-color":"","background-image":"","background-repeat":"repeat","background-position":"center center","background-size":"auto","background-attachment":"scroll","background-type":"","background-media":"","overlay-type":"","overlay-color":"","overlay-opacity":"","overlay-gradient":""},"mobile":{"background-color":"","background-image":"","background-repeat":"repeat","background-position":"center center","background-size":"auto","background-attachment":"scroll","background-type":"","background-media":"","overlay-type":"","overlay-color":"","overlay-opacity":"","overlay-gradient":""}},"ast-content-background-meta":{"desktop":{"background-color":"var(--ast-global-color-5)","background-image":"","background-repeat":"repeat","background-position":"center center","background-size":"auto","background-attachment":"scroll","background-type":"","background-media":"","overlay-type":"","overlay-color":"","overlay-opacity":"","overlay-gradient":""},"tablet":{"background-color":"var(--ast-global-color-5)","background-image":"","background-repeat":"repeat","background-position":"center center","background-size":"auto","background-attachment":"scroll","background-type":"","background-media":"","overlay-type":"","overlay-color":"","overlay-opacity":"","overlay-gradient":""},"mobile":{"background-color":"var(--ast-global-color-5)","background-image":"","background-repeat":"repeat","background-position":"center center","background-size":"auto","background-attachment":"scroll","background-type":"","background-media":"","overlay-type":"","overlay-color":"","overlay-opacity":"","overlay-gradient":""}},"_joinchat":[],"footnotes":""},"class_list":["post-248","page","type-page","status-publish","hentry"],"_links":{"self":[{"href":"https:\/\/vetsandpetstrading.com\/co\/wp-json\/wp\/v2\/pages\/248","targetHints":{"allow":["GET"]}}],"collection":[{"href":"https:\/\/vetsandpetstrading.com\/co\/wp-json\/wp\/v2\/pages"}],"about":[{"href":"https:\/\/vetsandpetstrading.com\/co\/wp-json\/wp\/v2\/types\/page"}],"author":[{"embeddable":true,"href":"https:\/\/vetsandpetstrading.com\/co\/wp-json\/wp\/v2\/users\/1"}],"replies":[{"embeddable":true,"href":"https:\/\/vetsandpetstrading.com\/co\/wp-json\/wp\/v2\/comments?post=248"}],"version-history":[{"count":8,"href":"https:\/\/vetsandpetstrading.com\/co\/wp-json\/wp\/v2\/pages\/248\/revisions"}],"predecessor-version":[{"id":258,"href":"https:\/\/vetsandpetstrading.com\/co\/wp-json\/wp\/v2\/pages\/248\/revisions\/258"}],"wp:attachment":[{"href":"https:\/\/vetsandpetstrading.com\/co\/wp-json\/wp\/v2\/media?parent=248"}],"curies":[{"name":"wp","href":"https:\/\/api.w.org\/{rel}","templated":true}]}}