{"id":302,"date":"2024-07-08T22:28:13","date_gmt":"2024-07-08T20:28:13","guid":{"rendered":"https:\/\/vetsandpetstrading.com\/co\/?page_id=302"},"modified":"2024-07-08T23:45:40","modified_gmt":"2024-07-08T21:45:40","slug":"tramadol","status":"publish","type":"page","link":"https:\/\/vetsandpetstrading.com\/co\/tramadol\/","title":{"rendered":"Tramadol"},"content":{"rendered":"\t\t<div data-elementor-type=\"wp-page\" data-elementor-id=\"302\" class=\"elementor elementor-302\" data-elementor-post-type=\"page\">\n\t\t\t\t<div class=\"elementor-element elementor-element-69525ef e-flex e-con-boxed e-con e-parent\" data-id=\"69525ef\" data-element_type=\"container\" data-e-type=\"container\">\n\t\t\t\t\t<div class=\"e-con-inner\">\n\t\t<div class=\"elementor-element elementor-element-eb983a6 e-con-full e-flex e-con e-child\" data-id=\"eb983a6\" data-element_type=\"container\" data-e-type=\"container\">\n\t\t\t\t<div class=\"elementor-element elementor-element-9d7c207 elementor-widget elementor-widget-image\" data-id=\"9d7c207\" data-element_type=\"widget\" data-e-type=\"widget\" data-widget_type=\"image.default\">\n\t\t\t\t<div class=\"elementor-widget-container\">\n\t\t\t\t\t\t\t\t\t\t\t\t\t\t\t<img fetchpriority=\"high\" decoding=\"async\" width=\"1200\" height=\"1200\" src=\"https:\/\/vetsandpetstrading.com\/co\/wp-content\/uploads\/sites\/11\/2024\/07\/Tramadol1.webp\" class=\"attachment-full size-full wp-image-284\" alt=\"Tramadol\" srcset=\"https:\/\/vetsandpetstrading.com\/co\/wp-content\/uploads\/sites\/11\/2024\/07\/Tramadol1.webp 1200w, https:\/\/vetsandpetstrading.com\/co\/wp-content\/uploads\/sites\/11\/2024\/07\/Tramadol1-300x300.webp 300w, https:\/\/vetsandpetstrading.com\/co\/wp-content\/uploads\/sites\/11\/2024\/07\/Tramadol1-1024x1024.webp 1024w, https:\/\/vetsandpetstrading.com\/co\/wp-content\/uploads\/sites\/11\/2024\/07\/Tramadol1-150x150.webp 150w, https:\/\/vetsandpetstrading.com\/co\/wp-content\/uploads\/sites\/11\/2024\/07\/Tramadol1-768x768.webp 768w\" sizes=\"(max-width: 1200px) 100vw, 1200px\" \/>\t\t\t\t\t\t\t\t\t\t\t\t\t\t\t<\/div>\n\t\t\t\t<\/div>\n\t\t\t\t<\/div>\n\t\t<div class=\"elementor-element elementor-element-95c0082 e-con-full e-flex e-con e-child\" data-id=\"95c0082\" data-element_type=\"container\" data-e-type=\"container\">\n\t\t\t\t<div class=\"elementor-element elementor-element-58c5d72 elementor-widget elementor-widget-heading\" data-id=\"58c5d72\" data-element_type=\"widget\" data-e-type=\"widget\" data-widget_type=\"heading.default\">\n\t\t\t\t<div class=\"elementor-widget-container\">\n\t\t\t\t\t<h2 class=\"elementor-heading-title elementor-size-default\">Tramadol<\/h2>\t\t\t\t<\/div>\n\t\t\t\t<\/div>\n\t\t\t\t<div class=\"elementor-element elementor-element-a643c6f elementor-widget elementor-widget-text-editor\" data-id=\"a643c6f\" data-element_type=\"widget\" data-e-type=\"widget\" data-widget_type=\"text-editor.default\">\n\t\t\t\t<div class=\"elementor-widget-container\">\n\t\t\t\t\t\t\t\t\t<p>Tramadol Clorhidrato 20 mg; Excipientes c.s.p. 150 mg.<\/p><p><strong>ACCI\u00d3N:<\/strong><br \/>Analg\u00e9sico<\/p><p><span style=\"font-weight: 400;\"><strong>INDICACIONES DE USO:<\/strong><br \/>Control del dolor som\u00e1tico y\/o visceral de grado moderado a severo y de origen agudo o cr\u00f3nico.<\/span><\/p>\t\t\t\t\t\t\t\t<\/div>\n\t\t\t\t<\/div>\n\t\t\t\t<\/div>\n\t\t\t\t\t<\/div>\n\t\t\t\t<\/div>\n\t\t<div class=\"elementor-element elementor-element-47942b7 e-flex e-con-boxed e-con e-parent\" data-id=\"47942b7\" data-element_type=\"container\" data-e-type=\"container\">\n\t\t\t\t\t<div class=\"e-con-inner\">\n\t\t\t\t<div class=\"elementor-element elementor-element-ba47723 elementor-tabs-alignment-center elementor-tabs-view-horizontal elementor-widget elementor-widget-tabs\" data-id=\"ba47723\" data-element_type=\"widget\" data-e-type=\"widget\" data-widget_type=\"tabs.default\">\n\t\t\t\t<div class=\"elementor-widget-container\">\n\t\t\t\t\t\t\t<div class=\"elementor-tabs\">\n\t\t\t<div class=\"elementor-tabs-wrapper\" role=\"tablist\" >\n\t\t\t\t\t\t\t\t\t<div id=\"elementor-tab-title-1951\" class=\"elementor-tab-title elementor-tab-desktop-title\" aria-selected=\"true\" data-tab=\"1\" role=\"tab\" tabindex=\"0\" aria-controls=\"elementor-tab-content-1951\" aria-expanded=\"false\">USO EN<\/div>\n\t\t\t\t\t\t\t\t\t<div id=\"elementor-tab-title-1952\" class=\"elementor-tab-title elementor-tab-desktop-title\" aria-selected=\"false\" data-tab=\"2\" role=\"tab\" tabindex=\"-1\" aria-controls=\"elementor-tab-content-1952\" aria-expanded=\"false\">DOSIFICACI\u00d3N<\/div>\n\t\t\t\t\t\t\t\t\t<div id=\"elementor-tab-title-1953\" class=\"elementor-tab-title elementor-tab-desktop-title\" aria-selected=\"false\" data-tab=\"3\" role=\"tab\" tabindex=\"-1\" aria-controls=\"elementor-tab-content-1953\" aria-expanded=\"false\">INTERACCI\u00d3N CON OTRAS DROGASDOSIFICACI\u00d3N<\/div>\n\t\t\t\t\t\t\t\t\t<div id=\"elementor-tab-title-1954\" class=\"elementor-tab-title elementor-tab-desktop-title\" aria-selected=\"false\" data-tab=\"4\" role=\"tab\" tabindex=\"-1\" aria-controls=\"elementor-tab-content-1954\" aria-expanded=\"false\">CONTRAINDICACIONES Y ADVERTENCIAS<\/div>\n\t\t\t\t\t\t\t<\/div>\n\t\t\t<div class=\"elementor-tabs-content-wrapper\" role=\"tablist\" aria-orientation=\"vertical\">\n\t\t\t\t\t\t\t\t\t<div class=\"elementor-tab-title elementor-tab-mobile-title\" aria-selected=\"true\" data-tab=\"1\" role=\"tab\" tabindex=\"0\" aria-controls=\"elementor-tab-content-1951\" aria-expanded=\"false\">USO EN<\/div>\n\t\t\t\t\t<div id=\"elementor-tab-content-1951\" class=\"elementor-tab-content elementor-clearfix\" data-tab=\"1\" role=\"tabpanel\" aria-labelledby=\"elementor-tab-title-1951\" tabindex=\"0\" hidden=\"false\">Perros y Gatos<\/div>\n\t\t\t\t\t\t\t\t\t<div class=\"elementor-tab-title elementor-tab-mobile-title\" aria-selected=\"false\" data-tab=\"2\" role=\"tab\" tabindex=\"-1\" aria-controls=\"elementor-tab-content-1952\" aria-expanded=\"false\">DOSIFICACI\u00d3N<\/div>\n\t\t\t\t\t<div id=\"elementor-tab-content-1952\" class=\"elementor-tab-content elementor-clearfix\" data-tab=\"2\" role=\"tabpanel\" aria-labelledby=\"elementor-tab-title-1952\" tabindex=\"0\" hidden=\"hidden\">Perros. V\u00eda Oral: 1 a 4 mg\/kg  (\u00bd  \u2013 2 comprimidos cada 10 kg). Gatos.  V\u00eda: 2 a 4 mg\/kg (\u00bd a 1 comprimidos cada 5 kg)\n<\/div>\n\t\t\t\t\t\t\t\t\t<div class=\"elementor-tab-title elementor-tab-mobile-title\" aria-selected=\"false\" data-tab=\"3\" role=\"tab\" tabindex=\"-1\" aria-controls=\"elementor-tab-content-1953\" aria-expanded=\"false\">INTERACCI\u00d3N CON OTRAS DROGASDOSIFICACI\u00d3N<\/div>\n\t\t\t\t\t<div id=\"elementor-tab-content-1953\" class=\"elementor-tab-content elementor-clearfix\" data-tab=\"3\" role=\"tabpanel\" aria-labelledby=\"elementor-tab-title-1953\" tabindex=\"0\" hidden=\"hidden\">Inhibidores de la MAO y de la citocroma P450 pueden potenciar la toxicidad del Tramadol. Agonistas y antagonistas pueden reducir el efecto analg\u00e9sico. La combinaci\u00f3n con agonistas \u03b12 puede provocar depresi\u00f3n respiratoria.\n<\/div>\n\t\t\t\t\t\t\t\t\t<div class=\"elementor-tab-title elementor-tab-mobile-title\" aria-selected=\"false\" data-tab=\"4\" role=\"tab\" tabindex=\"-1\" aria-controls=\"elementor-tab-content-1954\" aria-expanded=\"false\">CONTRAINDICACIONES Y ADVERTENCIAS<\/div>\n\t\t\t\t\t<div id=\"elementor-tab-content-1954\" class=\"elementor-tab-content elementor-clearfix\" data-tab=\"4\" role=\"tabpanel\" aria-labelledby=\"elementor-tab-title-1954\" tabindex=\"0\" hidden=\"hidden\"><p><span style=\"font-weight: 400;\">No administrar en pacientes con hipersensibilidad, insuficiencia hep\u00e1tica severa, falla renal, con epilepsia no controlada, hembras pre\u00f1adas ni lactantes.<\/span><\/p><\/div>\n\t\t\t\t\t\t\t<\/div>\n\t\t<\/div>\n\t\t\t\t\t\t<\/div>\n\t\t\t\t<\/div>\n\t\t\t\t\t<\/div>\n\t\t\t\t<\/div>\n\t\t\t\t<\/div>\n\t\t","protected":false},"excerpt":{"rendered":"<p>Tramadol Tramadol Clorhidrato 20 mg; Excipientes c.s.p. 150 mg. ACCI\u00d3N:Analg\u00e9sico INDICACIONES DE USO:Control del dolor som\u00e1tico y\/o visceral de grado [&hellip;]<\/p>\n","protected":false},"author":1,"featured_media":0,"parent":0,"menu_order":0,"comment_status":"closed","ping_status":"closed","template":"","meta":{"site-sidebar-layout":"no-sidebar","site-content-layout":"","ast-site-content-layout":"full-width-container","site-content-style":"default","site-sidebar-style":"default","ast-global-header-display":"","ast-banner-title-visibility":"","ast-main-header-display":"","ast-hfb-above-header-display":"","ast-hfb-below-header-display":"","ast-hfb-mobile-header-display":"","site-post-title":"disabled","ast-breadcrumbs-content":"","ast-featured-img":"disabled","footer-sml-layout":"","ast-disable-related-posts":"","theme-transparent-header-meta":"","adv-header-id-meta":"","stick-header-meta":"","header-above-stick-meta":"","header-main-stick-meta":"","header-below-stick-meta":"","astra-migrate-meta-layouts":"default","ast-page-background-enabled":"default","ast-page-background-meta":{"desktop":{"background-color":"var(--ast-global-color-4)","background-image":"","background-repeat":"repeat","background-position":"center center","background-size":"auto","background-attachment":"scroll","background-type":"","background-media":"","overlay-type":"","overlay-color":"","overlay-opacity":"","overlay-gradient":""},"tablet":{"background-color":"","background-image":"","background-repeat":"repeat","background-position":"center center","background-size":"auto","background-attachment":"scroll","background-type":"","background-media":"","overlay-type":"","overlay-color":"","overlay-opacity":"","overlay-gradient":""},"mobile":{"background-color":"","background-image":"","background-repeat":"repeat","background-position":"center center","background-size":"auto","background-attachment":"scroll","background-type":"","background-media":"","overlay-type":"","overlay-color":"","overlay-opacity":"","overlay-gradient":""}},"ast-content-background-meta":{"desktop":{"background-color":"var(--ast-global-color-5)","background-image":"","background-repeat":"repeat","background-position":"center center","background-size":"auto","background-attachment":"scroll","background-type":"","background-media":"","overlay-type":"","overlay-color":"","overlay-opacity":"","overlay-gradient":""},"tablet":{"background-color":"var(--ast-global-color-5)","background-image":"","background-repeat":"repeat","background-position":"center center","background-size":"auto","background-attachment":"scroll","background-type":"","background-media":"","overlay-type":"","overlay-color":"","overlay-opacity":"","overlay-gradient":""},"mobile":{"background-color":"var(--ast-global-color-5)","background-image":"","background-repeat":"repeat","background-position":"center center","background-size":"auto","background-attachment":"scroll","background-type":"","background-media":"","overlay-type":"","overlay-color":"","overlay-opacity":"","overlay-gradient":""}},"_joinchat":[],"footnotes":""},"class_list":["post-302","page","type-page","status-publish","hentry"],"_links":{"self":[{"href":"https:\/\/vetsandpetstrading.com\/co\/wp-json\/wp\/v2\/pages\/302","targetHints":{"allow":["GET"]}}],"collection":[{"href":"https:\/\/vetsandpetstrading.com\/co\/wp-json\/wp\/v2\/pages"}],"about":[{"href":"https:\/\/vetsandpetstrading.com\/co\/wp-json\/wp\/v2\/types\/page"}],"author":[{"embeddable":true,"href":"https:\/\/vetsandpetstrading.com\/co\/wp-json\/wp\/v2\/users\/1"}],"replies":[{"embeddable":true,"href":"https:\/\/vetsandpetstrading.com\/co\/wp-json\/wp\/v2\/comments?post=302"}],"version-history":[{"count":14,"href":"https:\/\/vetsandpetstrading.com\/co\/wp-json\/wp\/v2\/pages\/302\/revisions"}],"predecessor-version":[{"id":345,"href":"https:\/\/vetsandpetstrading.com\/co\/wp-json\/wp\/v2\/pages\/302\/revisions\/345"}],"wp:attachment":[{"href":"https:\/\/vetsandpetstrading.com\/co\/wp-json\/wp\/v2\/media?parent=302"}],"curies":[{"name":"wp","href":"https:\/\/api.w.org\/{rel}","templated":true}]}}