{"id":290,"date":"2024-06-12T19:22:10","date_gmt":"2024-06-12T17:22:10","guid":{"rendered":"https:\/\/vetsandpetstrading.com\/farmina-cr\/?post_type=product&#038;p=290"},"modified":"2024-06-13T23:10:37","modified_gmt":"2024-06-13T21:10:37","slug":"skin-coat-arenque-adulto","status":"publish","type":"product","link":"https:\/\/vetsandpetstrading.com\/farmina-cr\/producto\/skin-coat-arenque-adulto\/","title":{"rendered":"SKIN &#038; COAT ARENQUE ADULTO"},"content":{"rendered":"<p>Arenque (20%), prote\u00edna de arenque deshidratada (20%), almid\u00f3n de guisante, aceite de pescado (de arenque), extracto de semilla de quinoa (8%), semillas de lino, coco seco (2,5%), c\u00farcuma (2,5%), inulina, fructooligosac\u00e1ridos, extracto de levadura (fuente de manno-oligosac\u00e1ridos), carbonato de calcio, fosfato dic\u00e1lcico, c\u00e1scaras y semillas de psyllium, cloruro de potasio, cloruro de sodio, levadura de cerveza desecada, extracto de aloe vera, glucosamina, condroit\u00edn sulfato.<br \/>\nFuentes de prote\u00ednas: arenque, prote\u00edna de arenque deshidratada.<br \/>\nFuentes de hidratos de carbono: almid\u00f3n de guisante, extractos de semillas de quinoa.<\/p>\n<p><img decoding=\"async\" class=\"alignnone wp-image-313 size-full\" src=\"https:\/\/vetsandpetstrading.com\/farmina-cr\/wp-content\/uploads\/sites\/10\/2024\/06\/SKIN-COAT-ARENQUE-ADULTO2-1.png\" alt=\"\" width=\"658\" height=\"74\" srcset=\"https:\/\/vetsandpetstrading.com\/farmina-cr\/wp-content\/uploads\/sites\/10\/2024\/06\/SKIN-COAT-ARENQUE-ADULTO2-1.png 658w, https:\/\/vetsandpetstrading.com\/farmina-cr\/wp-content\/uploads\/sites\/10\/2024\/06\/SKIN-COAT-ARENQUE-ADULTO2-1-300x34.png 300w, https:\/\/vetsandpetstrading.com\/farmina-cr\/wp-content\/uploads\/sites\/10\/2024\/06\/SKIN-COAT-ARENQUE-ADULTO2-1-600x67.png 600w\" sizes=\"(max-width: 658px) 100vw, 658px\" \/><\/p>\n<p><a class=\"button\" target=\"_blank\" href=\"https:\/\/vetsandpetstrading.com\/farmina-cr\/wp-content\/uploads\/sites\/10\/2024\/06\/440_13_quinoa-skincoat-herring-all-breeds-25kg-feeding-guide-scaled.jpg\" rel=\"noopener\">GU\u00cdA DE ALIMENTACI\u00d3N<\/a><\/p>\n","protected":false},"excerpt":{"rendered":"<p>Arenque (20%), prote\u00edna de arenque deshidratada (20%), almid\u00f3n de guisante, aceite de pescado (de arenque), extracto de semilla de quinoa (8%), semillas de lino, coco seco (2,5%), c\u00farcuma (2,5%), inulina, fructooligosac\u00e1ridos, extracto de levadura (fuente de manno-oligosac\u00e1ridos), carbonato de calcio, fosfato dic\u00e1lcico, c\u00e1scaras y semillas de psyllium, cloruro de potasio, cloruro de sodio, levadura de cerveza desecada, extracto de aloe vera, glucosamina, condroit\u00edn sulfato.<br \/>\nFuentes de prote\u00ednas: arenque, prote\u00edna de arenque deshidratada.<br \/>\nFuentes de hidratos de carbono: almid\u00f3n de guisante, extractos de semillas de quinoa.<\/p>\n","protected":false},"featured_media":344,"template":"","meta":{"site-sidebar-layout":"default","site-content-layout":"","ast-site-content-layout":"default","site-content-style":"default","site-sidebar-style":"default","ast-global-header-display":"","ast-banner-title-visibility":"","ast-main-header-display":"","ast-hfb-above-header-display":"","ast-hfb-below-header-display":"","ast-hfb-mobile-header-display":"","site-post-title":"","ast-breadcrumbs-content":"","ast-featured-img":"","footer-sml-layout":"","ast-disable-related-posts":"","theme-transparent-header-meta":"default","adv-header-id-meta":"","stick-header-meta":"","header-above-stick-meta":"","header-main-stick-meta":"","header-below-stick-meta":"","astra-migrate-meta-layouts":"set","ast-page-background-enabled":"default","ast-page-background-meta":{"desktop":{"background-color":"var(--ast-global-color-4)","background-image":"","background-repeat":"repeat","background-position":"center center","background-size":"auto","background-attachment":"scroll","background-type":"","background-media":"","overlay-type":"","overlay-color":"","overlay-opacity":"","overlay-gradient":""},"tablet":{"background-color":"","background-image":"","background-repeat":"repeat","background-position":"center center","background-size":"auto","background-attachment":"scroll","background-type":"","background-media":"","overlay-type":"","overlay-color":"","overlay-opacity":"","overlay-gradient":""},"mobile":{"background-color":"","background-image":"","background-repeat":"repeat","background-position":"center center","background-size":"auto","background-attachment":"scroll","background-type":"","background-media":"","overlay-type":"","overlay-color":"","overlay-opacity":"","overlay-gradient":""}},"ast-content-background-meta":{"desktop":{"background-color":"var(--ast-global-color-5)","background-image":"","background-repeat":"repeat","background-position":"center center","background-size":"auto","background-attachment":"scroll","background-type":"","background-media":"","overlay-type":"","overlay-color":"","overlay-opacity":"","overlay-gradient":""},"tablet":{"background-color":"var(--ast-global-color-5)","background-image":"","background-repeat":"repeat","background-position":"center center","background-size":"auto","background-attachment":"scroll","background-type":"","background-media":"","overlay-type":"","overlay-color":"","overlay-opacity":"","overlay-gradient":""},"mobile":{"background-color":"var(--ast-global-color-5)","background-image":"","background-repeat":"repeat","background-position":"center center","background-size":"auto","background-attachment":"scroll","background-type":"","background-media":"","overlay-type":"","overlay-color":"","overlay-opacity":"","overlay-gradient":""}},"_joinchat":[]},"product_brand":[],"product_cat":[20,25],"product_tag":[],"class_list":{"0":"post-290","1":"product","2":"type-product","3":"status-publish","4":"has-post-thumbnail","6":"product_cat-nd-quinoa","7":"product_cat-perros","8":"desktop-align-left","9":"tablet-align-left","10":"mobile-align-left","12":"first","13":"instock","14":"shipping-taxable","15":"product-type-simple"},"_links":{"self":[{"href":"https:\/\/vetsandpetstrading.com\/farmina-cr\/wp-json\/wp\/v2\/product\/290","targetHints":{"allow":["GET"]}}],"collection":[{"href":"https:\/\/vetsandpetstrading.com\/farmina-cr\/wp-json\/wp\/v2\/product"}],"about":[{"href":"https:\/\/vetsandpetstrading.com\/farmina-cr\/wp-json\/wp\/v2\/types\/product"}],"wp:featuredmedia":[{"embeddable":true,"href":"https:\/\/vetsandpetstrading.com\/farmina-cr\/wp-json\/wp\/v2\/media\/344"}],"wp:attachment":[{"href":"https:\/\/vetsandpetstrading.com\/farmina-cr\/wp-json\/wp\/v2\/media?parent=290"}],"wp:term":[{"taxonomy":"product_brand","embeddable":true,"href":"https:\/\/vetsandpetstrading.com\/farmina-cr\/wp-json\/wp\/v2\/product_brand?post=290"},{"taxonomy":"product_cat","embeddable":true,"href":"https:\/\/vetsandpetstrading.com\/farmina-cr\/wp-json\/wp\/v2\/product_cat?post=290"},{"taxonomy":"product_tag","embeddable":true,"href":"https:\/\/vetsandpetstrading.com\/farmina-cr\/wp-json\/wp\/v2\/product_tag?post=290"}],"curies":[{"name":"wp","href":"https:\/\/api.w.org\/{rel}","templated":true}]}}