{"id":703,"date":"2025-06-09T14:33:48","date_gmt":"2025-06-09T12:33:48","guid":{"rendered":"https:\/\/vetsandpetstrading.com\/farmina-cr\/?post_type=product&#038;p=703"},"modified":"2025-06-09T14:49:08","modified_gmt":"2025-06-09T12:49:08","slug":"pollo-granada-gatito-kitten-lata","status":"publish","type":"product","link":"https:\/\/vetsandpetstrading.com\/farmina-cr\/producto\/pollo-granada-gatito-kitten-lata\/","title":{"rendered":"Pollo &#038; Granada gatito (kitten) lata"},"content":{"rendered":"<div class=\"intro\">\n<div class=\"intro\">\n<div class=\"intro\">\n<p>Alimento completo para gatitos, gatos gestantes o lactantes.<\/p>\n<\/div>\n<\/div>\n<\/div>\n<p><img fetchpriority=\"high\" decoding=\"async\" class=\"alignnone wp-image-704 \" src=\"https:\/\/vetsandpetstrading.com\/farmina-cr\/wp-content\/uploads\/sites\/10\/2025\/06\/Captura-de-pantalla-2025-06-09-a-las-7.36.59\u202fa.m-1024x118.png\" alt=\"\" width=\"920\" height=\"106\" srcset=\"https:\/\/vetsandpetstrading.com\/farmina-cr\/wp-content\/uploads\/sites\/10\/2025\/06\/Captura-de-pantalla-2025-06-09-a-las-7.36.59\u202fa.m-1024x118.png 1024w, https:\/\/vetsandpetstrading.com\/farmina-cr\/wp-content\/uploads\/sites\/10\/2025\/06\/Captura-de-pantalla-2025-06-09-a-las-7.36.59\u202fa.m-300x35.png 300w, https:\/\/vetsandpetstrading.com\/farmina-cr\/wp-content\/uploads\/sites\/10\/2025\/06\/Captura-de-pantalla-2025-06-09-a-las-7.36.59\u202fa.m-768x89.png 768w, https:\/\/vetsandpetstrading.com\/farmina-cr\/wp-content\/uploads\/sites\/10\/2025\/06\/Captura-de-pantalla-2025-06-09-a-las-7.36.59\u202fa.m-600x69.png 600w, https:\/\/vetsandpetstrading.com\/farmina-cr\/wp-content\/uploads\/sites\/10\/2025\/06\/Captura-de-pantalla-2025-06-09-a-las-7.36.59\u202fa.m.png 1368w\" sizes=\"(max-width: 920px) 100vw, 920px\" \/><\/p>\n<p><a class=\"button\" href=\"https:\/\/www.farmina.com\/fotoprodotti\/dosi\/498_44_20210126-nd-wet-cat-prime-chicken-pomegranate-kitten-table-80g@web.pdf\" target=\"_blank\" rel=\"noopener\">GU\u00cdA DE ALIMENTACI\u00d3N<\/a><\/p>\n<div class=\"attiva\">\n<div class=\"etichetta\">\n<div class=\"formato-linea\">\n<div class=\"attiva\">\n<div class=\"etichetta\">\n<div class=\"formato-linea\">Disponible en formatos de 70g<\/div>\n<\/div>\n<\/div>\n<\/div>\n<\/div>\n<\/div>\n","protected":false},"excerpt":{"rendered":"<p>N&amp;D Prime: nutrici\u00f3n \u00f3ptima para carn\u00edvoros<br \/>\nDescubre N&amp;D Prime, el mejor sistema de nutrici\u00f3n para carn\u00edvoros. Formulado para todas las fases de crecimiento.<br \/>\nPrincipales beneficios:<br \/>\n\u2022 98 % de prote\u00edna animal: favorece el desarrollo y la salud muscular.<br \/>\n\u2022 Elaborado sin cereales, granos ni conservantes artificiales.<br \/>\n\u2022 Bajo \u00edndice gluc\u00e9mico: garantiza niveles de energ\u00eda estables.<br \/>\n\u2022 Ingredientes cuidadosamente seleccionados: Procedentes de la regi\u00f3n para el bienestar de las mascotas.<\/p>\n<p>\u00bfPor qu\u00e9 N&amp;D Prime?<br \/>\n\u2022 Calidad de confianza: Los m\u00e1s altos est\u00e1ndares de seguridad y calidad.<br \/>\n\u2022 Asistencia personalizada: Plan nutricional gratuito y asistencia de un asesor Farmina Genius.<\/p>\n<p>Aumenta la vitalidad de tu mascota con N&amp;D Prime.<\/p>\n","protected":false},"featured_media":705,"template":"","meta":{"site-sidebar-layout":"default","site-content-layout":"","ast-site-content-layout":"default","site-content-style":"default","site-sidebar-style":"default","ast-global-header-display":"","ast-banner-title-visibility":"","ast-main-header-display":"","ast-hfb-above-header-display":"","ast-hfb-below-header-display":"","ast-hfb-mobile-header-display":"","site-post-title":"","ast-breadcrumbs-content":"","ast-featured-img":"","footer-sml-layout":"","ast-disable-related-posts":"","theme-transparent-header-meta":"default","adv-header-id-meta":"","stick-header-meta":"","header-above-stick-meta":"","header-main-stick-meta":"","header-below-stick-meta":"","astra-migrate-meta-layouts":"set","ast-page-background-enabled":"default","ast-page-background-meta":{"desktop":{"background-color":"var(--ast-global-color-4)","background-image":"","background-repeat":"repeat","background-position":"center center","background-size":"auto","background-attachment":"scroll","background-type":"","background-media":"","overlay-type":"","overlay-color":"","overlay-opacity":"","overlay-gradient":""},"tablet":{"background-color":"","background-image":"","background-repeat":"repeat","background-position":"center center","background-size":"auto","background-attachment":"scroll","background-type":"","background-media":"","overlay-type":"","overlay-color":"","overlay-opacity":"","overlay-gradient":""},"mobile":{"background-color":"","background-image":"","background-repeat":"repeat","background-position":"center center","background-size":"auto","background-attachment":"scroll","background-type":"","background-media":"","overlay-type":"","overlay-color":"","overlay-opacity":"","overlay-gradient":""}},"ast-content-background-meta":{"desktop":{"background-color":"var(--ast-global-color-5)","background-image":"","background-repeat":"repeat","background-position":"center center","background-size":"auto","background-attachment":"scroll","background-type":"","background-media":"","overlay-type":"","overlay-color":"","overlay-opacity":"","overlay-gradient":""},"tablet":{"background-color":"var(--ast-global-color-5)","background-image":"","background-repeat":"repeat","background-position":"center center","background-size":"auto","background-attachment":"scroll","background-type":"","background-media":"","overlay-type":"","overlay-color":"","overlay-opacity":"","overlay-gradient":""},"mobile":{"background-color":"var(--ast-global-color-5)","background-image":"","background-repeat":"repeat","background-position":"center center","background-size":"auto","background-attachment":"scroll","background-type":"","background-media":"","overlay-type":"","overlay-color":"","overlay-opacity":"","overlay-gradient":""}},"_joinchat":[]},"product_brand":[],"product_cat":[26,21],"product_tag":[],"class_list":{"0":"post-703","1":"product","2":"type-product","3":"status-publish","4":"has-post-thumbnail","6":"product_cat-gatos","7":"product_cat-nd-prime","8":"desktop-align-left","9":"tablet-align-left","10":"mobile-align-left","12":"first","13":"instock","14":"shipping-taxable","15":"product-type-simple"},"_links":{"self":[{"href":"https:\/\/vetsandpetstrading.com\/farmina-cr\/wp-json\/wp\/v2\/product\/703","targetHints":{"allow":["GET"]}}],"collection":[{"href":"https:\/\/vetsandpetstrading.com\/farmina-cr\/wp-json\/wp\/v2\/product"}],"about":[{"href":"https:\/\/vetsandpetstrading.com\/farmina-cr\/wp-json\/wp\/v2\/types\/product"}],"wp:featuredmedia":[{"embeddable":true,"href":"https:\/\/vetsandpetstrading.com\/farmina-cr\/wp-json\/wp\/v2\/media\/705"}],"wp:attachment":[{"href":"https:\/\/vetsandpetstrading.com\/farmina-cr\/wp-json\/wp\/v2\/media?parent=703"}],"wp:term":[{"taxonomy":"product_brand","embeddable":true,"href":"https:\/\/vetsandpetstrading.com\/farmina-cr\/wp-json\/wp\/v2\/product_brand?post=703"},{"taxonomy":"product_cat","embeddable":true,"href":"https:\/\/vetsandpetstrading.com\/farmina-cr\/wp-json\/wp\/v2\/product_cat?post=703"},{"taxonomy":"product_tag","embeddable":true,"href":"https:\/\/vetsandpetstrading.com\/farmina-cr\/wp-json\/wp\/v2\/product_tag?post=703"}],"curies":[{"name":"wp","href":"https:\/\/api.w.org\/{rel}","templated":true}]}}