{"id":734,"date":"2025-07-04T16:58:32","date_gmt":"2025-07-04T14:58:32","guid":{"rendered":"https:\/\/vetsandpetstrading.com\/farmina-cr\/?post_type=product&#038;p=734"},"modified":"2025-07-04T17:00:34","modified_gmt":"2025-07-04T15:00:34","slug":"urinary-lata","status":"publish","type":"product","link":"https:\/\/vetsandpetstrading.com\/farmina-cr\/producto\/urinary-lata\/","title":{"rendered":"Urinary lata"},"content":{"rendered":"<p>Alimento completo para gatos adultos. N&amp;D Quinoa Urinary es un alimento h\u00famedo diet\u00e9tico completo para gatos, sugerido para la reducci\u00f3n de la recurrencia de c\u00e1lculos de estruvita y la enfermedad del tracto urinario inferior felino.<\/p>\n<p><img fetchpriority=\"high\" decoding=\"async\" class=\"alignnone wp-image-727 size-full\" src=\"https:\/\/vetsandpetstrading.com\/farmina-cr\/wp-content\/uploads\/sites\/10\/2025\/07\/Captura-de-pantalla-2025-07-04-a-las-9.48.44\u202fa.m.png\" alt=\"\" width=\"675\" height=\"78\" srcset=\"https:\/\/vetsandpetstrading.com\/farmina-cr\/wp-content\/uploads\/sites\/10\/2025\/07\/Captura-de-pantalla-2025-07-04-a-las-9.48.44\u202fa.m.png 675w, https:\/\/vetsandpetstrading.com\/farmina-cr\/wp-content\/uploads\/sites\/10\/2025\/07\/Captura-de-pantalla-2025-07-04-a-las-9.48.44\u202fa.m-300x35.png 300w, https:\/\/vetsandpetstrading.com\/farmina-cr\/wp-content\/uploads\/sites\/10\/2025\/07\/Captura-de-pantalla-2025-07-04-a-las-9.48.44\u202fa.m-600x69.png 600w\" sizes=\"(max-width: 675px) 100vw, 675px\" \/><\/p>\n<p>&nbsp;<\/p>\n<p><a class=\"button\" href=\"https:\/\/www.farmina.com\/fotoprodotti\/dosi\/504_30_20190928-nd-wet-cat-urinary-adult-table-80g@web.pdf\" target=\"_blank\" rel=\"noopener\">GU\u00cdA DE ALIMENTACI\u00d3N<\/a><\/p>\n","protected":false},"excerpt":{"rendered":"<p>N&amp;D Quinoa: Nutrici\u00f3n a Medida para Necesidades Diet\u00e9ticas Espec\u00edficas<\/p>\n<p>Desbloquea el poder de N&amp;D Quinoa Skin &amp; Coat, la dieta de sensibilidad alimentaria definitiva para cat Cient\u00edficamente formulado para cat que sufren alergias, intolerancias, picores o calenturas, garantizando al mismo tiempo una nutrici\u00f3n y satisfacci\u00f3n \u00f3ptimas.<\/p>\n<p>Beneficios Clave:<br \/>\n&#8211; Dieta de ingredientes limitados -Prote\u00edna \u00fanica y novedosa<br \/>\n&#8211; Alto contenido en Omega-3<br \/>\n&#8211; Bajo \u00edndice gluc\u00e9mico<\/p>\n<p>\u00bfPor qu\u00e9 elegir la quinoa N&amp;D?<br \/>\n&#8211; Calidad de confianza: Los ingredientes de origen regional cumplen las normas m\u00e1s exigentes.<br \/>\n&#8211; Nutrici\u00f3n a medida: Dise\u00f1ado por nutricionistas de animales para las sensibilidades alimentarias.<br \/>\n&#8211; Garant\u00eda de satisfacci\u00f3n del 100%: Experimenta una mayor vitalidad y bienestar.<\/p>\n","protected":false},"featured_media":735,"template":"","meta":{"site-sidebar-layout":"default","site-content-layout":"","ast-site-content-layout":"default","site-content-style":"default","site-sidebar-style":"default","ast-global-header-display":"","ast-banner-title-visibility":"","ast-main-header-display":"","ast-hfb-above-header-display":"","ast-hfb-below-header-display":"","ast-hfb-mobile-header-display":"","site-post-title":"","ast-breadcrumbs-content":"","ast-featured-img":"","footer-sml-layout":"","ast-disable-related-posts":"","theme-transparent-header-meta":"default","adv-header-id-meta":"","stick-header-meta":"","header-above-stick-meta":"","header-main-stick-meta":"","header-below-stick-meta":"","astra-migrate-meta-layouts":"set","ast-page-background-enabled":"default","ast-page-background-meta":{"desktop":{"background-color":"var(--ast-global-color-4)","background-image":"","background-repeat":"repeat","background-position":"center center","background-size":"auto","background-attachment":"scroll","background-type":"","background-media":"","overlay-type":"","overlay-color":"","overlay-opacity":"","overlay-gradient":""},"tablet":{"background-color":"","background-image":"","background-repeat":"repeat","background-position":"center center","background-size":"auto","background-attachment":"scroll","background-type":"","background-media":"","overlay-type":"","overlay-color":"","overlay-opacity":"","overlay-gradient":""},"mobile":{"background-color":"","background-image":"","background-repeat":"repeat","background-position":"center center","background-size":"auto","background-attachment":"scroll","background-type":"","background-media":"","overlay-type":"","overlay-color":"","overlay-opacity":"","overlay-gradient":""}},"ast-content-background-meta":{"desktop":{"background-color":"var(--ast-global-color-5)","background-image":"","background-repeat":"repeat","background-position":"center center","background-size":"auto","background-attachment":"scroll","background-type":"","background-media":"","overlay-type":"","overlay-color":"","overlay-opacity":"","overlay-gradient":""},"tablet":{"background-color":"var(--ast-global-color-5)","background-image":"","background-repeat":"repeat","background-position":"center center","background-size":"auto","background-attachment":"scroll","background-type":"","background-media":"","overlay-type":"","overlay-color":"","overlay-opacity":"","overlay-gradient":""},"mobile":{"background-color":"var(--ast-global-color-5)","background-image":"","background-repeat":"repeat","background-position":"center center","background-size":"auto","background-attachment":"scroll","background-type":"","background-media":"","overlay-type":"","overlay-color":"","overlay-opacity":"","overlay-gradient":""}},"_joinchat":[]},"product_brand":[],"product_cat":[26,20],"product_tag":[],"class_list":{"0":"post-734","1":"product","2":"type-product","3":"status-publish","4":"has-post-thumbnail","6":"product_cat-gatos","7":"product_cat-nd-quinoa","8":"desktop-align-left","9":"tablet-align-left","10":"mobile-align-left","12":"first","13":"instock","14":"shipping-taxable","15":"product-type-simple"},"_links":{"self":[{"href":"https:\/\/vetsandpetstrading.com\/farmina-cr\/wp-json\/wp\/v2\/product\/734","targetHints":{"allow":["GET"]}}],"collection":[{"href":"https:\/\/vetsandpetstrading.com\/farmina-cr\/wp-json\/wp\/v2\/product"}],"about":[{"href":"https:\/\/vetsandpetstrading.com\/farmina-cr\/wp-json\/wp\/v2\/types\/product"}],"wp:featuredmedia":[{"embeddable":true,"href":"https:\/\/vetsandpetstrading.com\/farmina-cr\/wp-json\/wp\/v2\/media\/735"}],"wp:attachment":[{"href":"https:\/\/vetsandpetstrading.com\/farmina-cr\/wp-json\/wp\/v2\/media?parent=734"}],"wp:term":[{"taxonomy":"product_brand","embeddable":true,"href":"https:\/\/vetsandpetstrading.com\/farmina-cr\/wp-json\/wp\/v2\/product_brand?post=734"},{"taxonomy":"product_cat","embeddable":true,"href":"https:\/\/vetsandpetstrading.com\/farmina-cr\/wp-json\/wp\/v2\/product_cat?post=734"},{"taxonomy":"product_tag","embeddable":true,"href":"https:\/\/vetsandpetstrading.com\/farmina-cr\/wp-json\/wp\/v2\/product_tag?post=734"}],"curies":[{"name":"wp","href":"https:\/\/api.w.org\/{rel}","templated":true}]}}