{"id":809,"date":"2025-07-11T14:06:46","date_gmt":"2025-07-11T12:06:46","guid":{"rendered":"https:\/\/vetsandpetstrading.com\/farmina-cr\/?post_type=product&#038;p=809"},"modified":"2025-07-11T14:09:02","modified_gmt":"2025-07-11T12:09:02","slug":"pollo-adult-medium-maxi","status":"publish","type":"product","link":"https:\/\/vetsandpetstrading.com\/farmina-cr\/producto\/pollo-adult-medium-maxi\/","title":{"rendered":"Pollo Adult Medium &#038; Maxi"},"content":{"rendered":"<div class=\"intro\">\n<div class=\"intro\">\n<div class=\"intro\">\n<div class=\"intro\">\n<p>Alimento completo y balanceado para perros adultos de razas medianas y grandes<\/p>\n<\/div>\n<\/div>\n<\/div>\n<\/div>\n<p><img fetchpriority=\"high\" decoding=\"async\" class=\"alignnone wp-image-741 size-full\" src=\"https:\/\/vetsandpetstrading.com\/farmina-cr\/wp-content\/uploads\/sites\/10\/2025\/07\/Captura-de-pantalla-2025-07-04-a-las-10.48.48\u202fa.m.png\" alt=\"\" width=\"686\" height=\"150\" srcset=\"https:\/\/vetsandpetstrading.com\/farmina-cr\/wp-content\/uploads\/sites\/10\/2025\/07\/Captura-de-pantalla-2025-07-04-a-las-10.48.48\u202fa.m.png 686w, https:\/\/vetsandpetstrading.com\/farmina-cr\/wp-content\/uploads\/sites\/10\/2025\/07\/Captura-de-pantalla-2025-07-04-a-las-10.48.48\u202fa.m-300x66.png 300w, https:\/\/vetsandpetstrading.com\/farmina-cr\/wp-content\/uploads\/sites\/10\/2025\/07\/Captura-de-pantalla-2025-07-04-a-las-10.48.48\u202fa.m-600x131.png 600w\" sizes=\"(max-width: 686px) 100vw, 686px\" \/><\/p>\n<p>&nbsp;<\/p>\n<p><a class=\"button\" href=\"https:\/\/www.farmina.com\/fotoprodotti\/dosi\/1046_24_tabela-quantidades-linha%20dry-ND-tropical%20selection-canine_feline_14.pdf\" target=\"_blank\" rel=\"noopener\">GU\u00cdA DE ALIMENTACI\u00d3N<\/a><\/p>\n","protected":false},"excerpt":{"rendered":"<p>90\u202f% de Prote\u00edna de Origen Animal: Con cerca del 90\u202f% de prote\u00ednas derivadas de fuentes animales, la f\u00f3rmula favorece el desarrollo muscular y la vitalidad.<\/p>\n<p>100\u202f% Libre de Ingredientes Gen\u00e9ticamente Modificados: Garantiza una nutrici\u00f3n natural y de alta calidad.<\/p>\n<p>Selecci\u00f3n de Frutas Tropicales: Aporta vitaminas y antioxidantes esenciales.<\/p>\n<p>Sin colorantes ni aromas artificiales: Conservado con ingredientes naturales, manteniendo la calidad del producto.<\/p>\n<p>Soporte Personalizado: Accede a un plan nutricional gratuito y recibe soporte directo con la Consultor\u00eda Nutricional Online Farmina o a trav\u00e9s de la aplicaci\u00f3n Farmina Genius, garantizando un seguimiento adecuado para las necesidades de tu mascota con un 100% de Garant\u00eda de Satisfacci\u00f3n.<\/p>\n","protected":false},"featured_media":810,"template":"","meta":{"site-sidebar-layout":"default","site-content-layout":"","ast-site-content-layout":"default","site-content-style":"default","site-sidebar-style":"default","ast-global-header-display":"","ast-banner-title-visibility":"","ast-main-header-display":"","ast-hfb-above-header-display":"","ast-hfb-below-header-display":"","ast-hfb-mobile-header-display":"","site-post-title":"","ast-breadcrumbs-content":"","ast-featured-img":"","footer-sml-layout":"","ast-disable-related-posts":"","theme-transparent-header-meta":"default","adv-header-id-meta":"","stick-header-meta":"","header-above-stick-meta":"","header-main-stick-meta":"","header-below-stick-meta":"","astra-migrate-meta-layouts":"set","ast-page-background-enabled":"default","ast-page-background-meta":{"desktop":{"background-color":"var(--ast-global-color-4)","background-image":"","background-repeat":"repeat","background-position":"center center","background-size":"auto","background-attachment":"scroll","background-type":"","background-media":"","overlay-type":"","overlay-color":"","overlay-opacity":"","overlay-gradient":""},"tablet":{"background-color":"","background-image":"","background-repeat":"repeat","background-position":"center center","background-size":"auto","background-attachment":"scroll","background-type":"","background-media":"","overlay-type":"","overlay-color":"","overlay-opacity":"","overlay-gradient":""},"mobile":{"background-color":"","background-image":"","background-repeat":"repeat","background-position":"center center","background-size":"auto","background-attachment":"scroll","background-type":"","background-media":"","overlay-type":"","overlay-color":"","overlay-opacity":"","overlay-gradient":""}},"ast-content-background-meta":{"desktop":{"background-color":"var(--ast-global-color-5)","background-image":"","background-repeat":"repeat","background-position":"center center","background-size":"auto","background-attachment":"scroll","background-type":"","background-media":"","overlay-type":"","overlay-color":"","overlay-opacity":"","overlay-gradient":""},"tablet":{"background-color":"var(--ast-global-color-5)","background-image":"","background-repeat":"repeat","background-position":"center center","background-size":"auto","background-attachment":"scroll","background-type":"","background-media":"","overlay-type":"","overlay-color":"","overlay-opacity":"","overlay-gradient":""},"mobile":{"background-color":"var(--ast-global-color-5)","background-image":"","background-repeat":"repeat","background-position":"center center","background-size":"auto","background-attachment":"scroll","background-type":"","background-media":"","overlay-type":"","overlay-color":"","overlay-opacity":"","overlay-gradient":""}},"_joinchat":[]},"product_brand":[],"product_cat":[33,25],"product_tag":[],"class_list":{"0":"post-809","1":"product","2":"type-product","3":"status-publish","4":"has-post-thumbnail","6":"product_cat-nd-tropical","7":"product_cat-perros","8":"desktop-align-left","9":"tablet-align-left","10":"mobile-align-left","12":"first","13":"instock","14":"shipping-taxable","15":"product-type-simple"},"_links":{"self":[{"href":"https:\/\/vetsandpetstrading.com\/farmina-cr\/wp-json\/wp\/v2\/product\/809","targetHints":{"allow":["GET"]}}],"collection":[{"href":"https:\/\/vetsandpetstrading.com\/farmina-cr\/wp-json\/wp\/v2\/product"}],"about":[{"href":"https:\/\/vetsandpetstrading.com\/farmina-cr\/wp-json\/wp\/v2\/types\/product"}],"wp:featuredmedia":[{"embeddable":true,"href":"https:\/\/vetsandpetstrading.com\/farmina-cr\/wp-json\/wp\/v2\/media\/810"}],"wp:attachment":[{"href":"https:\/\/vetsandpetstrading.com\/farmina-cr\/wp-json\/wp\/v2\/media?parent=809"}],"wp:term":[{"taxonomy":"product_brand","embeddable":true,"href":"https:\/\/vetsandpetstrading.com\/farmina-cr\/wp-json\/wp\/v2\/product_brand?post=809"},{"taxonomy":"product_cat","embeddable":true,"href":"https:\/\/vetsandpetstrading.com\/farmina-cr\/wp-json\/wp\/v2\/product_cat?post=809"},{"taxonomy":"product_tag","embeddable":true,"href":"https:\/\/vetsandpetstrading.com\/farmina-cr\/wp-json\/wp\/v2\/product_tag?post=809"}],"curies":[{"name":"wp","href":"https:\/\/api.w.org\/{rel}","templated":true}]}}