{"id":861,"date":"2025-09-02T21:43:40","date_gmt":"2025-09-02T19:43:40","guid":{"rendered":"https:\/\/vetsandpetstrading.com\/farmina-cr\/?post_type=product&#038;p=861"},"modified":"2025-09-02T21:49:16","modified_gmt":"2025-09-02T19:49:16","slug":"obesity-diabetic-mini-canine","status":"publish","type":"product","link":"https:\/\/vetsandpetstrading.com\/farmina-cr\/producto\/obesity-diabetic-mini-canine\/","title":{"rendered":"Obesity &#038; Diabetic Mini Canine"},"content":{"rendered":"<div class=\"intro\">\n<div class=\"intro\">\n<div class=\"intro\">\n<div class=\"intro\">\n<div class=\"intro\">\n<p>Alimento coadyuvante seco indicado para perros obesos y\/o con diabetes mellitus.<\/p>\n<p>Vet Life Natural Canine Obesity &amp; Diabetic Mini Breeds es un alimento coadyuvante seco indicado para perros adultos de razas peque\u00f1as para reducci\u00f3n del exceso de peso corporal. La densidad energ\u00e9tica reducida y el elevado contenido de fibras favorecen el control de la obesidad. La ingesti\u00f3n de carbohidratos de lenta digesti\u00f3n y absorci\u00f3n asociada con la mayor cuantidad de fibra hace de Vet Life Natural Canine Obesity &amp; Diabetic Mini Breeds adecuado para perros diab\u00e9ticos de razas peque\u00f1as.<\/p>\n<p>RESTRICCIONES Y OTRAS RECOMENDACIONES: Vet Life Natural Canine Obesity &amp; Diabetic Mini Breeds est\u00e1 contraindicado para cachorros, hembras en gestaci\u00f3n y lactancia, perros con bajo peso o debilitados, deshidratados, perros con hiper-metabolismo, insuficiencia renal y enfermedades hep\u00e1ticas.<\/p>\n<\/div>\n<\/div>\n<\/div>\n<\/div>\n<\/div>\n<p><img decoding=\"async\" class=\"alignnone wp-image-862 size-full\" src=\"https:\/\/vetsandpetstrading.com\/farmina-cr\/wp-content\/uploads\/sites\/10\/2025\/09\/Captura-de-pantalla-2025-09-02-a-las-2.48.05-p.m.png\" alt=\"\" width=\"665\" height=\"70\" srcset=\"https:\/\/vetsandpetstrading.com\/farmina-cr\/wp-content\/uploads\/sites\/10\/2025\/09\/Captura-de-pantalla-2025-09-02-a-las-2.48.05-p.m.png 665w, https:\/\/vetsandpetstrading.com\/farmina-cr\/wp-content\/uploads\/sites\/10\/2025\/09\/Captura-de-pantalla-2025-09-02-a-las-2.48.05-p.m-300x32.png 300w, https:\/\/vetsandpetstrading.com\/farmina-cr\/wp-content\/uploads\/sites\/10\/2025\/09\/Captura-de-pantalla-2025-09-02-a-las-2.48.05-p.m-600x63.png 600w\" sizes=\"(max-width: 665px) 100vw, 665px\" \/><\/p>\n<p>&nbsp;<\/p>\n<p><a class=\"button\" href=\"https:\/\/www.farmina.com\/fotoprodotti\/dosi\/417_28_tabela-quantidades-diarias-vet-life-natural-canine-obesity-diabetic.pdf\" target=\"_blank\" rel=\"noopener\">GU\u00cdA DE ALIMENTACI\u00d3N<\/a><\/p>\n","protected":false},"excerpt":{"rendered":"<p>Alimento coadyuvante seco indicado para perros obesos y\/o con diabetes mellitus. Vet Life Natural Canine Obesity &amp; Diabetic Mini Breeds [&hellip;]<\/p>\n","protected":false},"featured_media":863,"template":"","meta":{"site-sidebar-layout":"default","site-content-layout":"","ast-site-content-layout":"default","site-content-style":"default","site-sidebar-style":"default","ast-global-header-display":"","ast-banner-title-visibility":"","ast-main-header-display":"","ast-hfb-above-header-display":"","ast-hfb-below-header-display":"","ast-hfb-mobile-header-display":"","site-post-title":"","ast-breadcrumbs-content":"","ast-featured-img":"","footer-sml-layout":"","ast-disable-related-posts":"","theme-transparent-header-meta":"default","adv-header-id-meta":"","stick-header-meta":"","header-above-stick-meta":"","header-main-stick-meta":"","header-below-stick-meta":"","astra-migrate-meta-layouts":"set","ast-page-background-enabled":"default","ast-page-background-meta":{"desktop":{"background-color":"var(--ast-global-color-4)","background-image":"","background-repeat":"repeat","background-position":"center center","background-size":"auto","background-attachment":"scroll","background-type":"","background-media":"","overlay-type":"","overlay-color":"","overlay-opacity":"","overlay-gradient":""},"tablet":{"background-color":"","background-image":"","background-repeat":"repeat","background-position":"center center","background-size":"auto","background-attachment":"scroll","background-type":"","background-media":"","overlay-type":"","overlay-color":"","overlay-opacity":"","overlay-gradient":""},"mobile":{"background-color":"","background-image":"","background-repeat":"repeat","background-position":"center center","background-size":"auto","background-attachment":"scroll","background-type":"","background-media":"","overlay-type":"","overlay-color":"","overlay-opacity":"","overlay-gradient":""}},"ast-content-background-meta":{"desktop":{"background-color":"var(--ast-global-color-5)","background-image":"","background-repeat":"repeat","background-position":"center center","background-size":"auto","background-attachment":"scroll","background-type":"","background-media":"","overlay-type":"","overlay-color":"","overlay-opacity":"","overlay-gradient":""},"tablet":{"background-color":"var(--ast-global-color-5)","background-image":"","background-repeat":"repeat","background-position":"center center","background-size":"auto","background-attachment":"scroll","background-type":"","background-media":"","overlay-type":"","overlay-color":"","overlay-opacity":"","overlay-gradient":""},"mobile":{"background-color":"var(--ast-global-color-5)","background-image":"","background-repeat":"repeat","background-position":"center center","background-size":"auto","background-attachment":"scroll","background-type":"","background-media":"","overlay-type":"","overlay-color":"","overlay-opacity":"","overlay-gradient":""}},"_joinchat":[]},"product_brand":[],"product_cat":[25,30],"product_tag":[],"class_list":{"0":"post-861","1":"product","2":"type-product","3":"status-publish","4":"has-post-thumbnail","6":"product_cat-perros","7":"product_cat-vetlife","8":"desktop-align-left","9":"tablet-align-left","10":"mobile-align-left","12":"first","13":"instock","14":"shipping-taxable","15":"product-type-simple"},"_links":{"self":[{"href":"https:\/\/vetsandpetstrading.com\/farmina-cr\/wp-json\/wp\/v2\/product\/861","targetHints":{"allow":["GET"]}}],"collection":[{"href":"https:\/\/vetsandpetstrading.com\/farmina-cr\/wp-json\/wp\/v2\/product"}],"about":[{"href":"https:\/\/vetsandpetstrading.com\/farmina-cr\/wp-json\/wp\/v2\/types\/product"}],"wp:featuredmedia":[{"embeddable":true,"href":"https:\/\/vetsandpetstrading.com\/farmina-cr\/wp-json\/wp\/v2\/media\/863"}],"wp:attachment":[{"href":"https:\/\/vetsandpetstrading.com\/farmina-cr\/wp-json\/wp\/v2\/media?parent=861"}],"wp:term":[{"taxonomy":"product_brand","embeddable":true,"href":"https:\/\/vetsandpetstrading.com\/farmina-cr\/wp-json\/wp\/v2\/product_brand?post=861"},{"taxonomy":"product_cat","embeddable":true,"href":"https:\/\/vetsandpetstrading.com\/farmina-cr\/wp-json\/wp\/v2\/product_cat?post=861"},{"taxonomy":"product_tag","embeddable":true,"href":"https:\/\/vetsandpetstrading.com\/farmina-cr\/wp-json\/wp\/v2\/product_tag?post=861"}],"curies":[{"name":"wp","href":"https:\/\/api.w.org\/{rel}","templated":true}]}}