{"id":432,"date":"2024-06-13T17:05:55","date_gmt":"2024-06-13T15:05:55","guid":{"rendered":"https:\/\/vetsandpetstrading.com\/farmina-gt\/?post_type=product&#038;p=432"},"modified":"2024-06-13T23:15:54","modified_gmt":"2024-06-13T21:15:54","slug":"salmon-y-melon-adult-medium-maxi","status":"publish","type":"product","link":"https:\/\/vetsandpetstrading.com\/farmina-gt\/producto\/salmon-y-melon-adult-medium-maxi\/","title":{"rendered":"SALM\u00d3N Y MEL\u00d3N ADULT MEDIUM &#038; MAXI"},"content":{"rendered":"<div class=\"intro\">\n<div class=\"intro\">\n<div class=\"intro\">\n<p>Alimento completo y balanceado para perros adultos de razas medianas e grandes<\/p>\n<\/div>\n<\/div>\n<\/div>\n<p><img decoding=\"async\" class=\"alignnone size-full wp-image-411\" src=\"https:\/\/vetsandpetstrading.com\/farmina-gt\/wp-content\/uploads\/sites\/17\/2024\/06\/96-0-0.png\" alt=\"\" width=\"650\" height=\"72\" srcset=\"https:\/\/vetsandpetstrading.com\/farmina-gt\/wp-content\/uploads\/sites\/17\/2024\/06\/96-0-0.png 650w, https:\/\/vetsandpetstrading.com\/farmina-gt\/wp-content\/uploads\/sites\/17\/2024\/06\/96-0-0-300x33.png 300w, https:\/\/vetsandpetstrading.com\/farmina-gt\/wp-content\/uploads\/sites\/17\/2024\/06\/96-0-0-600x66.png 600w\" sizes=\"(max-width: 650px) 100vw, 650px\" \/><\/p>\n<p><a class=\"button\" target=\"_blank\" href=\"https:\/\/vetsandpetstrading.com\/farmina-gt\/wp-content\/uploads\/sites\/17\/2024\/06\/957_29_tabela-quantidades-diarias-ocean-canine-adult-medium-maxi.pdf\" rel=\"noopener\">GU\u00cdA DE ALIMENTACI\u00d3N<\/a><\/p>\n<div class=\"attiva\">\n<div class=\"etichetta\">\n<div class=\"formato-linea\">\n<div class=\"attiva\">\n<div class=\"etichetta\">\n<div class=\"formato-linea\">\n<div class=\"attiva\">\n<div class=\"etichetta\">\n<div class=\"formato-linea\">DISPONIBLE EN ESTOS TAMA\u00d1OS 1.5KG<\/div>\n<\/div>\n<\/div>\n<\/div>\n<\/div>\n<\/div>\n<\/div>\n<\/div>\n<\/div>\n","protected":false},"excerpt":{"rendered":"<p>salm\u00f3n (carne mec\u00e1nicamente separada de salm\u00f3n, harina de salm\u00f3n \u2013 m\u00edn. 8%), harina de pescado, harina de v\u00edsceras de aves, harina de torrezno, huevo en polvo, almid\u00f3n de papa, almid\u00f3n de mandioca, aceite de pescado, aceite de pollo, pulpa de remolacha, c\u00e1scara de guisante, alfalfa deshidratada, celulosa en polvo, lignocelulosa, semilla de psyllium, levadura seca de cervecer\u00eda, mel\u00f3n deshidratado (m\u00edn. 0,1%), zanahoria deshidratada, espinaca deshidratada, naranja deshidratada, manzana deshidratada, extracto de ar\u00e1ndano, extracto de granada, extracto de t\u00e9 verde, extracto de aloe vera, c\u00farcuma en polvo, beta caroteno, aditivos prebi\u00f3ticos (FOS y MOS), DL-metionina, taurina, L-carnitina, sulfato de condroitina, sulfato de glucosamina, aditivos adsorbentes (extracto de yucca y zeolita), hidrolizado de pescado, vitaminas (retinol (A), colecalciferol (D3), acetato de DL-alfa-tocoferol (E), tiamina (B1), riboflavina (B2), clorhidrato de piridoxina (B6), cianocobalamina (B12), \u00e1cido asc\u00f3rbico monofosfato (C), biotina, niacina, \u00e1cido pantot\u00e9nico, \u00e1cido f\u00f3lico, cloruro de colina), cloruro de potasio, hierro amino\u00e1cido quelato, cobre amino\u00e1cido quelato, zinc amino\u00e1cido quelato, manganeso amino\u00e1cido quelato, proteinato de selenio, yodato de calcio, propionato de calcio, concentrado de tocoferoles.<br \/>\nEventuales sustitutivos: prote\u00edna hidrolizada de pescado, prote\u00edna hidrolizada de pollo.<\/p>\n","protected":false},"featured_media":437,"template":"","meta":{"site-sidebar-layout":"default","site-content-layout":"","ast-site-content-layout":"default","site-content-style":"default","site-sidebar-style":"default","ast-global-header-display":"","ast-banner-title-visibility":"","ast-main-header-display":"","ast-hfb-above-header-display":"","ast-hfb-below-header-display":"","ast-hfb-mobile-header-display":"","site-post-title":"","ast-breadcrumbs-content":"","ast-featured-img":"","footer-sml-layout":"","ast-disable-related-posts":"","theme-transparent-header-meta":"default","adv-header-id-meta":"","stick-header-meta":"","header-above-stick-meta":"","header-main-stick-meta":"","header-below-stick-meta":"","astra-migrate-meta-layouts":"set","ast-page-background-enabled":"default","ast-page-background-meta":{"desktop":{"background-color":"var(--ast-global-color-4)","background-image":"","background-repeat":"repeat","background-position":"center center","background-size":"auto","background-attachment":"scroll","background-type":"","background-media":"","overlay-type":"","overlay-color":"","overlay-opacity":"","overlay-gradient":""},"tablet":{"background-color":"","background-image":"","background-repeat":"repeat","background-position":"center center","background-size":"auto","background-attachment":"scroll","background-type":"","background-media":"","overlay-type":"","overlay-color":"","overlay-opacity":"","overlay-gradient":""},"mobile":{"background-color":"","background-image":"","background-repeat":"repeat","background-position":"center center","background-size":"auto","background-attachment":"scroll","background-type":"","background-media":"","overlay-type":"","overlay-color":"","overlay-opacity":"","overlay-gradient":""}},"ast-content-background-meta":{"desktop":{"background-color":"var(--ast-global-color-5)","background-image":"","background-repeat":"repeat","background-position":"center center","background-size":"auto","background-attachment":"scroll","background-type":"","background-media":"","overlay-type":"","overlay-color":"","overlay-opacity":"","overlay-gradient":""},"tablet":{"background-color":"var(--ast-global-color-5)","background-image":"","background-repeat":"repeat","background-position":"center center","background-size":"auto","background-attachment":"scroll","background-type":"","background-media":"","overlay-type":"","overlay-color":"","overlay-opacity":"","overlay-gradient":""},"mobile":{"background-color":"var(--ast-global-color-5)","background-image":"","background-repeat":"repeat","background-position":"center center","background-size":"auto","background-attachment":"scroll","background-type":"","background-media":"","overlay-type":"","overlay-color":"","overlay-opacity":"","overlay-gradient":""}},"_joinchat":[]},"product_brand":[],"product_cat":[23,25],"product_tag":[],"class_list":{"0":"post-432","1":"product","2":"type-product","3":"status-publish","4":"has-post-thumbnail","6":"product_cat-nd-ocean","7":"product_cat-perros","8":"desktop-align-left","9":"tablet-align-left","10":"mobile-align-left","12":"first","13":"instock","14":"shipping-taxable","15":"product-type-simple"},"_links":{"self":[{"href":"https:\/\/vetsandpetstrading.com\/farmina-gt\/wp-json\/wp\/v2\/product\/432","targetHints":{"allow":["GET"]}}],"collection":[{"href":"https:\/\/vetsandpetstrading.com\/farmina-gt\/wp-json\/wp\/v2\/product"}],"about":[{"href":"https:\/\/vetsandpetstrading.com\/farmina-gt\/wp-json\/wp\/v2\/types\/product"}],"wp:featuredmedia":[{"embeddable":true,"href":"https:\/\/vetsandpetstrading.com\/farmina-gt\/wp-json\/wp\/v2\/media\/437"}],"wp:attachment":[{"href":"https:\/\/vetsandpetstrading.com\/farmina-gt\/wp-json\/wp\/v2\/media?parent=432"}],"wp:term":[{"taxonomy":"product_brand","embeddable":true,"href":"https:\/\/vetsandpetstrading.com\/farmina-gt\/wp-json\/wp\/v2\/product_brand?post=432"},{"taxonomy":"product_cat","embeddable":true,"href":"https:\/\/vetsandpetstrading.com\/farmina-gt\/wp-json\/wp\/v2\/product_cat?post=432"},{"taxonomy":"product_tag","embeddable":true,"href":"https:\/\/vetsandpetstrading.com\/farmina-gt\/wp-json\/wp\/v2\/product_tag?post=432"}],"curies":[{"name":"wp","href":"https:\/\/api.w.org\/{rel}","templated":true}]}}