{"id":451,"date":"2024-06-13T18:13:34","date_gmt":"2024-06-13T16:13:34","guid":{"rendered":"https:\/\/vetsandpetstrading.com\/farmina-gt\/?post_type=product&#038;p=451"},"modified":"2024-06-13T23:17:01","modified_gmt":"2024-06-13T21:17:01","slug":"pollo-granada-adult-mini-3","status":"publish","type":"product","link":"https:\/\/vetsandpetstrading.com\/farmina-gt\/producto\/pollo-granada-adult-mini-3\/","title":{"rendered":"POLLO &#038; GRANADA ADULT MINI"},"content":{"rendered":"<div class=\"intro\">\n<div class=\"intro\">\n<div class=\"intro\">\n<div class=\"intro\">\n<div class=\"intro\">\n<p>Alimento completo para perros adultos de razas de tama\u00f1o peque\u00f1o y mini.<br \/>\nElaborado a base de pollo, espelta, avena y granada.<\/p>\n<\/div>\n<\/div>\n<\/div>\n<\/div>\n<\/div>\n<p><img decoding=\"async\" class=\"alignnone size-full wp-image-447\" src=\"https:\/\/vetsandpetstrading.com\/farmina-gt\/wp-content\/uploads\/sites\/17\/2024\/06\/90-0-0.png\" alt=\"\" width=\"651\" height=\"76\" srcset=\"https:\/\/vetsandpetstrading.com\/farmina-gt\/wp-content\/uploads\/sites\/17\/2024\/06\/90-0-0.png 651w, https:\/\/vetsandpetstrading.com\/farmina-gt\/wp-content\/uploads\/sites\/17\/2024\/06\/90-0-0-300x35.png 300w, https:\/\/vetsandpetstrading.com\/farmina-gt\/wp-content\/uploads\/sites\/17\/2024\/06\/90-0-0-600x70.png 600w\" sizes=\"(max-width: 651px) 100vw, 651px\" \/><\/p>\n<p><a class=\"button\" target=\"_blank\" href=\"https:\/\/vetsandpetstrading.com\/farmina-gt\/wp-content\/uploads\/sites\/17\/2024\/06\/109_59_nd-ancestral-grain-canine-chicken-adult-mini.pdf\" rel=\"noopener\">GU\u00cdA DE ALIMENTACI\u00d3N<\/a><\/p>\n<div class=\"attiva\">\n<div class=\"etichetta\">\n<div class=\"formato-linea\">\n<div class=\"attiva\">\n<div class=\"etichetta\">\n<div class=\"formato-linea\">\n<div class=\"attiva\">\n<div class=\"etichetta\">\n<div class=\"formato-linea\">\n<div class=\"attiva\">\n<div class=\"etichetta\">\n<div class=\"formato-linea\">\n<div class=\"attiva\">\n<div class=\"etichetta\">\n<div class=\"formato-linea\">\n<div class=\"attiva\">\n<div class=\"etichetta\">\n<div class=\"formato-linea\">\n<div class=\"attiva\">\n<div class=\"etichetta\">\n<div class=\"formato-linea\">DISPONIBLE EN FORMATOS DE 800G &#8211; 2,5KG &#8211; 7KG<\/div>\n<\/div>\n<\/div>\n<\/div>\n<\/div>\n<\/div>\n<\/div>\n<\/div>\n<\/div>\n<\/div>\n<\/div>\n<\/div>\n<\/div>\n<\/div>\n<\/div>\n<\/div>\n<\/div>\n<\/div>\n<\/div>\n<\/div>\n<\/div>\n","protected":false},"excerpt":{"rendered":"<p>Pollo deshuesado (20%), prote\u00edna de pollo deshidratada (18%), espelta (10%), avena (10%), grasa de pollo, huevo entero deshidratado, arenque, prote\u00edna de arenque deshidratado, pulpa de remolacha deshidratada, aceite de pescado (de arenque), fibra de guisante, zanahoria deshidratada, alfalfa deshidratada, inulina, fructo-oligosac\u00e1ridos, extracto de levadura (fuente de manano-oligosac\u00e1ridos), granada deshidratada (0.5%), manzana deshidratada, espinaca deshidratada, psyllium (0.3%), naranja dulce deshidratada, ar\u00e1ndano deshidratado, cloruro de sodio, levadura de cerveza deshidratada, c\u00farcuma (0.2%), extracto de aloe vera, glucosamina, condroit\u00edn sulfato.<\/p>\n","protected":false},"featured_media":453,"template":"","meta":{"site-sidebar-layout":"default","site-content-layout":"","ast-site-content-layout":"default","site-content-style":"default","site-sidebar-style":"default","ast-global-header-display":"","ast-banner-title-visibility":"","ast-main-header-display":"","ast-hfb-above-header-display":"","ast-hfb-below-header-display":"","ast-hfb-mobile-header-display":"","site-post-title":"","ast-breadcrumbs-content":"","ast-featured-img":"","footer-sml-layout":"","ast-disable-related-posts":"","theme-transparent-header-meta":"default","adv-header-id-meta":"","stick-header-meta":"","header-above-stick-meta":"","header-main-stick-meta":"","header-below-stick-meta":"","astra-migrate-meta-layouts":"set","ast-page-background-enabled":"default","ast-page-background-meta":{"desktop":{"background-color":"var(--ast-global-color-4)","background-image":"","background-repeat":"repeat","background-position":"center center","background-size":"auto","background-attachment":"scroll","background-type":"","background-media":"","overlay-type":"","overlay-color":"","overlay-opacity":"","overlay-gradient":""},"tablet":{"background-color":"","background-image":"","background-repeat":"repeat","background-position":"center center","background-size":"auto","background-attachment":"scroll","background-type":"","background-media":"","overlay-type":"","overlay-color":"","overlay-opacity":"","overlay-gradient":""},"mobile":{"background-color":"","background-image":"","background-repeat":"repeat","background-position":"center center","background-size":"auto","background-attachment":"scroll","background-type":"","background-media":"","overlay-type":"","overlay-color":"","overlay-opacity":"","overlay-gradient":""}},"ast-content-background-meta":{"desktop":{"background-color":"var(--ast-global-color-5)","background-image":"","background-repeat":"repeat","background-position":"center center","background-size":"auto","background-attachment":"scroll","background-type":"","background-media":"","overlay-type":"","overlay-color":"","overlay-opacity":"","overlay-gradient":""},"tablet":{"background-color":"var(--ast-global-color-5)","background-image":"","background-repeat":"repeat","background-position":"center center","background-size":"auto","background-attachment":"scroll","background-type":"","background-media":"","overlay-type":"","overlay-color":"","overlay-opacity":"","overlay-gradient":""},"mobile":{"background-color":"var(--ast-global-color-5)","background-image":"","background-repeat":"repeat","background-position":"center center","background-size":"auto","background-attachment":"scroll","background-type":"","background-media":"","overlay-type":"","overlay-color":"","overlay-opacity":"","overlay-gradient":""}},"_joinchat":[]},"product_brand":[],"product_cat":[24,25],"product_tag":[],"class_list":{"0":"post-451","1":"product","2":"type-product","3":"status-publish","4":"has-post-thumbnail","6":"product_cat-nd-ancestral","7":"product_cat-perros","8":"desktop-align-left","9":"tablet-align-left","10":"mobile-align-left","12":"first","13":"instock","14":"shipping-taxable","15":"product-type-simple"},"_links":{"self":[{"href":"https:\/\/vetsandpetstrading.com\/farmina-gt\/wp-json\/wp\/v2\/product\/451","targetHints":{"allow":["GET"]}}],"collection":[{"href":"https:\/\/vetsandpetstrading.com\/farmina-gt\/wp-json\/wp\/v2\/product"}],"about":[{"href":"https:\/\/vetsandpetstrading.com\/farmina-gt\/wp-json\/wp\/v2\/types\/product"}],"wp:featuredmedia":[{"embeddable":true,"href":"https:\/\/vetsandpetstrading.com\/farmina-gt\/wp-json\/wp\/v2\/media\/453"}],"wp:attachment":[{"href":"https:\/\/vetsandpetstrading.com\/farmina-gt\/wp-json\/wp\/v2\/media?parent=451"}],"wp:term":[{"taxonomy":"product_brand","embeddable":true,"href":"https:\/\/vetsandpetstrading.com\/farmina-gt\/wp-json\/wp\/v2\/product_brand?post=451"},{"taxonomy":"product_cat","embeddable":true,"href":"https:\/\/vetsandpetstrading.com\/farmina-gt\/wp-json\/wp\/v2\/product_cat?post=451"},{"taxonomy":"product_tag","embeddable":true,"href":"https:\/\/vetsandpetstrading.com\/farmina-gt\/wp-json\/wp\/v2\/product_tag?post=451"}],"curies":[{"name":"wp","href":"https:\/\/api.w.org\/{rel}","templated":true}]}}