{"id":677,"date":"2025-05-12T19:48:17","date_gmt":"2025-05-12T17:48:17","guid":{"rendered":"https:\/\/vetsandpetstrading.com\/farmina-gt\/?post_type=product&#038;p=677"},"modified":"2025-05-12T19:56:35","modified_gmt":"2025-05-12T17:56:35","slug":"selection-adult-maxi-giant","status":"publish","type":"product","link":"https:\/\/vetsandpetstrading.com\/farmina-gt\/producto\/selection-adult-maxi-giant\/","title":{"rendered":"Selection Adult Maxi &#038; Giant"},"content":{"rendered":"<div class=\"intro\">\n<div class=\"intro\">\n<div class=\"intro\">\n<div class=\"intro\">\n<div class=\"intro\">\n<div class=\"intro\">\n<p>Alimento completo y balanceado para perros adultos de razas grandes y gigantes.<\/p>\n<\/div>\n<\/div>\n<\/div>\n<\/div>\n<\/div>\n<\/div>\n<p><img decoding=\"async\" class=\"alignnone size-full wp-image-447\" src=\"https:\/\/vetsandpetstrading.com\/farmina-gt\/wp-content\/uploads\/sites\/17\/2024\/06\/90-0-0.png\" alt=\"\" width=\"651\" height=\"76\" srcset=\"https:\/\/vetsandpetstrading.com\/farmina-gt\/wp-content\/uploads\/sites\/17\/2024\/06\/90-0-0.png 651w, https:\/\/vetsandpetstrading.com\/farmina-gt\/wp-content\/uploads\/sites\/17\/2024\/06\/90-0-0-300x35.png 300w, https:\/\/vetsandpetstrading.com\/farmina-gt\/wp-content\/uploads\/sites\/17\/2024\/06\/90-0-0-600x70.png 600w\" sizes=\"(max-width: 651px) 100vw, 651px\" \/><\/p>\n<p><a class=\"button\" href=\"https:\/\/vetsandpetstrading.com\/farmina-gt\/wp-content\/uploads\/sites\/17\/2024\/06\/596_35_nd-ancestral-grain-canine-chicken-senior-mini.pdf\" target=\"_blank\" rel=\"noopener\">GU\u00cdA DE ALIMENTACI\u00d3N<\/a><\/p>\n<div class=\"attiva\">\n<div class=\"etichetta\">\n<div class=\"formato-linea\">\n<div class=\"attiva\">\n<div class=\"etichetta\">\n<div class=\"formato-linea\">\n<div class=\"attiva\">\n<div class=\"etichetta\">\n<div class=\"formato-linea\">\n<div class=\"attiva\">\n<div class=\"etichetta\">\n<div class=\"formato-linea\">\n<div class=\"attiva\">\n<div class=\"etichetta\">\n<div class=\"formato-linea\">\n<div class=\"attiva\">\n<div class=\"etichetta\">\n<div class=\"formato-linea\">\n<div class=\"attiva\">\n<div class=\"etichetta\">\n<div class=\"formato-linea\">\n<div class=\"attiva\">\n<div class=\"etichetta\">\n<div class=\"formato-linea\">\n<div class=\"attiva\">\n<div class=\"etichetta\">\n<div class=\"formato-linea\">DISPONIBLE EN FORMATOS DE 2,5KG<\/div>\n<\/div>\n<\/div>\n<\/div>\n<\/div>\n<\/div>\n<\/div>\n<\/div>\n<\/div>\n<\/div>\n<\/div>\n<\/div>\n<\/div>\n<\/div>\n<\/div>\n<\/div>\n<\/div>\n<\/div>\n<\/div>\n<\/div>\n<\/div>\n<\/div>\n<\/div>\n<\/div>\n<\/div>\n<\/div>\n<\/div>\n","protected":false},"excerpt":{"rendered":"<p>90% de Prote\u00edna de Fuentes Animales: Con aproximadamente el 90% de las prote\u00ednas derivadas de fuentes animales, la f\u00f3rmula apoya el desarrollo muscular y la vitalidad.<br \/>\n100% Libre de Ingredientes Gen\u00e9ticamente Modificados: Garant\u00eda de una nutrici\u00f3n natural y de alta calidad.<br \/>\nCereales Ancestrales en Cantidad Controlada:Contiene cebada y avena, cereales ancestrales conocidos por sus beneficios nutricionales, en cantidades limitadas para una dieta equilibrada.<br \/>\nSin colorantes ni aromas artificiales: Conservaci\u00f3n con ingredientes naturales, manteniendo la calidad del producto.<br \/>\nSoporte personalizado: Accede a un plan nutricional gratuito y recibe asistencia directa con la Consultor\u00eda Nutricional Online Farmina o a trav\u00e9s de la aplicaci\u00f3n Farmina Genius, asegurando un seguimiento adecuado para las necesidades de tu mascota con un 100% de garant\u00eda de satisfacci\u00f3n<\/p>\n","protected":false},"featured_media":678,"template":"","meta":{"site-sidebar-layout":"default","site-content-layout":"","ast-site-content-layout":"default","site-content-style":"default","site-sidebar-style":"default","ast-global-header-display":"","ast-banner-title-visibility":"","ast-main-header-display":"","ast-hfb-above-header-display":"","ast-hfb-below-header-display":"","ast-hfb-mobile-header-display":"","site-post-title":"","ast-breadcrumbs-content":"","ast-featured-img":"","footer-sml-layout":"","ast-disable-related-posts":"","theme-transparent-header-meta":"default","adv-header-id-meta":"","stick-header-meta":"","header-above-stick-meta":"","header-main-stick-meta":"","header-below-stick-meta":"","astra-migrate-meta-layouts":"set","ast-page-background-enabled":"default","ast-page-background-meta":{"desktop":{"background-color":"var(--ast-global-color-4)","background-image":"","background-repeat":"repeat","background-position":"center center","background-size":"auto","background-attachment":"scroll","background-type":"","background-media":"","overlay-type":"","overlay-color":"","overlay-opacity":"","overlay-gradient":""},"tablet":{"background-color":"","background-image":"","background-repeat":"repeat","background-position":"center center","background-size":"auto","background-attachment":"scroll","background-type":"","background-media":"","overlay-type":"","overlay-color":"","overlay-opacity":"","overlay-gradient":""},"mobile":{"background-color":"","background-image":"","background-repeat":"repeat","background-position":"center center","background-size":"auto","background-attachment":"scroll","background-type":"","background-media":"","overlay-type":"","overlay-color":"","overlay-opacity":"","overlay-gradient":""}},"ast-content-background-meta":{"desktop":{"background-color":"var(--ast-global-color-5)","background-image":"","background-repeat":"repeat","background-position":"center center","background-size":"auto","background-attachment":"scroll","background-type":"","background-media":"","overlay-type":"","overlay-color":"","overlay-opacity":"","overlay-gradient":""},"tablet":{"background-color":"var(--ast-global-color-5)","background-image":"","background-repeat":"repeat","background-position":"center center","background-size":"auto","background-attachment":"scroll","background-type":"","background-media":"","overlay-type":"","overlay-color":"","overlay-opacity":"","overlay-gradient":""},"mobile":{"background-color":"var(--ast-global-color-5)","background-image":"","background-repeat":"repeat","background-position":"center center","background-size":"auto","background-attachment":"scroll","background-type":"","background-media":"","overlay-type":"","overlay-color":"","overlay-opacity":"","overlay-gradient":""}},"_joinchat":[]},"product_brand":[],"product_cat":[24,25],"product_tag":[],"class_list":{"0":"post-677","1":"product","2":"type-product","3":"status-publish","4":"has-post-thumbnail","6":"product_cat-nd-ancestral","7":"product_cat-perros","8":"desktop-align-left","9":"tablet-align-left","10":"mobile-align-left","12":"first","13":"instock","14":"shipping-taxable","15":"product-type-simple"},"_links":{"self":[{"href":"https:\/\/vetsandpetstrading.com\/farmina-gt\/wp-json\/wp\/v2\/product\/677","targetHints":{"allow":["GET"]}}],"collection":[{"href":"https:\/\/vetsandpetstrading.com\/farmina-gt\/wp-json\/wp\/v2\/product"}],"about":[{"href":"https:\/\/vetsandpetstrading.com\/farmina-gt\/wp-json\/wp\/v2\/types\/product"}],"wp:featuredmedia":[{"embeddable":true,"href":"https:\/\/vetsandpetstrading.com\/farmina-gt\/wp-json\/wp\/v2\/media\/678"}],"wp:attachment":[{"href":"https:\/\/vetsandpetstrading.com\/farmina-gt\/wp-json\/wp\/v2\/media?parent=677"}],"wp:term":[{"taxonomy":"product_brand","embeddable":true,"href":"https:\/\/vetsandpetstrading.com\/farmina-gt\/wp-json\/wp\/v2\/product_brand?post=677"},{"taxonomy":"product_cat","embeddable":true,"href":"https:\/\/vetsandpetstrading.com\/farmina-gt\/wp-json\/wp\/v2\/product_cat?post=677"},{"taxonomy":"product_tag","embeddable":true,"href":"https:\/\/vetsandpetstrading.com\/farmina-gt\/wp-json\/wp\/v2\/product_tag?post=677"}],"curies":[{"name":"wp","href":"https:\/\/api.w.org\/{rel}","templated":true}]}}