{"id":679,"date":"2025-05-12T20:03:04","date_gmt":"2025-05-12T18:03:04","guid":{"rendered":"https:\/\/vetsandpetstrading.com\/farmina-gt\/?post_type=product&#038;p=679"},"modified":"2025-05-12T20:08:23","modified_gmt":"2025-05-12T18:08:23","slug":"selection-puppy-maxi-giant","status":"publish","type":"product","link":"https:\/\/vetsandpetstrading.com\/farmina-gt\/producto\/selection-puppy-maxi-giant\/","title":{"rendered":"Selection Puppy Maxi &#038; Giant"},"content":{"rendered":"<div class=\"intro\">\n<div class=\"intro\">\n<div class=\"intro\">\n<div class=\"intro\">\n<div class=\"intro\">\n<div class=\"intro\">\n<p>Alimento completo y balanceado para perros cachorros de razas grandes y gigantes y para hembras en el tercio final de la gestaci\u00f3n y lactancia<\/p>\n<\/div>\n<\/div>\n<\/div>\n<\/div>\n<\/div>\n<\/div>\n<p><img decoding=\"async\" class=\"alignnone size-full wp-image-447\" src=\"https:\/\/vetsandpetstrading.com\/farmina-gt\/wp-content\/uploads\/sites\/17\/2024\/06\/90-0-0.png\" alt=\"\" width=\"651\" height=\"76\" srcset=\"https:\/\/vetsandpetstrading.com\/farmina-gt\/wp-content\/uploads\/sites\/17\/2024\/06\/90-0-0.png 651w, https:\/\/vetsandpetstrading.com\/farmina-gt\/wp-content\/uploads\/sites\/17\/2024\/06\/90-0-0-300x35.png 300w, https:\/\/vetsandpetstrading.com\/farmina-gt\/wp-content\/uploads\/sites\/17\/2024\/06\/90-0-0-600x70.png 600w\" sizes=\"(max-width: 651px) 100vw, 651px\" \/><\/p>\n<p><a class=\"button\" href=\"https:\/\/vetsandpetstrading.com\/farmina-gt\/wp-content\/uploads\/sites\/17\/2024\/06\/596_35_nd-ancestral-grain-canine-chicken-senior-mini.pdf\" target=\"_blank\" rel=\"noopener\">GU\u00cdA DE ALIMENTACI\u00d3N<\/a><\/p>\n<div class=\"attiva\">\n<div class=\"etichetta\">\n<div class=\"formato-linea\">\n<div class=\"attiva\">\n<div class=\"etichetta\">\n<div class=\"formato-linea\">\n<div class=\"attiva\">\n<div class=\"etichetta\">\n<div class=\"formato-linea\">\n<div class=\"attiva\">\n<div class=\"etichetta\">\n<div class=\"formato-linea\">\n<div class=\"attiva\">\n<div class=\"etichetta\">\n<div class=\"formato-linea\">\n<div class=\"attiva\">\n<div class=\"etichetta\">\n<div class=\"formato-linea\">\n<div class=\"attiva\">\n<div class=\"etichetta\">\n<div class=\"formato-linea\">\n<div class=\"attiva\">\n<div class=\"etichetta\">\n<div class=\"formato-linea\">\n<div class=\"attiva\">\n<div class=\"etichetta\">\n<div class=\"formato-linea\">DISPONIBLE EN FORMATOS DE 2,5KG<\/div>\n<\/div>\n<\/div>\n<\/div>\n<\/div>\n<\/div>\n<\/div>\n<\/div>\n<\/div>\n<\/div>\n<\/div>\n<\/div>\n<\/div>\n<\/div>\n<\/div>\n<\/div>\n<\/div>\n<\/div>\n<\/div>\n<\/div>\n<\/div>\n<\/div>\n<\/div>\n<\/div>\n<\/div>\n<\/div>\n<\/div>\n","protected":false},"excerpt":{"rendered":"<p>90\u202f% de Prote\u00edna de Origen Animal: Con cerca del 90\u202f% de las prote\u00ednas derivadas de fuentes animales, la f\u00f3rmula favorece el desarrollo muscular y la vitalidad.<\/p>\n<p>100\u202f% Libre de Ingredientes Gen\u00e9ticamente Modificados:<br \/>\nGarantiza una nutrici\u00f3n natural y de alta calidad.<\/p>\n<p>Cereales Ancestrales de Bajo \u00cdndice Gluc\u00e9mico: La cebada y la avena, cereales ancestrales presentes en la f\u00f3rmula, proporcionan energ\u00eda de forma gradual, ayudando a mantener niveles estables de az\u00facar en la sangre y contribuyendo a la prevenci\u00f3n de problemas como obesidad y diabetes.<\/p>\n<p>Sin colorantes ni aromas artificiales: Conservaci\u00f3n con ingredientes naturales, manteniendo la calidad del producto.<\/p>\n<p>Soporte Personalizado: Accede a un plan nutricional gratuito y recibe atenci\u00f3n directa con la Consultor\u00eda Nutricional Online de Farmina o a trav\u00e9s de la app Farmina Genius, garantizando un acompa\u00f1amiento adecuado para las necesidades de tu mascota con 100\u202f% de Garant\u00eda de Satisfacci\u00f3n.<\/p>\n","protected":false},"featured_media":680,"template":"","meta":{"site-sidebar-layout":"default","site-content-layout":"","ast-site-content-layout":"default","site-content-style":"default","site-sidebar-style":"default","ast-global-header-display":"","ast-banner-title-visibility":"","ast-main-header-display":"","ast-hfb-above-header-display":"","ast-hfb-below-header-display":"","ast-hfb-mobile-header-display":"","site-post-title":"","ast-breadcrumbs-content":"","ast-featured-img":"","footer-sml-layout":"","ast-disable-related-posts":"","theme-transparent-header-meta":"default","adv-header-id-meta":"","stick-header-meta":"","header-above-stick-meta":"","header-main-stick-meta":"","header-below-stick-meta":"","astra-migrate-meta-layouts":"set","ast-page-background-enabled":"default","ast-page-background-meta":{"desktop":{"background-color":"var(--ast-global-color-4)","background-image":"","background-repeat":"repeat","background-position":"center center","background-size":"auto","background-attachment":"scroll","background-type":"","background-media":"","overlay-type":"","overlay-color":"","overlay-opacity":"","overlay-gradient":""},"tablet":{"background-color":"","background-image":"","background-repeat":"repeat","background-position":"center center","background-size":"auto","background-attachment":"scroll","background-type":"","background-media":"","overlay-type":"","overlay-color":"","overlay-opacity":"","overlay-gradient":""},"mobile":{"background-color":"","background-image":"","background-repeat":"repeat","background-position":"center center","background-size":"auto","background-attachment":"scroll","background-type":"","background-media":"","overlay-type":"","overlay-color":"","overlay-opacity":"","overlay-gradient":""}},"ast-content-background-meta":{"desktop":{"background-color":"var(--ast-global-color-5)","background-image":"","background-repeat":"repeat","background-position":"center center","background-size":"auto","background-attachment":"scroll","background-type":"","background-media":"","overlay-type":"","overlay-color":"","overlay-opacity":"","overlay-gradient":""},"tablet":{"background-color":"var(--ast-global-color-5)","background-image":"","background-repeat":"repeat","background-position":"center center","background-size":"auto","background-attachment":"scroll","background-type":"","background-media":"","overlay-type":"","overlay-color":"","overlay-opacity":"","overlay-gradient":""},"mobile":{"background-color":"var(--ast-global-color-5)","background-image":"","background-repeat":"repeat","background-position":"center center","background-size":"auto","background-attachment":"scroll","background-type":"","background-media":"","overlay-type":"","overlay-color":"","overlay-opacity":"","overlay-gradient":""}},"_joinchat":[]},"product_brand":[],"product_cat":[24,25],"product_tag":[],"class_list":{"0":"post-679","1":"product","2":"type-product","3":"status-publish","4":"has-post-thumbnail","6":"product_cat-nd-ancestral","7":"product_cat-perros","8":"desktop-align-left","9":"tablet-align-left","10":"mobile-align-left","12":"first","13":"instock","14":"shipping-taxable","15":"product-type-simple"},"_links":{"self":[{"href":"https:\/\/vetsandpetstrading.com\/farmina-gt\/wp-json\/wp\/v2\/product\/679","targetHints":{"allow":["GET"]}}],"collection":[{"href":"https:\/\/vetsandpetstrading.com\/farmina-gt\/wp-json\/wp\/v2\/product"}],"about":[{"href":"https:\/\/vetsandpetstrading.com\/farmina-gt\/wp-json\/wp\/v2\/types\/product"}],"wp:featuredmedia":[{"embeddable":true,"href":"https:\/\/vetsandpetstrading.com\/farmina-gt\/wp-json\/wp\/v2\/media\/680"}],"wp:attachment":[{"href":"https:\/\/vetsandpetstrading.com\/farmina-gt\/wp-json\/wp\/v2\/media?parent=679"}],"wp:term":[{"taxonomy":"product_brand","embeddable":true,"href":"https:\/\/vetsandpetstrading.com\/farmina-gt\/wp-json\/wp\/v2\/product_brand?post=679"},{"taxonomy":"product_cat","embeddable":true,"href":"https:\/\/vetsandpetstrading.com\/farmina-gt\/wp-json\/wp\/v2\/product_cat?post=679"},{"taxonomy":"product_tag","embeddable":true,"href":"https:\/\/vetsandpetstrading.com\/farmina-gt\/wp-json\/wp\/v2\/product_tag?post=679"}],"curies":[{"name":"wp","href":"https:\/\/api.w.org\/{rel}","templated":true}]}}