{"id":716,"date":"2025-06-09T22:16:56","date_gmt":"2025-06-09T20:16:56","guid":{"rendered":"https:\/\/vetsandpetstrading.com\/farmina-gt\/?post_type=product&#038;p=716"},"modified":"2025-06-09T22:19:35","modified_gmt":"2025-06-09T20:19:35","slug":"convalescence-humedo","status":"publish","type":"product","link":"https:\/\/vetsandpetstrading.com\/farmina-gt\/producto\/convalescence-humedo\/","title":{"rendered":"Convalescence H\u00famedo"},"content":{"rendered":"<div class=\"intro\">\n<div class=\"intro\">\n<div class=\"intro\">\n<div class=\"intro\">\n<div class=\"intro\">\n<div class=\"intro\">\n<div class=\"intro\">\n<div class=\"intro\">\n<div class=\"intro\">\n<p>Recuperaci\u00f3n nutricional y convalecencia.<br \/>\nFarmina Vet Life Convalescence es un alimento diet\u00e9tico completo formulado para la recuperaci\u00f3n nutricional de perros adultos. Tambi\u00e9n est\u00e1 indicado para el tratamiento de pacientes debilitados por enfermedades espec\u00edficas o inespec\u00edficas.<\/p>\n<\/div>\n<\/div>\n<\/div>\n<\/div>\n<\/div>\n<\/div>\n<\/div>\n<\/div>\n<\/div>\n<p><img fetchpriority=\"high\" decoding=\"async\" class=\"alignnone wp-image-717 \" src=\"https:\/\/vetsandpetstrading.com\/farmina-gt\/wp-content\/uploads\/sites\/17\/2025\/06\/Captura-de-pantalla-2025-06-09-a-las-3.18.43\u202fp.m-1024x120.png\" alt=\"\" width=\"853\" height=\"100\" srcset=\"https:\/\/vetsandpetstrading.com\/farmina-gt\/wp-content\/uploads\/sites\/17\/2025\/06\/Captura-de-pantalla-2025-06-09-a-las-3.18.43\u202fp.m-1024x120.png 1024w, https:\/\/vetsandpetstrading.com\/farmina-gt\/wp-content\/uploads\/sites\/17\/2025\/06\/Captura-de-pantalla-2025-06-09-a-las-3.18.43\u202fp.m-300x35.png 300w, https:\/\/vetsandpetstrading.com\/farmina-gt\/wp-content\/uploads\/sites\/17\/2025\/06\/Captura-de-pantalla-2025-06-09-a-las-3.18.43\u202fp.m-768x90.png 768w, https:\/\/vetsandpetstrading.com\/farmina-gt\/wp-content\/uploads\/sites\/17\/2025\/06\/Captura-de-pantalla-2025-06-09-a-las-3.18.43\u202fp.m-600x70.png 600w, https:\/\/vetsandpetstrading.com\/farmina-gt\/wp-content\/uploads\/sites\/17\/2025\/06\/Captura-de-pantalla-2025-06-09-a-las-3.18.43\u202fp.m.png 1334w\" sizes=\"(max-width: 853px) 100vw, 853px\" \/><\/p>\n<p><a class=\"button\" href=\"https:\/\/www.farmina.com\/fotoprodotti\/dosi\/373_03_20210127-vetlife-wet-dog-convalescence-adult-table-300g@web.pdf\" target=\"_blank\" rel=\"noopener\">GU\u00cdA DE ALIMENTACI\u00d3N<\/a><\/p>\n<div class=\"attiva\">\n<div class=\"etichetta\">\n<div class=\"formato-linea\">\n<div class=\"attiva\">\n<div class=\"etichetta\">\n<div class=\"formato-linea\">\n<div class=\"attiva\">\n<div class=\"etichetta\">\n<div class=\"formato-linea\">\n<div class=\"attiva etichettavet\">\n<div class=\"etichetta\">\n<div class=\"formato-linea\">disponible en formatos de 300g<\/div>\n<\/div>\n<\/div>\n<\/div>\n<\/div>\n<\/div>\n<\/div>\n<\/div>\n<\/div>\n<\/div>\n<\/div>\n<\/div>\n","protected":false},"excerpt":{"rendered":"<p>N&amp;D Quinoa: Nutrici\u00f3n a Medida para Necesidades Diet\u00e9ticas Espec\u00edficas<\/p>\n<p>Desbloquea el poder de N&amp;D Quinoa Skin &amp; Coat, la dieta de sensibilidad alimentaria definitiva para cat Cient\u00edficamente formulado para cat que sufren alergias, intolerancias, picores o calenturas, garantizando al mismo tiempo una nutrici\u00f3n y satisfacci\u00f3n \u00f3ptimas.<\/p>\n<p>Beneficios Clave:<br \/>\n&#8211; Dieta de ingredientes limitados -Prote\u00edna \u00fanica y novedosa<br \/>\n&#8211; Alto contenido en Omega-3<br \/>\n&#8211; Bajo \u00edndice gluc\u00e9mico<\/p>\n<p>\u00bfPor qu\u00e9 elegir la quinoa N&amp;D?<br \/>\n&#8211; Calidad de confianza: Los ingredientes de origen regional cumplen las normas m\u00e1s exigentes.<br \/>\n&#8211; Nutrici\u00f3n a medida: Dise\u00f1ado por nutricionistas de animales para las sensibilidades alimentarias.<br \/>\n&#8211; Garant\u00eda de satisfacci\u00f3n del 100%: Experimenta una mayor vitalidad y bienestar.<\/p>\n","protected":false},"featured_media":718,"template":"","meta":{"site-sidebar-layout":"default","site-content-layout":"","ast-site-content-layout":"default","site-content-style":"default","site-sidebar-style":"default","ast-global-header-display":"","ast-banner-title-visibility":"","ast-main-header-display":"","ast-hfb-above-header-display":"","ast-hfb-below-header-display":"","ast-hfb-mobile-header-display":"","site-post-title":"","ast-breadcrumbs-content":"","ast-featured-img":"","footer-sml-layout":"","ast-disable-related-posts":"","theme-transparent-header-meta":"default","adv-header-id-meta":"","stick-header-meta":"","header-above-stick-meta":"","header-main-stick-meta":"","header-below-stick-meta":"","astra-migrate-meta-layouts":"set","ast-page-background-enabled":"default","ast-page-background-meta":{"desktop":{"background-color":"var(--ast-global-color-4)","background-image":"","background-repeat":"repeat","background-position":"center center","background-size":"auto","background-attachment":"scroll","background-type":"","background-media":"","overlay-type":"","overlay-color":"","overlay-opacity":"","overlay-gradient":""},"tablet":{"background-color":"","background-image":"","background-repeat":"repeat","background-position":"center center","background-size":"auto","background-attachment":"scroll","background-type":"","background-media":"","overlay-type":"","overlay-color":"","overlay-opacity":"","overlay-gradient":""},"mobile":{"background-color":"","background-image":"","background-repeat":"repeat","background-position":"center center","background-size":"auto","background-attachment":"scroll","background-type":"","background-media":"","overlay-type":"","overlay-color":"","overlay-opacity":"","overlay-gradient":""}},"ast-content-background-meta":{"desktop":{"background-color":"var(--ast-global-color-5)","background-image":"","background-repeat":"repeat","background-position":"center center","background-size":"auto","background-attachment":"scroll","background-type":"","background-media":"","overlay-type":"","overlay-color":"","overlay-opacity":"","overlay-gradient":""},"tablet":{"background-color":"var(--ast-global-color-5)","background-image":"","background-repeat":"repeat","background-position":"center center","background-size":"auto","background-attachment":"scroll","background-type":"","background-media":"","overlay-type":"","overlay-color":"","overlay-opacity":"","overlay-gradient":""},"mobile":{"background-color":"var(--ast-global-color-5)","background-image":"","background-repeat":"repeat","background-position":"center center","background-size":"auto","background-attachment":"scroll","background-type":"","background-media":"","overlay-type":"","overlay-color":"","overlay-opacity":"","overlay-gradient":""}},"_joinchat":[]},"product_brand":[],"product_cat":[25,30],"product_tag":[],"class_list":{"0":"post-716","1":"product","2":"type-product","3":"status-publish","4":"has-post-thumbnail","6":"product_cat-perros","7":"product_cat-vetlife","8":"desktop-align-left","9":"tablet-align-left","10":"mobile-align-left","12":"first","13":"instock","14":"shipping-taxable","15":"product-type-simple"},"_links":{"self":[{"href":"https:\/\/vetsandpetstrading.com\/farmina-gt\/wp-json\/wp\/v2\/product\/716","targetHints":{"allow":["GET"]}}],"collection":[{"href":"https:\/\/vetsandpetstrading.com\/farmina-gt\/wp-json\/wp\/v2\/product"}],"about":[{"href":"https:\/\/vetsandpetstrading.com\/farmina-gt\/wp-json\/wp\/v2\/types\/product"}],"wp:featuredmedia":[{"embeddable":true,"href":"https:\/\/vetsandpetstrading.com\/farmina-gt\/wp-json\/wp\/v2\/media\/718"}],"wp:attachment":[{"href":"https:\/\/vetsandpetstrading.com\/farmina-gt\/wp-json\/wp\/v2\/media?parent=716"}],"wp:term":[{"taxonomy":"product_brand","embeddable":true,"href":"https:\/\/vetsandpetstrading.com\/farmina-gt\/wp-json\/wp\/v2\/product_brand?post=716"},{"taxonomy":"product_cat","embeddable":true,"href":"https:\/\/vetsandpetstrading.com\/farmina-gt\/wp-json\/wp\/v2\/product_cat?post=716"},{"taxonomy":"product_tag","embeddable":true,"href":"https:\/\/vetsandpetstrading.com\/farmina-gt\/wp-json\/wp\/v2\/product_tag?post=716"}],"curies":[{"name":"wp","href":"https:\/\/api.w.org\/{rel}","templated":true}]}}