{"id":726,"date":"2025-06-09T22:33:19","date_gmt":"2025-06-09T20:33:19","guid":{"rendered":"https:\/\/vetsandpetstrading.com\/farmina-gt\/?post_type=product&#038;p=726"},"modified":"2025-06-09T22:35:29","modified_gmt":"2025-06-09T20:35:29","slug":"renal-humedo","status":"publish","type":"product","link":"https:\/\/vetsandpetstrading.com\/farmina-gt\/producto\/renal-humedo\/","title":{"rendered":"Renal H\u00famedo"},"content":{"rendered":"<div class=\"intro\">\n<div class=\"intro\">\n<div class=\"intro\">\n<div class=\"intro\">\n<div class=\"intro\">\n<div class=\"intro\">\n<div class=\"intro\">\n<div class=\"intro\">\n<div class=\"intro\">\n<p>Insuficiencia renal cr\u00f3nica o temporal; coadyuvante para el tratamiento de la insuficiencia cardiaca congestiva.<br \/>\nFarmina Vet Life Renal es un alimento diet\u00e9tico completo formulado para el soporte de la funci\u00f3n renal en perros con insuficiencia renal temporal o cr\u00f3nica.<\/p>\n<\/div>\n<\/div>\n<\/div>\n<\/div>\n<\/div>\n<\/div>\n<\/div>\n<\/div>\n<\/div>\n<p><img fetchpriority=\"high\" decoding=\"async\" class=\"alignnone wp-image-728 \" src=\"https:\/\/vetsandpetstrading.com\/farmina-gt\/wp-content\/uploads\/sites\/17\/2025\/06\/Captura-de-pantalla-2025-06-09-a-las-3.35.01\u202fp.m-1024x114.png\" alt=\"\" width=\"826\" height=\"92\" srcset=\"https:\/\/vetsandpetstrading.com\/farmina-gt\/wp-content\/uploads\/sites\/17\/2025\/06\/Captura-de-pantalla-2025-06-09-a-las-3.35.01\u202fp.m-1024x114.png 1024w, https:\/\/vetsandpetstrading.com\/farmina-gt\/wp-content\/uploads\/sites\/17\/2025\/06\/Captura-de-pantalla-2025-06-09-a-las-3.35.01\u202fp.m-300x33.png 300w, https:\/\/vetsandpetstrading.com\/farmina-gt\/wp-content\/uploads\/sites\/17\/2025\/06\/Captura-de-pantalla-2025-06-09-a-las-3.35.01\u202fp.m-768x85.png 768w, https:\/\/vetsandpetstrading.com\/farmina-gt\/wp-content\/uploads\/sites\/17\/2025\/06\/Captura-de-pantalla-2025-06-09-a-las-3.35.01\u202fp.m-600x67.png 600w, https:\/\/vetsandpetstrading.com\/farmina-gt\/wp-content\/uploads\/sites\/17\/2025\/06\/Captura-de-pantalla-2025-06-09-a-las-3.35.01\u202fp.m.png 1316w\" sizes=\"(max-width: 826px) 100vw, 826px\" \/><\/p>\n<p><a class=\"button\" href=\"https:\/\/www.farmina.com\/fotoprodotti\/dosi\/376_04_20210127-vetlife-wet-dog-renal-adult-table-300g@web.pdf\" target=\"_blank\" rel=\"noopener\">GU\u00cdA DE ALIMENTACI\u00d3N<\/a><\/p>\n<div class=\"attiva\">\n<div class=\"etichetta\">\n<div class=\"formato-linea\">\n<div class=\"attiva\">\n<div class=\"etichetta\">\n<div class=\"formato-linea\">\n<div class=\"attiva\">\n<div class=\"etichetta\">\n<div class=\"formato-linea\">\n<div class=\"attiva etichettavet\">\n<div class=\"etichetta\">\n<div class=\"formato-linea\">disponible en formatos de 300g<\/div>\n<\/div>\n<\/div>\n<\/div>\n<\/div>\n<\/div>\n<\/div>\n<\/div>\n<\/div>\n<\/div>\n<\/div>\n<\/div>\n","protected":false},"excerpt":{"rendered":"<p>Carne de pollo, batata, prote\u00edna de pescado hidrolizada, yema de huevo, extractos de semillas de quinoa, h\u00edgados de pollo, pescado (at\u00fan), aceite de pescado, carbonato de calcio, aceite de linaza, fructooligosac\u00e1ridos, cloruro de potasio, fibra de guisante, extracto de levadura (fuente de mananoligosac\u00e1ridos), levadura de cerveza desecada.<\/p>\n","protected":false},"featured_media":727,"template":"","meta":{"site-sidebar-layout":"default","site-content-layout":"","ast-site-content-layout":"default","site-content-style":"default","site-sidebar-style":"default","ast-global-header-display":"","ast-banner-title-visibility":"","ast-main-header-display":"","ast-hfb-above-header-display":"","ast-hfb-below-header-display":"","ast-hfb-mobile-header-display":"","site-post-title":"","ast-breadcrumbs-content":"","ast-featured-img":"","footer-sml-layout":"","ast-disable-related-posts":"","theme-transparent-header-meta":"default","adv-header-id-meta":"","stick-header-meta":"","header-above-stick-meta":"","header-main-stick-meta":"","header-below-stick-meta":"","astra-migrate-meta-layouts":"set","ast-page-background-enabled":"default","ast-page-background-meta":{"desktop":{"background-color":"var(--ast-global-color-4)","background-image":"","background-repeat":"repeat","background-position":"center center","background-size":"auto","background-attachment":"scroll","background-type":"","background-media":"","overlay-type":"","overlay-color":"","overlay-opacity":"","overlay-gradient":""},"tablet":{"background-color":"","background-image":"","background-repeat":"repeat","background-position":"center center","background-size":"auto","background-attachment":"scroll","background-type":"","background-media":"","overlay-type":"","overlay-color":"","overlay-opacity":"","overlay-gradient":""},"mobile":{"background-color":"","background-image":"","background-repeat":"repeat","background-position":"center center","background-size":"auto","background-attachment":"scroll","background-type":"","background-media":"","overlay-type":"","overlay-color":"","overlay-opacity":"","overlay-gradient":""}},"ast-content-background-meta":{"desktop":{"background-color":"var(--ast-global-color-5)","background-image":"","background-repeat":"repeat","background-position":"center center","background-size":"auto","background-attachment":"scroll","background-type":"","background-media":"","overlay-type":"","overlay-color":"","overlay-opacity":"","overlay-gradient":""},"tablet":{"background-color":"var(--ast-global-color-5)","background-image":"","background-repeat":"repeat","background-position":"center center","background-size":"auto","background-attachment":"scroll","background-type":"","background-media":"","overlay-type":"","overlay-color":"","overlay-opacity":"","overlay-gradient":""},"mobile":{"background-color":"var(--ast-global-color-5)","background-image":"","background-repeat":"repeat","background-position":"center center","background-size":"auto","background-attachment":"scroll","background-type":"","background-media":"","overlay-type":"","overlay-color":"","overlay-opacity":"","overlay-gradient":""}},"_joinchat":[]},"product_brand":[],"product_cat":[25,30],"product_tag":[],"class_list":{"0":"post-726","1":"product","2":"type-product","3":"status-publish","4":"has-post-thumbnail","6":"product_cat-perros","7":"product_cat-vetlife","8":"desktop-align-left","9":"tablet-align-left","10":"mobile-align-left","12":"first","13":"instock","14":"shipping-taxable","15":"product-type-simple"},"_links":{"self":[{"href":"https:\/\/vetsandpetstrading.com\/farmina-gt\/wp-json\/wp\/v2\/product\/726","targetHints":{"allow":["GET"]}}],"collection":[{"href":"https:\/\/vetsandpetstrading.com\/farmina-gt\/wp-json\/wp\/v2\/product"}],"about":[{"href":"https:\/\/vetsandpetstrading.com\/farmina-gt\/wp-json\/wp\/v2\/types\/product"}],"wp:featuredmedia":[{"embeddable":true,"href":"https:\/\/vetsandpetstrading.com\/farmina-gt\/wp-json\/wp\/v2\/media\/727"}],"wp:attachment":[{"href":"https:\/\/vetsandpetstrading.com\/farmina-gt\/wp-json\/wp\/v2\/media?parent=726"}],"wp:term":[{"taxonomy":"product_brand","embeddable":true,"href":"https:\/\/vetsandpetstrading.com\/farmina-gt\/wp-json\/wp\/v2\/product_brand?post=726"},{"taxonomy":"product_cat","embeddable":true,"href":"https:\/\/vetsandpetstrading.com\/farmina-gt\/wp-json\/wp\/v2\/product_cat?post=726"},{"taxonomy":"product_tag","embeddable":true,"href":"https:\/\/vetsandpetstrading.com\/farmina-gt\/wp-json\/wp\/v2\/product_tag?post=726"}],"curies":[{"name":"wp","href":"https:\/\/api.w.org\/{rel}","templated":true}]}}